{"id":47065,"date":"2024-07-30T19:06:10","date_gmt":"2024-09-12T12:56:10","guid":{"rendered":"https:\/\/staging.nbg.eu\/product\/iosso-ar-rifle-complete-cleaning-kit\/"},"modified":"2024-09-12T12:57:01","modified_gmt":"2024-09-12T12:57:01","slug":"surefire-kappa-ta-wara-ghad-dawl-scout","status":"publish","type":"product","link":"https:\/\/staging.nbg.eu\/mt\/product\/surefire-kappa-ta-wara-ghad-dawl-scout\/","title":{"rendered":"SureFire Kappa ta&#8217; Wara ghad-Dawl Scout"},"content":{"rendered":"<div class=\"product-description\">\n<h2>Iosso AR Rifle Kit ta&#8217; Tindif Komplet<\/h2>\n<p>\u017bomm l-arma tan-nar tieg\u0127ek f&#8217;kundizzjoni tajba b&#8217;dan il-kit ta&#8217; tindif. Karatteristi\u010bi:<\/p>\n<ul>\n<li>6 xkupilji li joqog\u0127du pre\u010bi\u017ci g\u0127al tindif bir-reqqa<\/li>\n<li>Inaddaf ir-Ri\u010bevitur ta&#8217; Fuq, il-Kamra, il-Carrier tal-Bolt, il-bore .223\/.30, it-Tubu ta\u010b-\u010aavetta, u t-Tubu tal-Gass<\/li>\n<li>Xkupilja tat-tubu tal-gass tnaddaf ming\u0127ajr \u017carmar<\/li>\n<li>Jinkludi l-g\u0127odod ne\u010bessarji kollha, virga, u \u0127abel<\/li>\n<li>Adattabbli: tajjeb g\u0127al pistoli, azzarini, u snieter<\/li>\n<li>Bor\u017ca tal-\u0121arr inklu\u017ca<\/li>\n<\/ul>\n<p>U\u017ca ma&#8217; Iosso Bore Cleaner u Triple Action Oil g\u0127al ri\u017cultati a\u0127jar (mibjug\u0127in separatament).<\/p>\n<\/div>\n","protected":false},"excerpt":{"rendered":"<p>Kitt komprensiv g\u0127at-tindif tar-rifle AR b&#8217;6 xkupilji u g\u0127odod essenzjali.<\/p>\n","protected":false},"featured_media":107641,"template":"","meta":{"_acf_changed":false},"product_brand":[11473],"product_cat":[1433,1588,1434],"product_tag":[],"class_list":{"0":"post-47065","1":"product","2":"type-product","3":"status-publish","4":"has-post-thumbnail","6":"product_brand-iosso","7":"product_cat-brushes-mt","8":"product_cat-cleaning-sets-mt","9":"product_cat-maintenance-mt","10":"pa_model-ar-308-mt","11":"pa_model-ar-15-mt","13":"first","14":"instock","15":"taxable","16":"shipping-taxable","17":"purchasable","18":"product-type-variable","19":"wvs-archive-product-wrapper"},"acf":[],"_links":{"self":[{"href":"https:\/\/staging.nbg.eu\/mt\/wp-json\/wp\/v2\/product\/47065","targetHints":{"allow":["GET"]}}],"collection":[{"href":"https:\/\/staging.nbg.eu\/mt\/wp-json\/wp\/v2\/product"}],"about":[{"href":"https:\/\/staging.nbg.eu\/mt\/wp-json\/wp\/v2\/types\/product"}],"wp:featuredmedia":[{"embeddable":true,"href":"https:\/\/staging.nbg.eu\/mt\/wp-json\/wp\/v2\/media\/107641"}],"wp:attachment":[{"href":"https:\/\/staging.nbg.eu\/mt\/wp-json\/wp\/v2\/media?parent=47065"}],"wp:term":[{"taxonomy":"product_brand","embeddable":true,"href":"https:\/\/staging.nbg.eu\/mt\/wp-json\/wp\/v2\/product_brand?post=47065"},{"taxonomy":"product_cat","embeddable":true,"href":"https:\/\/staging.nbg.eu\/mt\/wp-json\/wp\/v2\/product_cat?post=47065"},{"taxonomy":"product_tag","embeddable":true,"href":"https:\/\/staging.nbg.eu\/mt\/wp-json\/wp\/v2\/product_tag?post=47065"}],"curies":[{"name":"wp","href":"https:\/\/api.w.org\/{rel}","templated":true}]}}