{"id":46970,"date":"2024-07-30T19:11:42","date_gmt":"2024-09-12T12:43:12","guid":{"rendered":"https:\/\/staging.nbg.eu\/product\/surefire-scout-light-rear-cap\/"},"modified":"2024-09-12T12:44:01","modified_gmt":"2024-09-12T12:44:01","slug":"surefire-csm-07-switch-ghad-dawl-tal-armi","status":"publish","type":"product","link":"https:\/\/staging.nbg.eu\/mt\/product\/surefire-csm-07-switch-ghad-dawl-tal-armi\/","title":{"rendered":"SureFire CSM-07 Switch ghad-Dawl tal-Armi"},"content":{"rendered":"<div class=\"product-description\">\n<h2>G\u0126ATU TA&#8217; WARA SCOUT LIGHT SUREFIRE<\/h2>\n<p>A\u0121\u0121orna l-Scout Light tieg\u0127ek bl-G\u0126ATU TA&#8217; WARA SCOUT LIGHT SUREFIRE, assembla\u0121\u0121 ta&#8217; g\u0127atu ta&#8217; wara ta&#8217; sostituzzjoni ma\u0127sub g\u0127al versatilit\u00e0 u funzjonalit\u00e0 mtejba.<\/p>\n<h3>Karatteristi\u010bi Ewlenin:<\/h3>\n<ul>\n<li>Kompatibbli ma&#8217; swi\u010b\u010bijiet tat-tape SureFire (ST07 mhux inklu\u017c)<\/li>\n<li>Karatteristika ta&#8217; lock-out tipprevjeni attivazzjoni a\u010b\u010bidentali<\/li>\n<li>Kostruzzjoni tal-aluminju ta&#8217; grad aerospazjali<\/li>\n<li>Finitura anodizzata iebsa Mil-Spec Tip III<\/li>\n<li>Disponibbli f&#8217;Iswed jew Kannella De\u017cert<\/li>\n<\/ul>\n<p>Dan l-assembla\u0121\u0121 ta&#8217; g\u0127atu ta&#8217; wara jippermettilek tehme\u017c swi\u010b\u010b tat-tape SureFire, li jipprovdi aktar kontroll u flessibbilt\u00e0 matul operazzjonijiet tatti\u010bi. Il-karatteristika ta&#8217; lock-out ti\u017cgura s-sigurt\u00e0 waqt it-trasport u l-\u0127a\u017cna.<\/p>\n<h3>Kompatibbilt\u00e0:<\/h3>\n<p>Jaqbel ma&#8217; Scout Light WeaponLights u flashlights b&#8217;dijametru ta&#8217; swi\u010b\u010b ta&#8217; .75&#8243;, inklu\u017c:<\/p>\n<ul>\n<li>E1E-HA, E1B, E1L-HA-WH<\/li>\n<li>E2D-BK, E2DL-BK, E2L-HA-WH<\/li>\n<li>L4-HA-WH<\/li>\n<\/ul>\n<p><strong>Nota:<\/strong> Mhux kompatibbli ma&#8217; Micro Scout Light Pro<\/p>\n<p>Tejjeb il-prestazzjoni tal-Scout Light tieg\u0127ek b&#8217;dan l-assembla\u0121\u0121 ta&#8217; g\u0127atu ta&#8217; wara durabbli u versatili.<\/p>\n<\/div>\n","protected":false},"excerpt":{"rendered":"<p>Kappa ta&#8217; wara ta&#8217; sostituzzjoni g\u0127al-Lights Scout. Tippermetti l-u\u017cu ta&#8217; swi\u010b\u010b tat-tejp.<\/p>\n","protected":false},"featured_media":46971,"template":"","meta":{"_acf_changed":false},"product_brand":[11878],"product_cat":[1558,1559,642],"product_tag":[],"class_list":{"0":"post-46970","1":"product","2":"type-product","3":"status-publish","4":"has-post-thumbnail","6":"product_brand-surefire","7":"product_cat-light-accessories-mt","8":"product_cat-lights-mt","9":"product_cat-rifle-mt","11":"first","12":"instock","13":"taxable","14":"shipping-taxable","15":"purchasable","16":"product-type-variable","17":"wvs-archive-product-wrapper"},"acf":[],"_links":{"self":[{"href":"https:\/\/staging.nbg.eu\/mt\/wp-json\/wp\/v2\/product\/46970","targetHints":{"allow":["GET"]}}],"collection":[{"href":"https:\/\/staging.nbg.eu\/mt\/wp-json\/wp\/v2\/product"}],"about":[{"href":"https:\/\/staging.nbg.eu\/mt\/wp-json\/wp\/v2\/types\/product"}],"wp:featuredmedia":[{"embeddable":true,"href":"https:\/\/staging.nbg.eu\/mt\/wp-json\/wp\/v2\/media\/46971"}],"wp:attachment":[{"href":"https:\/\/staging.nbg.eu\/mt\/wp-json\/wp\/v2\/media?parent=46970"}],"wp:term":[{"taxonomy":"product_brand","embeddable":true,"href":"https:\/\/staging.nbg.eu\/mt\/wp-json\/wp\/v2\/product_brand?post=46970"},{"taxonomy":"product_cat","embeddable":true,"href":"https:\/\/staging.nbg.eu\/mt\/wp-json\/wp\/v2\/product_cat?post=46970"},{"taxonomy":"product_tag","embeddable":true,"href":"https:\/\/staging.nbg.eu\/mt\/wp-json\/wp\/v2\/product_tag?post=46970"}],"curies":[{"name":"wp","href":"https:\/\/api.w.org\/{rel}","templated":true}]}}