{"id":46638,"date":"2024-07-30T19:46:24","date_gmt":"2024-09-11T16:04:25","guid":{"rendered":"https:\/\/staging.nbg.eu\/product\/iosso-rifle-brush\/"},"modified":"2024-09-11T16:06:16","modified_gmt":"2024-09-11T16:06:16","slug":"xkupa-ghall-fucili","status":"publish","type":"product","link":"https:\/\/staging.nbg.eu\/mt\/product\/xkupa-ghall-fucili\/","title":{"rendered":"Xkupa ghall-Fucili"},"content":{"rendered":"<p>\nXkupilja tar-Rifle ta&#8217; lewn blu kobalt minn Iosso Products. Karatteristi\u010bi:<\/p>\n<ul>\n<li>Fibri aktar \u0127oxnin u iebsin g\u0127al tindif &#8216;il quddiem u lura<\/li>\n<li>Mibruma sew b&#8217;aktar fibri kull pulzier<\/li>\n<li>Tista&#8217; tintu\u017ca diversi drabi<\/li>\n<li>Ideali g\u0127all-u\u017cu mal-Iosso Bore Cleaner<\/li>\n<li>Tne\u0127\u0127i t-tipi kollha ta&#8217; \u0127mie\u0121<\/li>\n<li>Tnaqqas il-\u0127in tat-tindif b&#8217;mod sinifikanti<\/li>\n<\/ul>\n<p>Tindif effi\u010bjenti tal-bore.<\/p>\n","protected":false},"excerpt":{"rendered":"<p>Xkupilja tal-azzarin re\u017cistenti ta&#8217; kulur blu kobalt g\u0127al tindif effi\u010bjenti u fit-tul tal-kanna tar-rifle.<\/p>\n","protected":false},"featured_media":107427,"template":"","meta":{"_acf_changed":false},"product_brand":[11473],"product_cat":[1433,1434],"product_tag":[],"class_list":{"0":"post-46638","1":"product","2":"type-product","3":"status-publish","4":"has-post-thumbnail","6":"product_brand-iosso","7":"product_cat-brushes-mt","8":"product_cat-maintenance-mt","10":"first","11":"instock","12":"taxable","13":"shipping-taxable","14":"purchasable","15":"product-type-variable","16":"wvs-archive-product-wrapper"},"acf":[],"_links":{"self":[{"href":"https:\/\/staging.nbg.eu\/mt\/wp-json\/wp\/v2\/product\/46638","targetHints":{"allow":["GET"]}}],"collection":[{"href":"https:\/\/staging.nbg.eu\/mt\/wp-json\/wp\/v2\/product"}],"about":[{"href":"https:\/\/staging.nbg.eu\/mt\/wp-json\/wp\/v2\/types\/product"}],"wp:featuredmedia":[{"embeddable":true,"href":"https:\/\/staging.nbg.eu\/mt\/wp-json\/wp\/v2\/media\/107427"}],"wp:attachment":[{"href":"https:\/\/staging.nbg.eu\/mt\/wp-json\/wp\/v2\/media?parent=46638"}],"wp:term":[{"taxonomy":"product_brand","embeddable":true,"href":"https:\/\/staging.nbg.eu\/mt\/wp-json\/wp\/v2\/product_brand?post=46638"},{"taxonomy":"product_cat","embeddable":true,"href":"https:\/\/staging.nbg.eu\/mt\/wp-json\/wp\/v2\/product_cat?post=46638"},{"taxonomy":"product_tag","embeddable":true,"href":"https:\/\/staging.nbg.eu\/mt\/wp-json\/wp\/v2\/product_tag?post=46638"}],"curies":[{"name":"wp","href":"https:\/\/api.w.org\/{rel}","templated":true}]}}