{"id":46463,"date":"2024-07-31T20:54:52","date_gmt":"2024-09-11T15:53:07","guid":{"rendered":"https:\/\/staging.nbg.eu\/product\/shotgun-brush\/"},"modified":"2024-09-11T15:53:58","modified_gmt":"2024-09-11T15:53:58","slug":"munizzjoni-fox-65-creed-123-gr","status":"publish","type":"product","link":"https:\/\/staging.nbg.eu\/mt\/product\/munizzjoni-fox-65-creed-123-gr\/","title":{"rendered":"Munizzjoni Fox 6,5 Creed. &#8211; 123 gr"},"content":{"rendered":"<p>\nXkupilja tal-Ixkubetta ta&#8217; kulur blu ta&#8217; Iosso Products. Karatteristi\u010bi:<\/p>\n<ul>\n<li>Fibri e\u0127xen u aktar iebsin g\u0127al tindif &#8216;il quddiem u lura<\/li>\n<li>Marbuta sew b&#8217;aktar fibra kull pulzier<\/li>\n<li>Tista&#8217; tintu\u017ca diversi drabi<\/li>\n<li>Adattata g\u0127all-u\u017cu mal-Iosso Bore Cleaner<\/li>\n<li>Tne\u0127\u0127i t-tipi kollha ta&#8217; tni\u0121\u0121is<\/li>\n<li>Tnaqqas il-\u0127in tat-tindif<\/li>\n<\/ul>\n<p>Tindif effi\u010bjenti tal-bore.<\/p>\n","protected":false},"excerpt":{"rendered":"<p>Xkupilja tal-boru kobalt blu premium g\u0127al tindif effi\u010bjenti u bir-reqqa tal-senter.<\/p>\n","protected":false},"featured_media":46464,"template":"","meta":{"_acf_changed":false},"product_brand":[],"product_cat":[1433,1434],"product_tag":[],"class_list":{"0":"post-46463","1":"product","2":"type-product","3":"status-publish","4":"has-post-thumbnail","6":"product_cat-brushes-mt","7":"product_cat-maintenance-mt","9":"first","10":"instock","11":"taxable","12":"shipping-taxable","13":"purchasable","14":"product-type-variable","15":"wvs-archive-product-wrapper"},"acf":[],"_links":{"self":[{"href":"https:\/\/staging.nbg.eu\/mt\/wp-json\/wp\/v2\/product\/46463","targetHints":{"allow":["GET"]}}],"collection":[{"href":"https:\/\/staging.nbg.eu\/mt\/wp-json\/wp\/v2\/product"}],"about":[{"href":"https:\/\/staging.nbg.eu\/mt\/wp-json\/wp\/v2\/types\/product"}],"wp:featuredmedia":[{"embeddable":true,"href":"https:\/\/staging.nbg.eu\/mt\/wp-json\/wp\/v2\/media\/46464"}],"wp:attachment":[{"href":"https:\/\/staging.nbg.eu\/mt\/wp-json\/wp\/v2\/media?parent=46463"}],"wp:term":[{"taxonomy":"product_brand","embeddable":true,"href":"https:\/\/staging.nbg.eu\/mt\/wp-json\/wp\/v2\/product_brand?post=46463"},{"taxonomy":"product_cat","embeddable":true,"href":"https:\/\/staging.nbg.eu\/mt\/wp-json\/wp\/v2\/product_cat?post=46463"},{"taxonomy":"product_tag","embeddable":true,"href":"https:\/\/staging.nbg.eu\/mt\/wp-json\/wp\/v2\/product_tag?post=46463"}],"curies":[{"name":"wp","href":"https:\/\/api.w.org\/{rel}","templated":true}]}}