{"id":46096,"date":"2024-08-03T09:01:48","date_gmt":"2024-09-11T09:29:39","guid":{"rendered":"https:\/\/staging.nbg.eu\/product\/rh-sharky-iwb-holster\/"},"modified":"2024-09-11T09:30:44","modified_gmt":"2024-09-11T09:30:44","slug":"rh-classic-iwb-holster","status":"publish","type":"product","link":"https:\/\/staging.nbg.eu\/mt\/product\/rh-classic-iwb-holster\/","title":{"rendered":"RH Classic IWB Holster"},"content":{"rendered":"<p>Il-RH Sharky IWB Holster joffri \u0121arr mo\u0127bi. Il-karatteristi\u010bi jinkludu:<\/p>\n<ul>\n<li>Kostruzzjoni mag\u0127mula b&#8217;vacuum<\/li>\n<li>Klipp doppju g\u0127al qabda sigura<\/li>\n<li>Inklinazzjoni u g\u0127oli a\u0121\u0121ustabbli<\/li>\n<li>Jakkomoda miri red dot u kanen esti\u017ci<\/li>\n<li>Dwiefer integrat g\u0127al mo\u0127bi a\u0127jar<\/li>\n<li>A\u0121\u0121ustament tal-qabda g\u0127al qag\u0127da personalizzata<\/li>\n<\/ul>\n<p>Dan il-holster g\u0127al \u0121ewwa l-\u010binturin joffri kumdit\u00e0 u versatilit\u00e0.<\/p>\n","protected":false},"excerpt":{"rendered":"<p>Arma tal-\u0121ewwa tal-qalziet (IWB) sigura u a\u0121\u0121ustabbli g\u0127all-\u0121arr mo\u0127bi b&#8217;punt a\u0127mar.<\/p>\n","protected":false},"featured_media":46099,"template":"","meta":{"_acf_changed":false},"product_brand":[11637],"product_cat":[1025,1400],"product_tag":[],"class_list":{"0":"post-46096","1":"product","2":"type-product","3":"status-publish","4":"has-post-thumbnail","6":"product_brand-rh-holsters","7":"product_cat-holster-mt","8":"product_cat-tactical-holster-mt","9":"pa_clips-monoblock-mt","10":"pa_light-surefire-x300-ultra-a-mt","11":"pa_light-without-light-mt","12":"pa_model-glock-17-mt","13":"pa_model-glock-43x-mt","14":"pa_strong-hand-left-mt","15":"pa_strong-hand-right-mt","17":"first","18":"instock","19":"taxable","20":"shipping-taxable","21":"purchasable","22":"product-type-variable","23":"wvs-archive-product-wrapper"},"acf":[],"_links":{"self":[{"href":"https:\/\/staging.nbg.eu\/mt\/wp-json\/wp\/v2\/product\/46096","targetHints":{"allow":["GET"]}}],"collection":[{"href":"https:\/\/staging.nbg.eu\/mt\/wp-json\/wp\/v2\/product"}],"about":[{"href":"https:\/\/staging.nbg.eu\/mt\/wp-json\/wp\/v2\/types\/product"}],"wp:featuredmedia":[{"embeddable":true,"href":"https:\/\/staging.nbg.eu\/mt\/wp-json\/wp\/v2\/media\/46099"}],"wp:attachment":[{"href":"https:\/\/staging.nbg.eu\/mt\/wp-json\/wp\/v2\/media?parent=46096"}],"wp:term":[{"taxonomy":"product_brand","embeddable":true,"href":"https:\/\/staging.nbg.eu\/mt\/wp-json\/wp\/v2\/product_brand?post=46096"},{"taxonomy":"product_cat","embeddable":true,"href":"https:\/\/staging.nbg.eu\/mt\/wp-json\/wp\/v2\/product_cat?post=46096"},{"taxonomy":"product_tag","embeddable":true,"href":"https:\/\/staging.nbg.eu\/mt\/wp-json\/wp\/v2\/product_tag?post=46096"}],"curies":[{"name":"wp","href":"https:\/\/api.w.org\/{rel}","templated":true}]}}