{"id":45815,"date":"2024-08-03T14:31:50","date_gmt":"2024-09-10T15:01:13","guid":{"rendered":"https:\/\/staging.nbg.eu\/product\/rh-frogy-owb-holster\/"},"modified":"2024-09-10T15:02:16","modified_gmt":"2024-09-10T15:02:16","slug":"rh-frogy-owb-holster","status":"publish","type":"product","link":"https:\/\/staging.nbg.eu\/mt\/product\/rh-frogy-owb-holster\/","title":{"rendered":"# RH Frogy OWB Holster"},"content":{"rendered":"<div class=\"product-description\">\n<h2>Holster RH Frogy OWB<\/h2>\n<p>Esperjenza \u0121arr mo\u0127bi superjuri bil-Holster RH Frogy OWB. Iddisinjat g\u0127all-u\u017cu barra l-\u010binturin tal-qalziet, dan il-holster joffri:<\/p>\n<ul>\n<li>Kostruzzjoni unika b&#8217;karatteristika ta&#8217; pressjoni integrata g\u0127al mo\u0127bi a\u0127jar tal-arma<\/li>\n<li>Ilbies komdu b&#8217;disinn li jimla l-ispazju ta\u0127t i\u010b-\u010binturin g\u0127al po\u017cizzjonament stabbli<\/li>\n<li>Kydex ta&#8217; 2.5mm \u0127xuna vakwu-ppressat b&#8217;kustilji g\u0127al durabbilt\u00e0 u ebusija mtejba<\/li>\n<li>Truf illostrati bl-idejn g\u0127al kumdit\u00e0 massima<\/li>\n<li>Po\u017cizzjonament angolat tal-arma g\u0127al mo\u0127bi u \u0121bid a\u0127jar<\/li>\n<li>Qabda u inklinazzjoni a\u0121\u0121ustabbli<\/li>\n<li>Kompatibbli ma&#8217; red dots u kanen\/\u0127jut esti\u017ci<\/li>\n<\/ul>\n<p>Iffurmat bi pre\u010bi\u017cjoni u ma\u0127dum minn bi\u010b\u010ba wa\u0127da ta&#8217; Kydex, dan il-holster joffri mo\u0127bi u kumdit\u00e0 ottimali. Id-disinn miftu\u0127 tieg\u0127u jippermetti tindif fa\u010bli u jakkomoda modifiki varji tal-arma.<\/p>\n<\/div>\n","protected":false},"excerpt":{"rendered":"<p>Fundiera RH Frogy OWB: \u0120arr mo\u0127bi, komdu u a\u0121\u0121ustabbli tal-kydex.<\/p>\n","protected":false},"featured_media":45819,"template":"","meta":{"_acf_changed":false},"product_brand":[11637],"product_cat":[1025,1027,1400],"product_tag":[],"class_list":{"0":"post-45815","1":"product","2":"type-product","3":"status-publish","4":"has-post-thumbnail","6":"product_brand-rh-holsters","7":"product_cat-holster-mt","8":"product_cat-sport-holster-mt","9":"product_cat-tactical-holster-mt","10":"pa_belt-size-40mm-mt","11":"pa_model-glock-17-mt","12":"pa_model-glock-19-23-32-mt","13":"pa_strong-hand-right-mt","15":"first","16":"instock","17":"taxable","18":"shipping-taxable","19":"purchasable","20":"product-type-variable","21":"wvs-archive-product-wrapper"},"acf":[],"_links":{"self":[{"href":"https:\/\/staging.nbg.eu\/mt\/wp-json\/wp\/v2\/product\/45815","targetHints":{"allow":["GET"]}}],"collection":[{"href":"https:\/\/staging.nbg.eu\/mt\/wp-json\/wp\/v2\/product"}],"about":[{"href":"https:\/\/staging.nbg.eu\/mt\/wp-json\/wp\/v2\/types\/product"}],"wp:featuredmedia":[{"embeddable":true,"href":"https:\/\/staging.nbg.eu\/mt\/wp-json\/wp\/v2\/media\/45819"}],"wp:attachment":[{"href":"https:\/\/staging.nbg.eu\/mt\/wp-json\/wp\/v2\/media?parent=45815"}],"wp:term":[{"taxonomy":"product_brand","embeddable":true,"href":"https:\/\/staging.nbg.eu\/mt\/wp-json\/wp\/v2\/product_brand?post=45815"},{"taxonomy":"product_cat","embeddable":true,"href":"https:\/\/staging.nbg.eu\/mt\/wp-json\/wp\/v2\/product_cat?post=45815"},{"taxonomy":"product_tag","embeddable":true,"href":"https:\/\/staging.nbg.eu\/mt\/wp-json\/wp\/v2\/product_tag?post=45815"}],"curies":[{"name":"wp","href":"https:\/\/api.w.org\/{rel}","templated":true}]}}