{"id":45499,"date":"2024-08-16T17:52:19","date_gmt":"2024-09-10T14:31:30","guid":{"rendered":"https:\/\/staging.nbg.eu\/product\/rhh-backpack\/"},"modified":"2024-09-10T14:32:15","modified_gmt":"2024-09-10T14:32:15","slug":"aggustabbli-bklikk","status":"publish","type":"product","link":"https:\/\/staging.nbg.eu\/mt\/product\/aggustabbli-bklikk\/","title":{"rendered":"A\u0121\u0121ustabbli b&#8217;Klikk"},"content":{"rendered":"<div class=\"product-description\">\n<h2>Backpack tal-Isparar RHH<\/h2>\n<p>Imfassal minn sparaturi g\u0127al sparaturi, il-Backpack RHH huwa perfett g\u0127al ti\u0121rijiet ta&#8217; \u0121ranet multipli, kemm jekk qed tu\u017ca arma wa\u0127da jew tnejn.<\/p>\n<ul>\n<li>But prin\u010bipali tal-arma b&#8217;sistema ta&#8217; llokkjar g\u0127al a\u010b\u010bess fa\u010bli<\/li>\n<li>Jissodisfa r-regoli tal-IPSC<\/li>\n<li>Panel Velcro u rbit MOLLE g\u0127all-a\u010b\u010bessorji<\/li>\n<li>Spazju ta&#8217; \u0127a\u017cna ampju b&#8217;kompartimenti organizzati<\/li>\n<li>But tal-maga\u017cin jesa&#8217; maga\u017cini ta&#8217; 30 round b&#8217;pjan\u010bi tal-art esti\u017ci<\/li>\n<li>\u010aineg li jistg\u0127u jitne\u0127\u0127ew jservu wkoll b\u0127ala bor\u017ca tal-isparar<\/li>\n<\/ul>\n<p>Daqs: 100cm x 40cm x 20cm<br \/>\n  But tar-rifle: sa 95cm<br \/>\n  Pi\u017c: 2.9 Kg<\/p>\n<p>Ippakkja b&#8217;mod intelli\u0121enti, spara a\u0127jar bil-Backpack tal-Isparar RHH!<\/p>\n<\/div>\n","protected":false},"excerpt":{"rendered":"<p>Backpack RHH: Iddisinjata minn sparatur, versatili, lest g\u0127al ti\u0121rijiet ta&#8217; diversi jiem.<\/p>\n","protected":false},"featured_media":22677,"template":"","meta":{"_acf_changed":false},"product_brand":[11637],"product_cat":[369],"product_tag":[],"class_list":{"0":"post-45499","1":"product","2":"type-product","3":"status-publish","4":"has-post-thumbnail","6":"product_brand-rh-holsters","7":"product_cat-uncategorized","9":"first","10":"instock","11":"taxable","12":"shipping-taxable","13":"purchasable","14":"product-type-simple"},"acf":[],"_links":{"self":[{"href":"https:\/\/staging.nbg.eu\/mt\/wp-json\/wp\/v2\/product\/45499","targetHints":{"allow":["GET"]}}],"collection":[{"href":"https:\/\/staging.nbg.eu\/mt\/wp-json\/wp\/v2\/product"}],"about":[{"href":"https:\/\/staging.nbg.eu\/mt\/wp-json\/wp\/v2\/types\/product"}],"wp:featuredmedia":[{"embeddable":true,"href":"https:\/\/staging.nbg.eu\/mt\/wp-json\/wp\/v2\/media\/22677"}],"wp:attachment":[{"href":"https:\/\/staging.nbg.eu\/mt\/wp-json\/wp\/v2\/media?parent=45499"}],"wp:term":[{"taxonomy":"product_brand","embeddable":true,"href":"https:\/\/staging.nbg.eu\/mt\/wp-json\/wp\/v2\/product_brand?post=45499"},{"taxonomy":"product_cat","embeddable":true,"href":"https:\/\/staging.nbg.eu\/mt\/wp-json\/wp\/v2\/product_cat?post=45499"},{"taxonomy":"product_tag","embeddable":true,"href":"https:\/\/staging.nbg.eu\/mt\/wp-json\/wp\/v2\/product_tag?post=45499"}],"curies":[{"name":"wp","href":"https:\/\/api.w.org\/{rel}","templated":true}]}}