{"id":45048,"date":"2024-08-18T09:29:43","date_gmt":"2024-08-18T09:29:43","guid":{"rendered":"https:\/\/staging.nbg.eu\/product\/daa-primer-tube-cap-5-pack\/"},"modified":"2024-09-10T12:24:03","modified_gmt":"2024-09-10T12:24:03","slug":"glosdef","status":"publish","type":"product","link":"https:\/\/staging.nbg.eu\/mt\/product\/glosdef\/","title":{"rendered":"glos_def"},"content":{"rendered":"<p>\n<strong>Tapp tal-Kappa tat-Tubu tal-Primer DAA, Pakkett ta&#8217; 5<\/strong><br \/>\nTappijiet tat-tarf tal-lastku tas-silikon mag\u0127mula apposta g\u0127al tubi tal-primer ta&#8217; 8mm. Jipprevjenu tixrid meta jintu\u017caw apparat ta&#8217; mili rapidu. Fa\u010bli biex tu\u017cahom: \u017cer\u017caq fuq, po\u0121\u0121i \u010batt. L-ebda aktar t\u0127arbix tal-primer!<\/p>\n<ul>\n<li>Joqg\u0127od fuq il-bi\u010b\u010ba l-kbira tat-tubi tar-reloader<\/li>\n<li>Kompatibbli ma&#8217; DAA Primer-Pro u apparat ie\u0127or ta&#8217; mili<\/li>\n<li>Kulur: A\u0127mar<\/li>\n<li>Pakkett ta&#8217; 5<\/li>\n<\/ul>\n<p>\u017bomm il-primers tieg\u0127ek siguri b&#8217;dawn it-tappijiet komdi!<\/p>\n","protected":false},"excerpt":{"rendered":"<p>Tubi ta&#8217; primer ta&#8217; 8mm siguri b&#8217;g\u0127otjien tas-silikon li jitpo\u0121\u0121ew fa\u010bilment u ma jnixxux.<\/p>\n","protected":false},"featured_media":26736,"template":"","meta":{"_acf_changed":false},"product_brand":[11279],"product_cat":[1076,1232],"product_tag":[],"class_list":{"0":"post-45048","1":"product","2":"type-product","3":"status-publish","4":"has-post-thumbnail","6":"product_brand-doublealpha","7":"product_cat-reloading-mt","8":"product_cat-reloading-accessories-mt","10":"first","11":"outofstock","12":"taxable","13":"shipping-taxable","14":"purchasable","15":"product-type-simple"},"acf":[],"_links":{"self":[{"href":"https:\/\/staging.nbg.eu\/mt\/wp-json\/wp\/v2\/product\/45048","targetHints":{"allow":["GET"]}}],"collection":[{"href":"https:\/\/staging.nbg.eu\/mt\/wp-json\/wp\/v2\/product"}],"about":[{"href":"https:\/\/staging.nbg.eu\/mt\/wp-json\/wp\/v2\/types\/product"}],"wp:featuredmedia":[{"embeddable":true,"href":"https:\/\/staging.nbg.eu\/mt\/wp-json\/wp\/v2\/media\/26736"}],"wp:attachment":[{"href":"https:\/\/staging.nbg.eu\/mt\/wp-json\/wp\/v2\/media?parent=45048"}],"wp:term":[{"taxonomy":"product_brand","embeddable":true,"href":"https:\/\/staging.nbg.eu\/mt\/wp-json\/wp\/v2\/product_brand?post=45048"},{"taxonomy":"product_cat","embeddable":true,"href":"https:\/\/staging.nbg.eu\/mt\/wp-json\/wp\/v2\/product_cat?post=45048"},{"taxonomy":"product_tag","embeddable":true,"href":"https:\/\/staging.nbg.eu\/mt\/wp-json\/wp\/v2\/product_tag?post=45048"}],"curies":[{"name":"wp","href":"https:\/\/api.w.org\/{rel}","templated":true}]}}