{"id":44938,"date":"2024-08-18T09:31:43","date_gmt":"2024-08-18T09:31:43","guid":{"rendered":"https:\/\/staging.nbg.eu\/product\/daa-reloading-hex-key-set\/"},"modified":"2024-09-10T11:35:53","modified_gmt":"2024-09-10T11:35:53","slug":"glossarju","status":"publish","type":"product","link":"https:\/\/staging.nbg.eu\/mt\/product\/glossarju\/","title":{"rendered":"Glossarju"},"content":{"rendered":"<p>Tejjeb l-esperjenza tieg\u0127ek tar-rikarikament bil-DAA Reloading Hex Key Set. Dan is-sett ta&#8217; 7 bi\u010b\u010biet ta&#8217; \u010bwievet Allen twal b&#8217;tarf ta&#8217; ballun jinkludi:<\/p>\n<ul>\n<li>Kostruzzjoni ta&#8217; kwalit\u00e0 g\u0127olja<\/li>\n<li>Spalel miksija bil-vinil a\u0127mar \u010bar g\u0127all-vi\u017cibilit\u00e0<\/li>\n<li>Perfett g\u0127al Dillon u preses o\u0127ra mag\u0127mula fl-Istati Uniti<\/li>\n<li>Daqsijiet: 5\/64&#8243;, 3\/32&#8243;, 1\/8&#8243;, 9\/64&#8243;, 5\/32&#8243;, 3\/16&#8243;, 1\/4&#8243;<\/li>\n<\/ul>\n<p>Sie\u0127eb ideali g\u0127ad-DAA Reloading-Press Tool Holder.<\/p>\n","protected":false},"excerpt":{"rendered":"<p>Sett ta&#8217; 7 imfieta\u0127 Allen b&#8217;tarf tond g\u0127all-preses tar-rikargar tal-Istati Uniti. Vinil a\u0127mar.<\/p>\n","protected":false},"featured_media":27150,"template":"","meta":{"_acf_changed":false},"product_brand":[11279],"product_cat":[1076,1232],"product_tag":[],"class_list":{"0":"post-44938","1":"product","2":"type-product","3":"status-publish","4":"has-post-thumbnail","6":"product_brand-doublealpha","7":"product_cat-reloading-mt","8":"product_cat-reloading-accessories-mt","10":"first","11":"outofstock","12":"taxable","13":"shipping-taxable","14":"purchasable","15":"product-type-simple"},"acf":[],"_links":{"self":[{"href":"https:\/\/staging.nbg.eu\/mt\/wp-json\/wp\/v2\/product\/44938","targetHints":{"allow":["GET"]}}],"collection":[{"href":"https:\/\/staging.nbg.eu\/mt\/wp-json\/wp\/v2\/product"}],"about":[{"href":"https:\/\/staging.nbg.eu\/mt\/wp-json\/wp\/v2\/types\/product"}],"wp:featuredmedia":[{"embeddable":true,"href":"https:\/\/staging.nbg.eu\/mt\/wp-json\/wp\/v2\/media\/27150"}],"wp:attachment":[{"href":"https:\/\/staging.nbg.eu\/mt\/wp-json\/wp\/v2\/media?parent=44938"}],"wp:term":[{"taxonomy":"product_brand","embeddable":true,"href":"https:\/\/staging.nbg.eu\/mt\/wp-json\/wp\/v2\/product_brand?post=44938"},{"taxonomy":"product_cat","embeddable":true,"href":"https:\/\/staging.nbg.eu\/mt\/wp-json\/wp\/v2\/product_cat?post=44938"},{"taxonomy":"product_tag","embeddable":true,"href":"https:\/\/staging.nbg.eu\/mt\/wp-json\/wp\/v2\/product_tag?post=44938"}],"curies":[{"name":"wp","href":"https:\/\/api.w.org\/{rel}","templated":true}]}}