{"id":44916,"date":"2024-08-18T09:32:43","date_gmt":"2024-08-18T09:32:43","guid":{"rendered":"https:\/\/staging.nbg.eu\/product\/daa-toolhead-led-lighting-controller-unit\/"},"modified":"2024-09-10T11:30:56","modified_gmt":"2024-09-10T11:30:56","slug":"daa-toolhead-led-lighting-controller-unit","status":"publish","type":"product","link":"https:\/\/staging.nbg.eu\/mt\/product\/daa-toolhead-led-lighting-controller-unit\/","title":{"rendered":"Daa Toolhead Led Lighting Controller Unit"},"content":{"rendered":"<h2>Unit\u00e0 ta&#8217; Kontroll tad-Dawl LED g\u0127al Ras tal-G\u0127odda DAA<\/h2>\n<p>Dawwal l-ispazju tax-xog\u0127ol tieg\u0127ek bi pre\u010bi\u017cjoni! Dan il-kontrollur versatili j\u0127addem id-dwal kollha LED tar-ras tal-g\u0127odda DAA, minn bords b&#8217;4 LEDs sa bords Mark7 b&#8217;10 LEDs. Il-karatteristi\u010bi jinkludu:<\/p>\n<ul>\n<li>Elettronika intelli\u0121enti g\u0127all-identifikazzjoni awtomatika tal-bord<\/li>\n<li>Disinn kompatt b&#8217;swi\u010b\u010b ON\/OFF bir-romblu u dimmer<\/li>\n<li>Kejbil ta&#8217; konnessjoni ta&#8217; 30cm<\/li>\n<li>Tab Velcro g\u0127al immuntar fa\u010bli<\/li>\n<li>Provvista tal-elettriku ta&#8217; 110\/220V b&#8217;kejbil ta&#8217; 2M u prongs tal-US\/UE<\/li>\n<\/ul>\n<p>Ottimizza s-setup tad-dawl tieg\u0127ek b&#8217;dan l-a\u010b\u010bessorju essenzjali!<\/p>\n","protected":false},"excerpt":{"rendered":"<p>Kontrollur LED versatili b&#8217;dimmer g\u0127ad-dawl ta&#8217; magna tal-ikkargjar mill-\u0121did.<\/p>\n","protected":false},"featured_media":27196,"template":"","meta":{"_acf_changed":false},"product_brand":[11279],"product_cat":[1076,1232],"product_tag":[],"class_list":{"0":"post-44916","1":"product","2":"type-product","3":"status-publish","4":"has-post-thumbnail","6":"product_brand-doublealpha","7":"product_cat-reloading-mt","8":"product_cat-reloading-accessories-mt","10":"first","11":"outofstock","12":"taxable","13":"shipping-taxable","14":"purchasable","15":"product-type-simple"},"acf":[],"_links":{"self":[{"href":"https:\/\/staging.nbg.eu\/mt\/wp-json\/wp\/v2\/product\/44916","targetHints":{"allow":["GET"]}}],"collection":[{"href":"https:\/\/staging.nbg.eu\/mt\/wp-json\/wp\/v2\/product"}],"about":[{"href":"https:\/\/staging.nbg.eu\/mt\/wp-json\/wp\/v2\/types\/product"}],"wp:featuredmedia":[{"embeddable":true,"href":"https:\/\/staging.nbg.eu\/mt\/wp-json\/wp\/v2\/media\/27196"}],"wp:attachment":[{"href":"https:\/\/staging.nbg.eu\/mt\/wp-json\/wp\/v2\/media?parent=44916"}],"wp:term":[{"taxonomy":"product_brand","embeddable":true,"href":"https:\/\/staging.nbg.eu\/mt\/wp-json\/wp\/v2\/product_brand?post=44916"},{"taxonomy":"product_cat","embeddable":true,"href":"https:\/\/staging.nbg.eu\/mt\/wp-json\/wp\/v2\/product_cat?post=44916"},{"taxonomy":"product_tag","embeddable":true,"href":"https:\/\/staging.nbg.eu\/mt\/wp-json\/wp\/v2\/product_tag?post=44916"}],"curies":[{"name":"wp","href":"https:\/\/api.w.org\/{rel}","templated":true}]}}