{"id":44894,"date":"2024-08-18T09:33:06","date_gmt":"2024-08-18T09:33:06","guid":{"rendered":"https:\/\/staging.nbg.eu\/product\/daa-hard-case-medium-300\/"},"modified":"2024-09-10T11:27:01","modified_gmt":"2024-09-10T11:27:01","slug":"daa-hard-case-medium-300","status":"publish","type":"product","link":"https:\/\/staging.nbg.eu\/mt\/product\/daa-hard-case-medium-300\/","title":{"rendered":"Daa Hard Case Medium &#8211; 300"},"content":{"rendered":"<div class=\"product-description\">\n<h2>DAA Kaxxa Iebsa Medja &#8211; 300<\/h2>\n<p>Il-Kaxxa Iebsa Medja-300 ta&#8217; DAA \u010bertifikata IP67 toffri protezzjoni bla paragun g\u0127all-armi tan-nar u t-tag\u0127mir prezzju\u017c tieg\u0127ek. Imfassla g\u0127ad-durabilit\u00e0 u l-affidabilit\u00e0, din il-kaxxa hija perfetta g\u0127al diversi applikazzjonijiet, inklu\u017c g\u0127all-ba\u0127ar, il-fotografija, il-ka\u010b\u010ba, u aktar.<\/p>\n<h3>Karatteristi\u010bi Ewlenin:<\/h3>\n<ul>\n<li>Si\u0121ill impermeabbli u valvola awtomatika ta&#8217; rilaxx tal-pressjoni<\/li>\n<li>Lukketti b&#8217;\u017cew\u0121 saffi u toqob g\u0127all-katnazz g\u0127as-sigurt\u00e0<\/li>\n<li>Sistema ta&#8217; interlocking li tista&#8217; tistakkja<\/li>\n<li>Fowm intern Pick N Pluck g\u0127al protezzjoni personalizzata<\/li>\n<li>Disponibbli fl-Iswed jew fl-Oran\u0121jo<\/li>\n<\/ul>\n<h3>Spe\u010bifikazzjonijiet:<\/h3>\n<ul>\n<li>Dimensjonijiet esterni: 336 x 300 x 148 mm<\/li>\n<li>Dimensjonijiet interni: 300 x 225 x 132 mm<\/li>\n<li>Pi\u017c: 1.75 kg<\/li>\n<\/ul>\n<p>Ideali g\u0127at-trasport ta&#8217; armi tan-nar, il-Kaxxa Iebsa Medja-300 ta&#8217; DAA ti\u017cgura li t-tag\u0127mir prezzju\u017c tieg\u0127ek jibqa&#8217; sikur u protett f&#8217;kull ambjent.<\/p>\n<\/div>\n","protected":false},"excerpt":{"rendered":"<p>Kaxxa IP67 re\u017cistenti g\u0127all-armi tan-nar. Re\u017cistenti g\u0127all-ilma, re\u017cistenti g\u0127at-trab, re\u017cistenti g\u0127all-impatti.<\/p>\n","protected":false},"featured_media":27219,"template":"","meta":{"_acf_changed":false},"product_brand":[11279],"product_cat":[565],"product_tag":[],"class_list":{"0":"post-44894","1":"product","2":"type-product","3":"status-publish","4":"has-post-thumbnail","6":"product_brand-doublealpha","7":"product_cat-gear-mt","9":"first","10":"outofstock","11":"taxable","12":"shipping-taxable","13":"purchasable","14":"product-type-simple"},"acf":[],"_links":{"self":[{"href":"https:\/\/staging.nbg.eu\/mt\/wp-json\/wp\/v2\/product\/44894","targetHints":{"allow":["GET"]}}],"collection":[{"href":"https:\/\/staging.nbg.eu\/mt\/wp-json\/wp\/v2\/product"}],"about":[{"href":"https:\/\/staging.nbg.eu\/mt\/wp-json\/wp\/v2\/types\/product"}],"wp:featuredmedia":[{"embeddable":true,"href":"https:\/\/staging.nbg.eu\/mt\/wp-json\/wp\/v2\/media\/27219"}],"wp:attachment":[{"href":"https:\/\/staging.nbg.eu\/mt\/wp-json\/wp\/v2\/media?parent=44894"}],"wp:term":[{"taxonomy":"product_brand","embeddable":true,"href":"https:\/\/staging.nbg.eu\/mt\/wp-json\/wp\/v2\/product_brand?post=44894"},{"taxonomy":"product_cat","embeddable":true,"href":"https:\/\/staging.nbg.eu\/mt\/wp-json\/wp\/v2\/product_cat?post=44894"},{"taxonomy":"product_tag","embeddable":true,"href":"https:\/\/staging.nbg.eu\/mt\/wp-json\/wp\/v2\/product_tag?post=44894"}],"curies":[{"name":"wp","href":"https:\/\/api.w.org\/{rel}","templated":true}]}}