{"id":44806,"date":"2024-08-18T09:35:16","date_gmt":"2024-08-18T09:35:16","guid":{"rendered":"https:\/\/staging.nbg.eu\/product\/daa-4-pack-magnetic-collars-for-primer-tube\/"},"modified":"2024-09-10T11:05:57","modified_gmt":"2024-09-10T11:05:57","slug":"daa-4-pack-magnetic-collars-gal-primer-tube","status":"publish","type":"product","link":"https:\/\/staging.nbg.eu\/mt\/product\/daa-4-pack-magnetic-collars-gal-primer-tube\/","title":{"rendered":"Daa 4-Pack Magnetic Collars G\u0127al Primer Tube"},"content":{"rendered":"<div class=\"product-description\">\n<h2>DAA 4-Pack Kullari Manjeti\u010bi G\u0127at-Tubi tal-Primers<\/h2>\n<p>\u017bid l-effi\u010bjenza tar-riloading tieg\u0127ek bil-Kullari Manjeti\u010bi DAA 4-Pack, iddisinjati spe\u010bifikament g\u0127all-u\u017cu mat-tubi tal-pickup ta&#8217; Dillon u l-kollatur tal-primers PRIMER-PRO.<\/p>\n<ul>\n<li>Is-sett jinkludi 4 kullari tal-polimer b&#8217;kalamiti sikuri u viti ta&#8217; ssettjar<\/li>\n<li>Kompatibbli mat-tubi tal-primers ta&#8217; Dillon<\/li>\n<li>Ideali biex timla minn qabel diversi tubi qabel is-sessjonijiet tar-riloading<\/li>\n<li>Jelimina l-\u0127tie\u0121a li tmur spiss lura g\u0127all-unit\u00e0 PRIMER-PRO<\/li>\n<li>Kompliment perfett g\u0127all-PRIMER-PRO, li ji\u0121i b&#8217;Kullar Manjetiku wie\u0127ed<\/li>\n<\/ul>\n<p><strong>Nota:<\/strong> It-tubi tal-primers MHUMIEX inklu\u017ci.<\/p>\n<p>Ottimizza l-fluss tax-xog\u0127ol tar-riloading tieg\u0127ek u ffranka l-\u0127in b&#8217;dawn il-Kullari Manjeti\u010bi addizzjonali, li jippermettulek tipprepara diversi tubi tal-primers minn qabel.<\/p>\n<\/div>\n","protected":false},"excerpt":{"rendered":"<p>4 kullarini manjeti\u010bi g\u0127at-tubi tal-primers ta&#8217; Dillon. U\u017ca mal-PRIMER-PRO.<\/p>\n","protected":false},"featured_media":27357,"template":"","meta":{"_acf_changed":false},"product_brand":[11279],"product_cat":[1076,1232],"product_tag":[],"class_list":{"0":"post-44806","1":"product","2":"type-product","3":"status-publish","4":"has-post-thumbnail","6":"product_brand-doublealpha","7":"product_cat-reloading-mt","8":"product_cat-reloading-accessories-mt","10":"first","11":"outofstock","12":"taxable","13":"shipping-taxable","14":"purchasable","15":"product-type-simple"},"acf":[],"_links":{"self":[{"href":"https:\/\/staging.nbg.eu\/mt\/wp-json\/wp\/v2\/product\/44806","targetHints":{"allow":["GET"]}}],"collection":[{"href":"https:\/\/staging.nbg.eu\/mt\/wp-json\/wp\/v2\/product"}],"about":[{"href":"https:\/\/staging.nbg.eu\/mt\/wp-json\/wp\/v2\/types\/product"}],"wp:featuredmedia":[{"embeddable":true,"href":"https:\/\/staging.nbg.eu\/mt\/wp-json\/wp\/v2\/media\/27357"}],"wp:attachment":[{"href":"https:\/\/staging.nbg.eu\/mt\/wp-json\/wp\/v2\/media?parent=44806"}],"wp:term":[{"taxonomy":"product_brand","embeddable":true,"href":"https:\/\/staging.nbg.eu\/mt\/wp-json\/wp\/v2\/product_brand?post=44806"},{"taxonomy":"product_cat","embeddable":true,"href":"https:\/\/staging.nbg.eu\/mt\/wp-json\/wp\/v2\/product_cat?post=44806"},{"taxonomy":"product_tag","embeddable":true,"href":"https:\/\/staging.nbg.eu\/mt\/wp-json\/wp\/v2\/product_tag?post=44806"}],"curies":[{"name":"wp","href":"https:\/\/api.w.org\/{rel}","templated":true}]}}