{"id":44784,"date":"2024-08-18T09:35:34","date_gmt":"2024-08-18T09:35:34","guid":{"rendered":"https:\/\/staging.nbg.eu\/product\/mr-bulletfeeder-pro-dropper-assembly-9-38s\/"},"modified":"2024-09-10T10:59:11","modified_gmt":"2024-09-10T10:59:11","slug":"mr-bulletfeeder-pro-dropper-assembly-938s","status":"publish","type":"product","link":"https:\/\/staging.nbg.eu\/mt\/product\/mr-bulletfeeder-pro-dropper-assembly-938s\/","title":{"rendered":"Mr. Bulletfeeder Pro Dropper Assembly 9\/38S"},"content":{"rendered":"<p>A\u0121\u0121orna s-setup tar-rikarika tieg\u0127ek bil-<strong>Mr. Bulletfeeder Pro Dropper Assembly 9\/38S<\/strong>. Dan il-komponent imtejjeb jinkludi:<\/p>\n<ul>\n<li>Prestazzjoni mtejba m\u0127addma bil-gravit\u00e0<\/li>\n<li>Sezzjoni tal-brass b&#8217;tul doppju g\u0127al pi\u017c u affidabilit\u00e0 akbar<\/li>\n<li>Sezzjoni tad-die kollha tal-azzar g\u0127al durabilit\u00e0 mi\u017cjuda<\/li>\n<li>Jipprevjeni xkiel ikkaw\u017cat mit-tensjoni tal-molla tal-alimentazzjoni jew frizzjoni<\/li>\n<li>Iddisinjat g\u0127al min jikarika volumi g\u0127oljin<\/li>\n<\/ul>\n<p>Esperjenza alimentazzjoni tal-balal konsistenti u effi\u010bjenti b&#8217;dan id-dropper assembly ta&#8217; grad professjonali.<\/p>\n","protected":false},"excerpt":{"rendered":"<p>Dropper imtejjeb u itqal g\u0127al alimentazzjoni affidabbli tal-balal. Partijiet tal-azzar g\u0127al durabbilt\u00e0.<\/p>\n","protected":false},"featured_media":27380,"template":"","meta":{"_acf_changed":false},"product_brand":[11279],"product_cat":[1076,1232],"product_tag":[],"class_list":{"0":"post-44784","1":"product","2":"type-product","3":"status-publish","4":"has-post-thumbnail","6":"product_brand-doublealpha","7":"product_cat-reloading-mt","8":"product_cat-reloading-accessories-mt","10":"first","11":"outofstock","12":"taxable","13":"shipping-taxable","14":"purchasable","15":"product-type-simple"},"acf":[],"_links":{"self":[{"href":"https:\/\/staging.nbg.eu\/mt\/wp-json\/wp\/v2\/product\/44784","targetHints":{"allow":["GET"]}}],"collection":[{"href":"https:\/\/staging.nbg.eu\/mt\/wp-json\/wp\/v2\/product"}],"about":[{"href":"https:\/\/staging.nbg.eu\/mt\/wp-json\/wp\/v2\/types\/product"}],"wp:featuredmedia":[{"embeddable":true,"href":"https:\/\/staging.nbg.eu\/mt\/wp-json\/wp\/v2\/media\/27380"}],"wp:attachment":[{"href":"https:\/\/staging.nbg.eu\/mt\/wp-json\/wp\/v2\/media?parent=44784"}],"wp:term":[{"taxonomy":"product_brand","embeddable":true,"href":"https:\/\/staging.nbg.eu\/mt\/wp-json\/wp\/v2\/product_brand?post=44784"},{"taxonomy":"product_cat","embeddable":true,"href":"https:\/\/staging.nbg.eu\/mt\/wp-json\/wp\/v2\/product_cat?post=44784"},{"taxonomy":"product_tag","embeddable":true,"href":"https:\/\/staging.nbg.eu\/mt\/wp-json\/wp\/v2\/product_tag?post=44784"}],"curies":[{"name":"wp","href":"https:\/\/api.w.org\/{rel}","templated":true}]}}