{"id":44714,"date":"2024-08-18T09:36:21","date_gmt":"2024-08-18T09:36:21","guid":{"rendered":"https:\/\/staging.nbg.eu\/product\/ced-deluxe-quick-patch-tape-gun\/"},"modified":"2024-09-10T09:16:13","modified_gmt":"2024-09-10T09:16:13","slug":"ced-deluxe-quick-patch-tape-gun","status":"publish","type":"product","link":"https:\/\/staging.nbg.eu\/mt\/product\/ced-deluxe-quick-patch-tape-gun\/","title":{"rendered":"Ced Deluxe Quick Patch Tape Gun"},"content":{"rendered":"<p>Qed nippre\u253c\u017centaw il-Pistola tat-Tape CED Deluxe Quick Patch: Is-soluzzjoni ultimata biex tirran\u0121a t-toqob fil-miri!<\/p>\n<ul>\n<li>Aktar velo\u010bi u fa\u010bli mill-irran\u0121ar manwali<\/li>\n<li>Kompatibbli mal-bi\u010b\u010ba l-kbira tal-patches tad-daqs s\u0127i\u0127<\/li>\n<li>Operazzjoni sempli\u010bi ta&#8217; g\u0127afis u rilaxx<\/li>\n<li>Fa\u010bli biex timmira, tu\u017ca, u ter\u0121a&#8217; timla<\/li>\n<li>I\u017c\u017cid l-effi\u010bjenza u tiffranka l-\u0127in<\/li>\n<li>Divertenti u ming\u0127ajr sforz biex tu\u017caha<\/li>\n<\/ul>\n<p>A\u0121\u0121orna l-prattika tal-miri tieg\u0127ek bil-Pistola tat-Tape CED Deluxe &#8211; l-g\u0127odda kollha f&#8217;wa\u0127da g\u0127al irran\u0121ar velo\u010bi u effi\u010bjenti!<\/p>\n","protected":false},"excerpt":{"rendered":"<p>G\u0127odda effi\u010bjenti g\u0127at-tiswija tal-miri. Fa\u010bli biex tu\u017caha, tg\u0127abbiha, u timmira. Divertenti!<\/p>\n","protected":false},"featured_media":27518,"template":"","meta":{"_acf_changed":false},"product_brand":[11279],"product_cat":[1151,1152,1153],"product_tag":[],"class_list":{"0":"post-44714","1":"product","2":"type-product","3":"status-publish","4":"has-post-thumbnail","6":"product_brand-doublealpha","7":"product_cat-paper-targets-mt","8":"product_cat-patches-patchguns-mt","9":"product_cat-targets-mt","11":"first","12":"instock","13":"taxable","14":"shipping-taxable","15":"purchasable","16":"product-type-simple"},"acf":[],"_links":{"self":[{"href":"https:\/\/staging.nbg.eu\/mt\/wp-json\/wp\/v2\/product\/44714","targetHints":{"allow":["GET"]}}],"collection":[{"href":"https:\/\/staging.nbg.eu\/mt\/wp-json\/wp\/v2\/product"}],"about":[{"href":"https:\/\/staging.nbg.eu\/mt\/wp-json\/wp\/v2\/types\/product"}],"wp:featuredmedia":[{"embeddable":true,"href":"https:\/\/staging.nbg.eu\/mt\/wp-json\/wp\/v2\/media\/27518"}],"wp:attachment":[{"href":"https:\/\/staging.nbg.eu\/mt\/wp-json\/wp\/v2\/media?parent=44714"}],"wp:term":[{"taxonomy":"product_brand","embeddable":true,"href":"https:\/\/staging.nbg.eu\/mt\/wp-json\/wp\/v2\/product_brand?post=44714"},{"taxonomy":"product_cat","embeddable":true,"href":"https:\/\/staging.nbg.eu\/mt\/wp-json\/wp\/v2\/product_cat?post=44714"},{"taxonomy":"product_tag","embeddable":true,"href":"https:\/\/staging.nbg.eu\/mt\/wp-json\/wp\/v2\/product_tag?post=44714"}],"curies":[{"name":"wp","href":"https:\/\/api.w.org\/{rel}","templated":true}]}}