{"id":44574,"date":"2024-08-18T09:38:38","date_gmt":"2024-08-18T09:38:38","guid":{"rendered":"https:\/\/staging.nbg.eu\/product\/daa-primer-pro-collator-small-primer\/"},"modified":"2024-09-10T08:47:17","modified_gmt":"2024-09-10T08:47:17","slug":"daa-primer-pro-collator-primer-zgir","status":"publish","type":"product","link":"https:\/\/staging.nbg.eu\/mt\/product\/daa-primer-pro-collator-primer-zgir\/","title":{"rendered":"Daa Primer-Pro Collator Primer \u017bg\u0127ir"},"content":{"rendered":"<h2>Daa Primer-Pro Collator g\u0127al Primers \u017bg\u0127ar<\/h2>\n<p>Irrivoluzzjona l-pro\u010bess tar-riloading tieg\u0127ek bil-PRIMER-PRO minn Double-Alpha! Dan l-apparat innovattiv u b&#8217;patent pendenti joffri soluzzjoni unika g\u0127all-immani\u0121\u0121jar ta&#8217; primers \u017cg\u0127ar tar-rifles u l-pistoli.<\/p>\n<ul>\n<li>Disinn effi\u010bjenti tat-tip collator b&#8217;20 kanal iffurmat bi pre\u010bi\u017cjoni<\/li>\n<li>Sistema affidabbli ta&#8217; rifjut li ti\u017cgura l-orjentazzjoni korretta tal-primers<\/li>\n<li>Sensur ottiku li jg\u0127odd il-primers u jieqaf f&#8217;100<\/li>\n<li>Prevenzjoni intelli\u0121enti ta&#8217; intasamenti u ri\u017coluzzjoni fa\u010bli tal-problemi<\/li>\n<li>Output Actuator Arm innovattiv g\u0127al tqeg\u0127id lixxa tal-primers<\/li>\n<li>Jinkludi Magnetic Collar wie\u0127ed g\u0127at-Tubu tal-Primers Dillon<\/li>\n<li>Provvista tal-ener\u0121ija ta&#8217; 12V DC b&#8217;adapters g\u0127all-US\/EU u kejbil ta&#8217; 2m<\/li>\n<\/ul>\n<p>Nota: It-tubu tal-primers mhux inklu\u017c. Magnetic Collars addizzjonali huma disponibbli separatament.<\/p>\n","protected":false},"excerpt":{"rendered":"<p>Kollatur ta&#8217; primerijiet \u017cg\u0127ir, effi\u010bjenti u affidabbli g\u0127al rikarikament velo\u010bi.<\/p>\n","protected":false},"featured_media":28208,"template":"","meta":{"_acf_changed":false},"product_brand":[11279],"product_cat":[1076,1077],"product_tag":[],"class_list":{"0":"post-44574","1":"product","2":"type-product","3":"status-publish","4":"has-post-thumbnail","6":"product_brand-doublealpha","7":"product_cat-reloading-mt","8":"product_cat-reloading-machines-mt","10":"first","11":"outofstock","12":"taxable","13":"shipping-taxable","14":"purchasable","15":"product-type-simple"},"acf":[],"_links":{"self":[{"href":"https:\/\/staging.nbg.eu\/mt\/wp-json\/wp\/v2\/product\/44574","targetHints":{"allow":["GET"]}}],"collection":[{"href":"https:\/\/staging.nbg.eu\/mt\/wp-json\/wp\/v2\/product"}],"about":[{"href":"https:\/\/staging.nbg.eu\/mt\/wp-json\/wp\/v2\/types\/product"}],"wp:featuredmedia":[{"embeddable":true,"href":"https:\/\/staging.nbg.eu\/mt\/wp-json\/wp\/v2\/media\/28208"}],"wp:attachment":[{"href":"https:\/\/staging.nbg.eu\/mt\/wp-json\/wp\/v2\/media?parent=44574"}],"wp:term":[{"taxonomy":"product_brand","embeddable":true,"href":"https:\/\/staging.nbg.eu\/mt\/wp-json\/wp\/v2\/product_brand?post=44574"},{"taxonomy":"product_cat","embeddable":true,"href":"https:\/\/staging.nbg.eu\/mt\/wp-json\/wp\/v2\/product_cat?post=44574"},{"taxonomy":"product_tag","embeddable":true,"href":"https:\/\/staging.nbg.eu\/mt\/wp-json\/wp\/v2\/product_tag?post=44574"}],"curies":[{"name":"wp","href":"https:\/\/api.w.org\/{rel}","templated":true}]}}