{"id":44548,"date":"2024-08-18T09:38:53","date_gmt":"2024-08-18T09:38:53","guid":{"rendered":"https:\/\/staging.nbg.eu\/product\/alpha-xi-pouch-without-inlay\/"},"modified":"2024-09-10T08:39:48","modified_gmt":"2024-09-10T08:39:48","slug":"alpha-xi-pouch-mingajr-inlay","status":"publish","type":"product","link":"https:\/\/staging.nbg.eu\/mt\/product\/alpha-xi-pouch-mingajr-inlay\/","title":{"rendered":"Alpha-Xi Pouch Ming\u0127ajr Inlay"},"content":{"rendered":"<h2>Pouch Alpha-Xi Ming\u0127ajr Inforra &#8211; Lest<\/h2>\n<p>Qed nippre\u017centaw il-Pouch tal-Magazin Alpha-Xi, disinn rivoluzzjonarju fl-apparat tattiku. Dan il-pouch jinkludi:<\/p>\n<ul>\n<li>Durabilit\u00e0 mtejba b&#8217;konnessjoni ta&#8217; vit b&#8217;ras wiesg\u0127a apposta<\/li>\n<li>8 punti ta&#8217; konnessjoni versatili g\u0127al po\u017cizzjonament ottimali<\/li>\n<li>Tliet g\u0127a\u017cliet ta&#8217; g\u0127oli kemm g\u0127al sparaturi tal-lemin kif ukoll tax-xellug<\/li>\n<li>\u017bew\u0121 g\u0127a\u017cliet ta&#8217; g\u0127oli g\u0127al immuntar bil-balal &#8216;il barra<\/li>\n<li>Inga\u0121\u0121 tas-sit ta\u010b-\u010bavetta g\u0127al stabbilt\u00e0 soda<\/li>\n<\/ul>\n<p>Il-konnessjoni mtejba tal-\u0121onta sferika tal-Alpha-Xi ti\u017cgura sa\u0127\u0127a bla precedent, anke f&#8217;kundizzjonijiet intensi. Kemm jekk qed tmur prone jew qed tinnaviga ostakli, dan il-pouch jilqa&#8217; l-isfida. Esperjenza l-livell li jmiss ta&#8217; \u0121arr tal-magazin mal-Pouch Alpha-Xi &#8211; durabilit\u00e0 u flessibilit\u00e0 definiti mill-\u0121did.<\/p>\n<p><strong>Nota:<\/strong> Din il-ver\u017cjoni ma tinkludix inforra.<\/p>\n","protected":false},"excerpt":{"rendered":"<p>Bor\u017ca tal-magazines re\u017cistenti b&#8217;irbit tal-\u010bintorin bi \u0121onta sferika avvanzata.<\/p>\n","protected":false},"featured_media":28277,"template":"","meta":{"_acf_changed":false},"product_brand":[11279],"product_cat":[565,1025,1211,566,1027],"product_tag":[],"class_list":{"0":"post-44548","1":"product","2":"type-product","3":"status-publish","4":"has-post-thumbnail","6":"product_brand-doublealpha","7":"product_cat-gear-mt","8":"product_cat-holster-mt","9":"product_cat-magazine-holders-mt","10":"product_cat-pouches-mt","11":"product_cat-sport-holster-mt","13":"first","14":"instock","15":"taxable","16":"shipping-taxable","17":"purchasable","18":"product-type-simple"},"acf":[],"_links":{"self":[{"href":"https:\/\/staging.nbg.eu\/mt\/wp-json\/wp\/v2\/product\/44548","targetHints":{"allow":["GET"]}}],"collection":[{"href":"https:\/\/staging.nbg.eu\/mt\/wp-json\/wp\/v2\/product"}],"about":[{"href":"https:\/\/staging.nbg.eu\/mt\/wp-json\/wp\/v2\/types\/product"}],"wp:featuredmedia":[{"embeddable":true,"href":"https:\/\/staging.nbg.eu\/mt\/wp-json\/wp\/v2\/media\/28277"}],"wp:attachment":[{"href":"https:\/\/staging.nbg.eu\/mt\/wp-json\/wp\/v2\/media?parent=44548"}],"wp:term":[{"taxonomy":"product_brand","embeddable":true,"href":"https:\/\/staging.nbg.eu\/mt\/wp-json\/wp\/v2\/product_brand?post=44548"},{"taxonomy":"product_cat","embeddable":true,"href":"https:\/\/staging.nbg.eu\/mt\/wp-json\/wp\/v2\/product_cat?post=44548"},{"taxonomy":"product_tag","embeddable":true,"href":"https:\/\/staging.nbg.eu\/mt\/wp-json\/wp\/v2\/product_tag?post=44548"}],"curies":[{"name":"wp","href":"https:\/\/api.w.org\/{rel}","templated":true}]}}