{"id":44526,"date":"2024-08-18T09:39:07","date_gmt":"2024-08-18T09:39:07","guid":{"rendered":"https:\/\/staging.nbg.eu\/product\/daa-pcc-magzine-pouch-type-glock\/"},"modified":"2024-09-10T08:33:30","modified_gmt":"2024-09-10T08:33:30","slug":"daa-pcc-pouch-gal-magazin-tip-glock","status":"publish","type":"product","link":"https:\/\/staging.nbg.eu\/mt\/product\/daa-pcc-pouch-gal-magazin-tip-glock\/","title":{"rendered":"Daa Pcc Pouch g\u0127al Maga\u017cin &#8211; Tip Glock"},"content":{"rendered":"<h2>DAA PCC \u0126a\u017cna tal-Maga\u017cin &#8211; Tip Glock<\/h2>\n<p>G\u0127olli l-livell tal-log\u0127ba tieg\u0127ek bil-Pistol Caliber Carbine (PCC) bil-\u0126a\u017cna tal-Maga\u017cin DAA PCC, iddisinjata spe\u010bifikament g\u0127all-maga\u017cini Glock. Din il-\u0127a\u017cna mibnija apposta tindirizza l-isfidi uni\u010bi tal-kompetizzjonijiet IPSC u USPSA.<\/p>\n<ul>\n<li>Kostruzzjoni b&#8217;sa\u0127\u0127itha ta&#8217; najlon rinforzat bil-fibra<\/li>\n<li>Disinn twil \u0127afna (12cm\/4.75&#8243;) g\u0127al \u017camma sigura ta&#8217; maga\u017cini ta&#8217; 40-50 tir<\/li>\n<li>Forza ta&#8217; \u017camma a\u0121\u0121ustabbli b&#8217;\u017cew\u0121 viti<\/li>\n<li>Tieqa maqtug\u0127a fuq quddiem g\u0127al \u0121bid aktar mg\u0127a\u0121\u0121el<\/li>\n<li>Xifer ta&#8217; fuq immewwe\u0121 g\u0127al rikariki aktar velo\u010bi<\/li>\n<li>Disinn ambidestru b&#8217;diversi po\u017cizzjonijiet ta&#8217; g\u0127oli<\/li>\n<li>Konnessjoni b&#8217;\u0121og tal-ballun kbir g\u0127al durabbilt\u00e0<\/li>\n<li>I\u017comm il-maga\u017cini bil-balal jippuntaw lura g\u0127al rikariki &#8220;fist-grab&#8221;<\/li>\n<\/ul>\n<p>Ottimizza l-prestazzjoni tal-PCC tieg\u0127ek b&#8217;din il-\u0127a\u017cna tal-maga\u017cin mibnija apposta minn Double-Alpha.<\/p>\n","protected":false},"excerpt":{"rendered":"<p>\u0126olster tal-Munizzjon PCC g\u0127al Glock: Mag\u0127mul apposta, sigur, rikarika velo\u010bi.<\/p>\n","protected":false},"featured_media":28415,"template":"","meta":{"_acf_changed":false},"product_brand":[11279],"product_cat":[565,1211,566,1027],"product_tag":[],"class_list":{"0":"post-44526","1":"product","2":"type-product","3":"status-publish","4":"has-post-thumbnail","6":"product_brand-doublealpha","7":"product_cat-gear-mt","8":"product_cat-magazine-holders-mt","9":"product_cat-pouches-mt","10":"product_cat-sport-holster-mt","12":"first","13":"outofstock","14":"taxable","15":"shipping-taxable","16":"purchasable","17":"product-type-simple"},"acf":[],"_links":{"self":[{"href":"https:\/\/staging.nbg.eu\/mt\/wp-json\/wp\/v2\/product\/44526","targetHints":{"allow":["GET"]}}],"collection":[{"href":"https:\/\/staging.nbg.eu\/mt\/wp-json\/wp\/v2\/product"}],"about":[{"href":"https:\/\/staging.nbg.eu\/mt\/wp-json\/wp\/v2\/types\/product"}],"wp:featuredmedia":[{"embeddable":true,"href":"https:\/\/staging.nbg.eu\/mt\/wp-json\/wp\/v2\/media\/28415"}],"wp:attachment":[{"href":"https:\/\/staging.nbg.eu\/mt\/wp-json\/wp\/v2\/media?parent=44526"}],"wp:term":[{"taxonomy":"product_brand","embeddable":true,"href":"https:\/\/staging.nbg.eu\/mt\/wp-json\/wp\/v2\/product_brand?post=44526"},{"taxonomy":"product_cat","embeddable":true,"href":"https:\/\/staging.nbg.eu\/mt\/wp-json\/wp\/v2\/product_cat?post=44526"},{"taxonomy":"product_tag","embeddable":true,"href":"https:\/\/staging.nbg.eu\/mt\/wp-json\/wp\/v2\/product_tag?post=44526"}],"curies":[{"name":"wp","href":"https:\/\/api.w.org\/{rel}","templated":true}]}}