{"id":44348,"date":"2024-08-18T19:23:04","date_gmt":"2024-09-10T07:48:47","guid":{"rendered":"https:\/\/staging.nbg.eu\/product\/d%d0%b0%d0%b0-ratchet-inner-belt\/"},"modified":"2024-09-10T07:49:41","modified_gmt":"2024-09-10T07:49:41","slug":"assemblagg-aluminju-gal-holster-flex-lhrh","status":"publish","type":"product","link":"https:\/\/staging.nbg.eu\/mt\/product\/assemblagg-aluminju-gal-holster-flex-lhrh\/","title":{"rendered":"Assembla\u0121\u0121 Aluminju g\u0127al Holster Flex Lh\/Rh"},"content":{"rendered":"<h2>\u010ainturin ta&#8217; \u0120ewwa DAA Ratchet<\/h2>\n<p>Esperjenza kumdit\u00e0 bla paragun bil-\u010ainturin ta&#8217; \u0120ewwa DAA Ratchet innovattiv. B&#8217;sezzjoni unika li tista&#8217; titwaqqaf imfassla biex toqg\u0127od ta\u0127t ir-ratchet, dan i\u010b-\u010binturin jelimina punti ta&#8217; pressjoni skomdi hekk kif tissikka u tqassar i\u010b-\u010binturin ta&#8217; barra.<\/p>\n<ul>\n<li>Sezzjoni li tista&#8217; titwaqqaf ming\u0127ajr qalba tal-plastik jew Velcro biex tintewa fa\u010bilment<\/li>\n<li>Truf appuntati g\u0127al tg\u0127adija ming\u0127ajr sforz minn \u0121ol-\u0127oloq tal-qalziet<\/li>\n<li>Kumdit\u00e0 superjuri meta mqabbla ma&#8217; \u010binturini ta&#8217; \u0121ewwa tradizzjonali<\/li>\n<li>Mag\u0127mul bl-istess materjali ta&#8217; kwalit\u00e0 g\u0127olja b\u0127a\u010b-\u010binturini ta&#8217; \u0121ewwa standard DAA<\/li>\n<\/ul>\n<p>G\u0127id addiju lill-iskumdit\u00e0 kkaw\u017cata minn materjali iebsa li ma jintnewx fa\u010bilment. I\u010b-\u010ainturin ta&#8217; \u0120ewwa DAA Ratchet ji\u017cgura qag\u0127da tajba ming\u0127ajr ma jikkomprometti l-kumdit\u00e0, u jag\u0127mlu l-g\u0127a\u017cla perfetta g\u0127al utenti esigenti li jridu l-aqwa fit-teknolo\u0121ija ta\u010b-\u010binturini.<\/p>\n","protected":false},"excerpt":{"rendered":"<p>\u010ainturin ta&#8217; \u0121ewwa komdu b&#8217;sezzjoni li tista&#8217; ti\u010bkien g\u0127al bokkli tar-ratchet.<\/p>\n","protected":false},"featured_media":29059,"template":"","meta":{"_acf_changed":false},"product_brand":[11279],"product_cat":[565,1106],"product_tag":[],"class_list":{"0":"post-44348","1":"product","2":"type-product","3":"status-publish","4":"has-post-thumbnail","6":"product_brand-doublealpha","7":"product_cat-gear-mt","8":"product_cat-sports-belts-mt","10":"first","11":"instock","12":"taxable","13":"shipping-taxable","14":"purchasable","15":"product-type-variable","16":"wvs-archive-product-wrapper"},"acf":[],"_links":{"self":[{"href":"https:\/\/staging.nbg.eu\/mt\/wp-json\/wp\/v2\/product\/44348","targetHints":{"allow":["GET"]}}],"collection":[{"href":"https:\/\/staging.nbg.eu\/mt\/wp-json\/wp\/v2\/product"}],"about":[{"href":"https:\/\/staging.nbg.eu\/mt\/wp-json\/wp\/v2\/types\/product"}],"wp:featuredmedia":[{"embeddable":true,"href":"https:\/\/staging.nbg.eu\/mt\/wp-json\/wp\/v2\/media\/29059"}],"wp:attachment":[{"href":"https:\/\/staging.nbg.eu\/mt\/wp-json\/wp\/v2\/media?parent=44348"}],"wp:term":[{"taxonomy":"product_brand","embeddable":true,"href":"https:\/\/staging.nbg.eu\/mt\/wp-json\/wp\/v2\/product_brand?post=44348"},{"taxonomy":"product_cat","embeddable":true,"href":"https:\/\/staging.nbg.eu\/mt\/wp-json\/wp\/v2\/product_cat?post=44348"},{"taxonomy":"product_tag","embeddable":true,"href":"https:\/\/staging.nbg.eu\/mt\/wp-json\/wp\/v2\/product_tag?post=44348"}],"curies":[{"name":"wp","href":"https:\/\/api.w.org\/{rel}","templated":true}]}}