{"id":44215,"date":"2024-08-18T19:27:11","date_gmt":"2024-09-10T07:41:46","guid":{"rendered":"https:\/\/staging.nbg.eu\/product\/flex-holster-lh-rh-aluminum-assembly\/"},"modified":"2024-09-10T07:42:37","modified_gmt":"2024-09-10T07:42:37","slug":"bore-tech-swabs-tal-qoton-pakkett-ta-100","status":"publish","type":"product","link":"https:\/\/staging.nbg.eu\/mt\/product\/bore-tech-swabs-tal-qoton-pakkett-ta-100\/","title":{"rendered":"Bore Tech SWABS TAL-QOTON &#8211; PAKKETT TA&#8217; 100"},"content":{"rendered":"<h2>Flex Holster Xellug\/Lemin Assembla\u0121\u0121 tal-Aluminju<\/h2>\n<p>Il-Flex Holster huwa holster ta&#8217; kwalit\u00e0 premium, ta&#8217; livell ta&#8217; kompetizzjoni ddisinjat g\u0127al \u010binturini wisg\u0127in 1.5&#8243;, perfettament kompatibbli ma&#8217; \u010binturini DAA LYNX u Premium. Il-karatteristi\u010bi ewlenin jinkludu:<\/p>\n<ul>\n<li>Kostruzzjoni tal-aluminju kompletament immanifatturata bis-CNC g\u0127al ri\u0121idit\u00e0 u durabbilt\u00e0 bla paragun<\/li>\n<li>Dendiela ta\u010b-\u010binturin li tista&#8217; titne\u0127\u0127a g\u0127al ivvja\u0121\u0121ar u \u0127\u017cin fa\u010bli<\/li>\n<li>Sistema innovattiva ta&#8217; a\u0121\u0121ustament tal-inklinazzjoni g\u0127al kumdit\u00e0 personalizzata<\/li>\n<li>Pad tal-koxxa inklu\u017c g\u0127al stabbilt\u00e0 mtejba<\/li>\n<\/ul>\n<p>L-g\u0127a\u017cliet uni\u010bi ta&#8217; inklinazzjoni jippermettulek tippo\u017cizzjona l-holster vertikalment jew f&#8217;angoli varji, li ji\u017cguraw kumdit\u00e0 ottimali irrispettivament mit-tip tal-\u0121isem jew il-po\u017cizzjoni ta\u010b-\u010binturin. Esperjenza l-aqwa f&#8217;personalizzazzjoni u prestazzjoni bil-Flex Holster.<\/p>\n","protected":false},"excerpt":{"rendered":"<p>\u0126olster tal-aluminju CNC re\u017cistenti b&#8217;inklinazzjoni a\u0121\u0121ustabbli u gan\u010b li jista&#8217; jinqala&#8217;.<\/p>\n","protected":false},"featured_media":28875,"template":"","meta":{"_acf_changed":false},"product_brand":[11279],"product_cat":[565,1025,1026,1027],"product_tag":[],"class_list":{"0":"post-44215","1":"product","2":"type-product","3":"status-publish","4":"has-post-thumbnail","6":"product_brand-doublealpha","7":"product_cat-gear-mt","8":"product_cat-holster-mt","9":"product_cat-holster-accessories-mt","10":"product_cat-sport-holster-mt","12":"first","13":"instock","14":"taxable","15":"shipping-taxable","16":"purchasable","17":"product-type-variable","18":"wvs-archive-product-wrapper"},"acf":[],"_links":{"self":[{"href":"https:\/\/staging.nbg.eu\/mt\/wp-json\/wp\/v2\/product\/44215","targetHints":{"allow":["GET"]}}],"collection":[{"href":"https:\/\/staging.nbg.eu\/mt\/wp-json\/wp\/v2\/product"}],"about":[{"href":"https:\/\/staging.nbg.eu\/mt\/wp-json\/wp\/v2\/types\/product"}],"wp:featuredmedia":[{"embeddable":true,"href":"https:\/\/staging.nbg.eu\/mt\/wp-json\/wp\/v2\/media\/28875"}],"wp:attachment":[{"href":"https:\/\/staging.nbg.eu\/mt\/wp-json\/wp\/v2\/media?parent=44215"}],"wp:term":[{"taxonomy":"product_brand","embeddable":true,"href":"https:\/\/staging.nbg.eu\/mt\/wp-json\/wp\/v2\/product_brand?post=44215"},{"taxonomy":"product_cat","embeddable":true,"href":"https:\/\/staging.nbg.eu\/mt\/wp-json\/wp\/v2\/product_cat?post=44215"},{"taxonomy":"product_tag","embeddable":true,"href":"https:\/\/staging.nbg.eu\/mt\/wp-json\/wp\/v2\/product_tag?post=44215"}],"curies":[{"name":"wp","href":"https:\/\/api.w.org\/{rel}","templated":true}]}}