{"id":43993,"date":"2024-08-18T19:33:17","date_gmt":"2024-09-09T15:47:35","guid":{"rendered":"https:\/\/staging.nbg.eu\/product\/lynx-belt-single-link\/"},"modified":"2025-01-24T12:50:09","modified_gmt":"2025-01-24T12:50:09","slug":"inlay-gal-borza-alpha-xi","status":"publish","type":"product","link":"https:\/\/staging.nbg.eu\/mt\/product\/inlay-gal-borza-alpha-xi\/","title":{"rendered":"Inlay g\u0127al Bor\u017ca Alpha-Xi"},"content":{"rendered":"<div class=\"product-description\">\n<h2>\u0126olqa Wa\u0127da ta&#8217; \u010ainturin Lynx<\/h2>\n<p>Adatta \u010b-\u010binturin Lynx tieg\u0127ek b&#8217;\u0127oloq individwali:<\/p>\n<ul>\n<li>Ag\u0127\u017cel minn 5 kuluri disponibbli<\/li>\n<li>Iddisinja \u010b-\u010binturin tieg\u0127ek biex jaqbel mal-bandiera nazzjonali, klub tal-isparar, jew uniformi<\/li>\n<li>Ixtri \u0127oloq individwali fi kwalunkwe kulur u kwantit\u00e0<\/li>\n<\/ul>\n<h3>Dimensjonijiet:<\/h3>\n<ul>\n<li>Tul: 33mm (pin sa pin)<\/li>\n<li>G\u0127oli: 38.7mm<\/li>\n<li>\u0126xuna: 8.8mm (fuq il-pad tal-Velcro), 7mm (barra l-pad)<\/li>\n<\/ul>\n<p>Il-\u0126olqa Wa\u0127da ta&#8217; \u010ainturin Lynx hija mod kif tesprimi l-individwalit\u00e0 tieg\u0127ek.<\/p>\n<\/div>\n","protected":false},"excerpt":{"rendered":"<p>\u0126oloq ta\u010b-\u010binturin personalizzabbli: 5 kuluri, \u0127allat u qabbel g\u0127al disinji uni\u010bi.<\/p>\n","protected":false},"featured_media":29151,"template":"","meta":{"_acf_changed":false},"product_brand":[11279],"product_cat":[565,1106],"product_tag":[],"class_list":{"0":"post-43993","1":"product","2":"type-product","3":"status-publish","4":"has-post-thumbnail","6":"product_brand-doublealpha","7":"product_cat-gear-mt","8":"product_cat-sports-belts-mt","10":"first","11":"instock","12":"taxable","13":"shipping-taxable","14":"purchasable","15":"product-type-variable","16":"wvs-archive-product-wrapper"},"acf":[],"_links":{"self":[{"href":"https:\/\/staging.nbg.eu\/mt\/wp-json\/wp\/v2\/product\/43993","targetHints":{"allow":["GET"]}}],"collection":[{"href":"https:\/\/staging.nbg.eu\/mt\/wp-json\/wp\/v2\/product"}],"about":[{"href":"https:\/\/staging.nbg.eu\/mt\/wp-json\/wp\/v2\/types\/product"}],"wp:featuredmedia":[{"embeddable":true,"href":"https:\/\/staging.nbg.eu\/mt\/wp-json\/wp\/v2\/media\/29151"}],"wp:attachment":[{"href":"https:\/\/staging.nbg.eu\/mt\/wp-json\/wp\/v2\/media?parent=43993"}],"wp:term":[{"taxonomy":"product_brand","embeddable":true,"href":"https:\/\/staging.nbg.eu\/mt\/wp-json\/wp\/v2\/product_brand?post=43993"},{"taxonomy":"product_cat","embeddable":true,"href":"https:\/\/staging.nbg.eu\/mt\/wp-json\/wp\/v2\/product_cat?post=43993"},{"taxonomy":"product_tag","embeddable":true,"href":"https:\/\/staging.nbg.eu\/mt\/wp-json\/wp\/v2\/product_tag?post=43993"}],"curies":[{"name":"wp","href":"https:\/\/api.w.org\/{rel}","templated":true}]}}