{"id":414874,"date":"2025-07-03T13:21:25","date_gmt":"2025-07-03T10:21:25","guid":{"rendered":"https:\/\/staging.nbg.eu\/product\/grip-kmr-l-dotmatrix-ergo-orange\/"},"modified":"2025-07-03T13:23:24","modified_gmt":"2025-07-03T10:23:24","slug":"grip-kmr-l-dotmatrix-ergo-orangjo","status":"publish","type":"product","link":"https:\/\/staging.nbg.eu\/mt\/product\/grip-kmr-l-dotmatrix-ergo-orangjo\/","title":{"rendered":"Grip KMR L DOTMATRIX ERGO ORAN\u0120JO"},"content":{"rendered":"<div class=\"product-description\">\n<h2>Grip KMR L DOTMATRIX ERGO ORAN\u0120JO<\/h2>\n<p>Il-grip KMR Precision Arms DOTMATRIX ERGO g\u0127andu dawn il-karatteristi\u010bi:<\/p>\n<ul>\n<li>Profil ergonomiku g\u0127all-kumdit\u00e0<\/li>\n<li>Kulur oran\u0121jo g\u0127al vi\u017cibilit\u00e0<\/li>\n<li>Iddisinjat ming\u0127ajr magwell g\u0127al versatilit\u00e0<\/li>\n<li>Manifatturat bi pre\u010bi\u017cjoni<\/li>\n<\/ul>\n<p>Referenza: 0611-04001-0105<\/p>\n<\/div>\n","protected":false},"excerpt":{"rendered":"<p>Mankijiet ergonomi\u010bi tal-aluminju b&#8217;nef\u0127a tal-pala g\u0127al pistoli KMR.<\/p>\n","protected":false},"featured_media":359477,"template":"","meta":{"_acf_changed":false},"product_brand":[11500],"product_cat":[918,3001],"product_tag":[],"class_list":{"0":"post-414874","1":"product","2":"type-product","3":"status-publish","4":"has-post-thumbnail","6":"product_brand-kmr-precision","7":"product_cat-kmr-parts-mt","8":"product_cat-pistol-parts-mt","10":"first","11":"instock","12":"taxable","13":"shipping-taxable","14":"purchasable","15":"product-type-simple"},"acf":[],"_links":{"self":[{"href":"https:\/\/staging.nbg.eu\/mt\/wp-json\/wp\/v2\/product\/414874","targetHints":{"allow":["GET"]}}],"collection":[{"href":"https:\/\/staging.nbg.eu\/mt\/wp-json\/wp\/v2\/product"}],"about":[{"href":"https:\/\/staging.nbg.eu\/mt\/wp-json\/wp\/v2\/types\/product"}],"wp:featuredmedia":[{"embeddable":true,"href":"https:\/\/staging.nbg.eu\/mt\/wp-json\/wp\/v2\/media\/359477"}],"wp:attachment":[{"href":"https:\/\/staging.nbg.eu\/mt\/wp-json\/wp\/v2\/media?parent=414874"}],"wp:term":[{"taxonomy":"product_brand","embeddable":true,"href":"https:\/\/staging.nbg.eu\/mt\/wp-json\/wp\/v2\/product_brand?post=414874"},{"taxonomy":"product_cat","embeddable":true,"href":"https:\/\/staging.nbg.eu\/mt\/wp-json\/wp\/v2\/product_cat?post=414874"},{"taxonomy":"product_tag","embeddable":true,"href":"https:\/\/staging.nbg.eu\/mt\/wp-json\/wp\/v2\/product_tag?post=414874"}],"curies":[{"name":"wp","href":"https:\/\/api.w.org\/{rel}","templated":true}]}}