{"id":414767,"date":"2025-05-14T22:52:38","date_gmt":"2025-05-14T19:52:38","guid":{"rendered":"https:\/\/staging.nbg.eu\/product\/grip-kmr-s-dotmatrix-ergo-black\/"},"modified":"2025-07-03T13:18:27","modified_gmt":"2025-07-03T10:18:27","slug":"grip-kmr-s-dotmatrix-ergo-iswed","status":"publish","type":"product","link":"https:\/\/staging.nbg.eu\/mt\/product\/grip-kmr-s-dotmatrix-ergo-iswed\/","title":{"rendered":"Grip KMR S DOTMATRIX ERGO ISWED"},"content":{"rendered":"<div class=\"product-description\">\n<h2>Grip KMR S DOTMATRIX ERGO ISWED<\/h2>\n<p>Dawn il-grips mag\u0127mulin minn duralumin b&#8217;disinn ta&#8217; ballun tal-golf g\u0127al qbid a\u0127jar. Kompatibbli ma&#8217; KMR S-01 LANCE (OR), KMR S-02 (sa 2023), u mudelli mag\u0127\u017cula ta&#8217; CZ inklu\u017c Shadow 1, Shadow 2, u SP-01.<\/p>\n<p>Referenza: 0611-03001-0101<\/p>\n<p>Marka: KMR Precision Arms<\/p>\n<\/div>\n","protected":false},"excerpt":{"rendered":"<p>Mankijiet ergonomi\u010bi tad-duralumin b&#8217;disinn ta&#8217; ballun tal-golf g\u0127al qabda sigura. Jg\u0127oddu g\u0127al pistoli KMR u CZ.<\/p>\n","protected":false},"featured_media":359500,"template":"","meta":{"_acf_changed":false},"product_brand":[11500],"product_cat":[918,3001],"product_tag":[],"class_list":{"0":"post-414767","1":"product","2":"type-product","3":"status-publish","4":"has-post-thumbnail","6":"product_brand-kmr-precision","7":"product_cat-kmr-parts-mt","8":"product_cat-pistol-parts-mt","10":"first","11":"instock","12":"taxable","13":"shipping-taxable","14":"purchasable","15":"product-type-simple"},"acf":[],"_links":{"self":[{"href":"https:\/\/staging.nbg.eu\/mt\/wp-json\/wp\/v2\/product\/414767","targetHints":{"allow":["GET"]}}],"collection":[{"href":"https:\/\/staging.nbg.eu\/mt\/wp-json\/wp\/v2\/product"}],"about":[{"href":"https:\/\/staging.nbg.eu\/mt\/wp-json\/wp\/v2\/types\/product"}],"wp:featuredmedia":[{"embeddable":true,"href":"https:\/\/staging.nbg.eu\/mt\/wp-json\/wp\/v2\/media\/359500"}],"wp:attachment":[{"href":"https:\/\/staging.nbg.eu\/mt\/wp-json\/wp\/v2\/media?parent=414767"}],"wp:term":[{"taxonomy":"product_brand","embeddable":true,"href":"https:\/\/staging.nbg.eu\/mt\/wp-json\/wp\/v2\/product_brand?post=414767"},{"taxonomy":"product_cat","embeddable":true,"href":"https:\/\/staging.nbg.eu\/mt\/wp-json\/wp\/v2\/product_cat?post=414767"},{"taxonomy":"product_tag","embeddable":true,"href":"https:\/\/staging.nbg.eu\/mt\/wp-json\/wp\/v2\/product_tag?post=414767"}],"curies":[{"name":"wp","href":"https:\/\/api.w.org\/{rel}","templated":true}]}}