{"id":414628,"date":"2025-07-03T12:33:58","date_gmt":"2025-07-03T09:33:58","guid":{"rendered":"https:\/\/staging.nbg.eu\/product\/grips-kmr-w-dotmatrix-black\/"},"modified":"2025-07-03T12:36:19","modified_gmt":"2025-07-03T09:36:19","slug":"grips-kmr-w-dotmatrix-iswed","status":"publish","type":"product","link":"https:\/\/staging.nbg.eu\/mt\/product\/grips-kmr-w-dotmatrix-iswed\/","title":{"rendered":"GRIPS KMR W DOTMATRIX ISWED"},"content":{"rendered":"<div class=\"product-description\">\n<h2>GRIPS KMR W DOTMATRIX ISWED<\/h2>\n<p>Grips tal-duralumin g\u0127all-pistola KMR. Il-mudell g\u0127andu disinn ta&#8217; balla tal-golf. Adatti g\u0127al titjib ta&#8217; pistoli e\u017cistenti jew g\u0127all-bini ta&#8217; armi tan-nar g\u0127all-kompetizzjoni. Karatteristi\u010bi:<\/p>\n<ul>\n<li>Daqs twil<\/li>\n<li>Duralumin anodizzat<\/li>\n<li>Ming\u0127ajr gwida tal-magazin<\/li>\n<li>Jinkludi viti torx<\/li>\n<li>Logo KMR<\/li>\n<\/ul>\n<p>Kompatibbli ma&#8217; mudelli KMR W-02 CUDA (sa 2023), UMBRA, u UMBRA (OR).<\/p>\n<\/div>\n","protected":false},"excerpt":{"rendered":"<p>Mankijiet re\u017cistenti tal-duraluminju b&#8217;nis\u0121a ta&#8217; ballun tal-golf g\u0127all-pistoli KMR.<\/p>\n","protected":false},"featured_media":359339,"template":"","meta":{"_acf_changed":false},"product_brand":[11500],"product_cat":[918,3001],"product_tag":[],"class_list":{"0":"post-414628","1":"product","2":"type-product","3":"status-publish","4":"has-post-thumbnail","6":"product_brand-kmr-precision","7":"product_cat-kmr-parts-mt","8":"product_cat-pistol-parts-mt","10":"first","11":"instock","12":"taxable","13":"shipping-taxable","14":"purchasable","15":"product-type-simple"},"acf":[],"_links":{"self":[{"href":"https:\/\/staging.nbg.eu\/mt\/wp-json\/wp\/v2\/product\/414628","targetHints":{"allow":["GET"]}}],"collection":[{"href":"https:\/\/staging.nbg.eu\/mt\/wp-json\/wp\/v2\/product"}],"about":[{"href":"https:\/\/staging.nbg.eu\/mt\/wp-json\/wp\/v2\/types\/product"}],"wp:featuredmedia":[{"embeddable":true,"href":"https:\/\/staging.nbg.eu\/mt\/wp-json\/wp\/v2\/media\/359339"}],"wp:attachment":[{"href":"https:\/\/staging.nbg.eu\/mt\/wp-json\/wp\/v2\/media?parent=414628"}],"wp:term":[{"taxonomy":"product_brand","embeddable":true,"href":"https:\/\/staging.nbg.eu\/mt\/wp-json\/wp\/v2\/product_brand?post=414628"},{"taxonomy":"product_cat","embeddable":true,"href":"https:\/\/staging.nbg.eu\/mt\/wp-json\/wp\/v2\/product_cat?post=414628"},{"taxonomy":"product_tag","embeddable":true,"href":"https:\/\/staging.nbg.eu\/mt\/wp-json\/wp\/v2\/product_tag?post=414628"}],"curies":[{"name":"wp","href":"https:\/\/api.w.org\/{rel}","templated":true}]}}