{"id":414513,"date":"2025-07-03T12:08:47","date_gmt":"2025-07-03T09:08:47","guid":{"rendered":"https:\/\/staging.nbg.eu\/product\/grips-kmr-w-dotmatrix-ergo-black\/"},"modified":"2025-07-03T12:11:07","modified_gmt":"2025-07-03T09:11:07","slug":"grips-kmr-w-dotmatrix-ergo-iswed","status":"publish","type":"product","link":"https:\/\/staging.nbg.eu\/mt\/product\/grips-kmr-w-dotmatrix-ergo-iswed\/","title":{"rendered":"GRIPS KMR W DOTMATRIX ERGO ISWED"},"content":{"rendered":"<div class=\"product-description\">\n<h2>GRIPS KMR W DOTMATRIX ERGO ISWED<\/h2>\n<p>Dawn il-grips mag\u0127mulin minn duralumin g\u0127all-pistola KMR g\u0127andhom disinn ta&#8217; ballun tal-golf g\u0127al qbid a\u0127jar. Adattati g\u0127al titjib jew bini ta&#8217; kompetizzjoni, dawn il-grips ergonomi\u010bi jassiguraw kontroll tajjeb. Kompatibbli ma&#8217; mudelli KMR W-02 CUDA (sa 2023), UMBRA, u UMBRA (OR).<\/p>\n<p><strong>Referenza:<\/strong> 0611-03305-0101<\/p>\n<p><strong>Marka:<\/strong> KMR Precision Arms<\/p>\n<\/div>\n","protected":false},"excerpt":{"rendered":"<p>Mankijiet b&#8217;sa\u0127\u0127ithom, bi ddisinjar ta&#8217; ballun tal-golf g\u0127al pistoli KMR.<\/p>\n","protected":false},"featured_media":359362,"template":"","meta":{"_acf_changed":false},"product_brand":[11500],"product_cat":[918,3001],"product_tag":[],"class_list":{"0":"post-414513","1":"product","2":"type-product","3":"status-publish","4":"has-post-thumbnail","6":"product_brand-kmr-precision","7":"product_cat-kmr-parts-mt","8":"product_cat-pistol-parts-mt","10":"first","11":"instock","12":"taxable","13":"shipping-taxable","14":"purchasable","15":"product-type-simple"},"acf":[],"_links":{"self":[{"href":"https:\/\/staging.nbg.eu\/mt\/wp-json\/wp\/v2\/product\/414513","targetHints":{"allow":["GET"]}}],"collection":[{"href":"https:\/\/staging.nbg.eu\/mt\/wp-json\/wp\/v2\/product"}],"about":[{"href":"https:\/\/staging.nbg.eu\/mt\/wp-json\/wp\/v2\/types\/product"}],"wp:featuredmedia":[{"embeddable":true,"href":"https:\/\/staging.nbg.eu\/mt\/wp-json\/wp\/v2\/media\/359362"}],"wp:attachment":[{"href":"https:\/\/staging.nbg.eu\/mt\/wp-json\/wp\/v2\/media?parent=414513"}],"wp:term":[{"taxonomy":"product_brand","embeddable":true,"href":"https:\/\/staging.nbg.eu\/mt\/wp-json\/wp\/v2\/product_brand?post=414513"},{"taxonomy":"product_cat","embeddable":true,"href":"https:\/\/staging.nbg.eu\/mt\/wp-json\/wp\/v2\/product_cat?post=414513"},{"taxonomy":"product_tag","embeddable":true,"href":"https:\/\/staging.nbg.eu\/mt\/wp-json\/wp\/v2\/product_tag?post=414513"}],"curies":[{"name":"wp","href":"https:\/\/api.w.org\/{rel}","templated":true}]}}