{"id":411879,"date":"2025-05-14T22:52:06","date_gmt":"2025-05-14T19:52:06","guid":{"rendered":"https:\/\/staging.nbg.eu\/product\/grips-kmr-w-dotmatrix-ergo-orange\/"},"modified":"2025-07-01T17:42:49","modified_gmt":"2025-07-01T14:42:49","slug":"grips-kmr-w-dotmatrix-ergo-orangjo","status":"publish","type":"product","link":"https:\/\/staging.nbg.eu\/mt\/product\/grips-kmr-w-dotmatrix-ergo-orangjo\/","title":{"rendered":"GRIPS KMR W DOTMATRIX ERGO ORAN\u0120JO"},"content":{"rendered":"<div class=\"product-description\">\n<h2>MANKIJIET KMR W DOTMATRIX ERGO ORAN\u0120JO<\/h2>\n<p>Dawn il-mankijiet tal-duraluminju huma mag\u0127mula g\u0127all-pistola KMR. G\u0127andhom disinn ta&#8217; ballun tal-golf biex jipprovdu qabda a\u0127jar. Jistg\u0127u jintu\u017caw g\u0127al titjib jew g\u0127al bini ta&#8217; kompetizzjoni. Dawn il-mankijiet DOTMATRIX ERGO oran\u0121jo huma kompatibbli ma&#8217; mudelli KMR W-02 CUDA (sa 2023), UMBRA, u UMBRA (OR).<\/p>\n<p><strong>Referenza:<\/strong> 0611-03305-0101<\/p>\n<\/div>\n","protected":false},"excerpt":{"rendered":"<p>Mankijiet oran\u0121jo ergonomi\u010bi b&#8217;disinn ta&#8217; punti matri\u010bi g\u0127al pistoli KMR.<\/p>\n","protected":false},"featured_media":359385,"template":"","meta":{"_acf_changed":false},"product_brand":[11500],"product_cat":[918,3001],"product_tag":[],"class_list":{"0":"post-411879","1":"product","2":"type-product","3":"status-publish","4":"has-post-thumbnail","6":"product_brand-kmr-precision","7":"product_cat-kmr-parts-mt","8":"product_cat-pistol-parts-mt","10":"first","11":"outofstock","12":"taxable","13":"shipping-taxable","14":"purchasable","15":"product-type-simple"},"acf":[],"_links":{"self":[{"href":"https:\/\/staging.nbg.eu\/mt\/wp-json\/wp\/v2\/product\/411879","targetHints":{"allow":["GET"]}}],"collection":[{"href":"https:\/\/staging.nbg.eu\/mt\/wp-json\/wp\/v2\/product"}],"about":[{"href":"https:\/\/staging.nbg.eu\/mt\/wp-json\/wp\/v2\/types\/product"}],"wp:featuredmedia":[{"embeddable":true,"href":"https:\/\/staging.nbg.eu\/mt\/wp-json\/wp\/v2\/media\/359385"}],"wp:attachment":[{"href":"https:\/\/staging.nbg.eu\/mt\/wp-json\/wp\/v2\/media?parent=411879"}],"wp:term":[{"taxonomy":"product_brand","embeddable":true,"href":"https:\/\/staging.nbg.eu\/mt\/wp-json\/wp\/v2\/product_brand?post=411879"},{"taxonomy":"product_cat","embeddable":true,"href":"https:\/\/staging.nbg.eu\/mt\/wp-json\/wp\/v2\/product_cat?post=411879"},{"taxonomy":"product_tag","embeddable":true,"href":"https:\/\/staging.nbg.eu\/mt\/wp-json\/wp\/v2\/product_tag?post=411879"}],"curies":[{"name":"wp","href":"https:\/\/api.w.org\/{rel}","templated":true}]}}