{"id":411771,"date":"2025-05-14T22:52:01","date_gmt":"2025-05-14T19:52:01","guid":{"rendered":"https:\/\/staging.nbg.eu\/product\/grips-kmr-w-dotmatrix-ergo-red\/"},"modified":"2025-07-01T17:35:31","modified_gmt":"2025-07-01T14:35:31","slug":"grips-kmr-w-dotmatrix-ergo-ahmar","status":"publish","type":"product","link":"https:\/\/staging.nbg.eu\/mt\/product\/grips-kmr-w-dotmatrix-ergo-ahmar\/","title":{"rendered":"GRIPS KMR W DOTMATRIX ERGO AHMAR"},"content":{"rendered":"<div class=\"product-description\">\n<h2>GRIPS KMR W DOTMATRIX ERGO A\u0126MAR<\/h2>\n<p>A\u0121\u0121orna l-pistola KMR tieg\u0127ek b&#8217;dawn il-grips tal-duralumin b&#8217;disinn ta&#8217; ballun tal-golf g\u0127al qabda a\u0127jar. Adatti g\u0127all-kompetizzjoni jew g\u0127at-titjib ta&#8217; armi tan-nar e\u017cistenti. Iddisinjati g\u0127all-mudelli KMR W-02 CUDA (sa 2023), UMBRA, u UMBRA (OR).<\/p>\n<ul>\n<li>Referenza: 0611-03305-0101<\/li>\n<li>Marka: KMR Precision Arms<\/li>\n<li>Materjal: Duralumin<\/li>\n<\/ul>\n<\/div>\n","protected":false},"excerpt":{"rendered":"<p>Mqabdiet durabbli u ergonomi\u010bi g\u0127all-pistoli KMR. Qabda \u017cgura.<\/p>\n","protected":false},"featured_media":359408,"template":"","meta":{"_acf_changed":false},"product_brand":[11500],"product_cat":[918,3001],"product_tag":[],"class_list":{"0":"post-411771","1":"product","2":"type-product","3":"status-publish","4":"has-post-thumbnail","6":"product_brand-kmr-precision","7":"product_cat-kmr-parts-mt","8":"product_cat-pistol-parts-mt","10":"first","11":"outofstock","12":"taxable","13":"shipping-taxable","14":"purchasable","15":"product-type-simple"},"acf":[],"_links":{"self":[{"href":"https:\/\/staging.nbg.eu\/mt\/wp-json\/wp\/v2\/product\/411771","targetHints":{"allow":["GET"]}}],"collection":[{"href":"https:\/\/staging.nbg.eu\/mt\/wp-json\/wp\/v2\/product"}],"about":[{"href":"https:\/\/staging.nbg.eu\/mt\/wp-json\/wp\/v2\/types\/product"}],"wp:featuredmedia":[{"embeddable":true,"href":"https:\/\/staging.nbg.eu\/mt\/wp-json\/wp\/v2\/media\/359408"}],"wp:attachment":[{"href":"https:\/\/staging.nbg.eu\/mt\/wp-json\/wp\/v2\/media?parent=411771"}],"wp:term":[{"taxonomy":"product_brand","embeddable":true,"href":"https:\/\/staging.nbg.eu\/mt\/wp-json\/wp\/v2\/product_brand?post=411771"},{"taxonomy":"product_cat","embeddable":true,"href":"https:\/\/staging.nbg.eu\/mt\/wp-json\/wp\/v2\/product_cat?post=411771"},{"taxonomy":"product_tag","embeddable":true,"href":"https:\/\/staging.nbg.eu\/mt\/wp-json\/wp\/v2\/product_tag?post=411771"}],"curies":[{"name":"wp","href":"https:\/\/api.w.org\/{rel}","templated":true}]}}