{"id":411661,"date":"2025-07-01T17:25:09","date_gmt":"2025-07-01T14:25:09","guid":{"rendered":"https:\/\/staging.nbg.eu\/product\/grips-kmr-w-dotmatrix-ergo-silver\/"},"modified":"2025-07-01T17:27:30","modified_gmt":"2025-07-01T14:27:30","slug":"grips-kmr-w-dotmatrix-ergo-fidda","status":"publish","type":"product","link":"https:\/\/staging.nbg.eu\/mt\/product\/grips-kmr-w-dotmatrix-ergo-fidda\/","title":{"rendered":"GRIPS KMR W DOTMATRIX ERGO FIDDA"},"content":{"rendered":"<div class=\"product-description\">\n<h2>MANKIJIET KMR W DOTMATRIX ERGO FIDDA<\/h2>\n<p>Dawn il-mankijiet tal-duraluminju huma g\u0127all-pistola KMR. Id-disinn tag\u0127hom jipprovdi qbid sod. Jistg\u0127u jintu\u017caw g\u0127al titjib jew g\u0127all-bini ta&#8217; pistoli g\u0127all-kompetizzjoni.<\/p>\n<ul>\n<li>Referenza: 0611-03305-0101<\/li>\n<li>Marka: KMR Precision Arms<\/li>\n<li>Kompatibbli ma&#8217;: Mudelli KMR W-02 CUDA, UMBRA, u UMBRA (OR)<\/li>\n<\/ul>\n<\/div>\n","protected":false},"excerpt":{"rendered":"<p>Mankijiet ergonomi\u010bi tad-duralumin b&#8217;disinn ta&#8217; ballun tal-golf g\u0127al pistoli KMR. Qabda sigura f&#8217;kull sitwazzjoni.<\/p>\n","protected":false},"featured_media":359431,"template":"","meta":{"_acf_changed":false},"product_brand":[11500],"product_cat":[918,3001],"product_tag":[],"class_list":{"0":"post-411661","1":"product","2":"type-product","3":"status-publish","4":"has-post-thumbnail","6":"product_brand-kmr-precision","7":"product_cat-kmr-parts-mt","8":"product_cat-pistol-parts-mt","10":"first","11":"instock","12":"taxable","13":"shipping-taxable","14":"purchasable","15":"product-type-simple"},"acf":[],"_links":{"self":[{"href":"https:\/\/staging.nbg.eu\/mt\/wp-json\/wp\/v2\/product\/411661","targetHints":{"allow":["GET"]}}],"collection":[{"href":"https:\/\/staging.nbg.eu\/mt\/wp-json\/wp\/v2\/product"}],"about":[{"href":"https:\/\/staging.nbg.eu\/mt\/wp-json\/wp\/v2\/types\/product"}],"wp:featuredmedia":[{"embeddable":true,"href":"https:\/\/staging.nbg.eu\/mt\/wp-json\/wp\/v2\/media\/359431"}],"wp:attachment":[{"href":"https:\/\/staging.nbg.eu\/mt\/wp-json\/wp\/v2\/media?parent=411661"}],"wp:term":[{"taxonomy":"product_brand","embeddable":true,"href":"https:\/\/staging.nbg.eu\/mt\/wp-json\/wp\/v2\/product_brand?post=411661"},{"taxonomy":"product_cat","embeddable":true,"href":"https:\/\/staging.nbg.eu\/mt\/wp-json\/wp\/v2\/product_cat?post=411661"},{"taxonomy":"product_tag","embeddable":true,"href":"https:\/\/staging.nbg.eu\/mt\/wp-json\/wp\/v2\/product_tag?post=411661"}],"curies":[{"name":"wp","href":"https:\/\/api.w.org\/{rel}","templated":true}]}}