{"id":411443,"date":"2025-07-01T17:10:09","date_gmt":"2025-07-01T14:10:09","guid":{"rendered":"https:\/\/staging.nbg.eu\/product\/grips-kmr-w-modular-sandpaper-black\/"},"modified":"2025-07-01T17:12:28","modified_gmt":"2025-07-01T14:12:28","slug":"grips-kmr-w-modular-sandpaper-iswed","status":"publish","type":"product","link":"https:\/\/staging.nbg.eu\/mt\/product\/grips-kmr-w-modular-sandpaper-iswed\/","title":{"rendered":"GRIPS KMR W MODULAR SANDPAPER ISWED"},"content":{"rendered":"<h2>GRIPS KMR W MODULAR KARTA RAMEL ISWED<\/h2>\n<p>Dan il-grip twil mag\u0127mul minn duralumin anodizzat joffri kontroll u kumdit\u00e0 ming\u0127ajr gwida tal-magazine. G\u0127andu d-disinn modulari bil-logo KMR. L-installazzjoni ssir bil-viti torx inklu\u017ci.<\/p>\n<ul>\n<li>Daqs: Twil<\/li>\n<li>Materjal: Duralumin anodizzat<\/li>\n<li>U\u017cu: Ming\u0127ajr gwida tal-magazine<\/li>\n<li>Jinkludi: Viti torx<\/li>\n<li>Logo: KMR<\/li>\n<\/ul>\n<p><strong>Referenza:<\/strong> 0611-03304-0101<\/p>\n","protected":false},"excerpt":{"rendered":"<p>Qabda twila u re\u017cistenti tal-duraluminju anodizzat.<\/p>\n","protected":false},"featured_media":359275,"template":"","meta":{"_acf_changed":false},"product_brand":[11500],"product_cat":[918,3001],"product_tag":[],"class_list":{"0":"post-411443","1":"product","2":"type-product","3":"status-publish","4":"has-post-thumbnail","6":"product_brand-kmr-precision","7":"product_cat-kmr-parts-mt","8":"product_cat-pistol-parts-mt","10":"first","11":"instock","12":"taxable","13":"shipping-taxable","14":"purchasable","15":"product-type-simple"},"acf":[],"_links":{"self":[{"href":"https:\/\/staging.nbg.eu\/mt\/wp-json\/wp\/v2\/product\/411443","targetHints":{"allow":["GET"]}}],"collection":[{"href":"https:\/\/staging.nbg.eu\/mt\/wp-json\/wp\/v2\/product"}],"about":[{"href":"https:\/\/staging.nbg.eu\/mt\/wp-json\/wp\/v2\/types\/product"}],"wp:featuredmedia":[{"embeddable":true,"href":"https:\/\/staging.nbg.eu\/mt\/wp-json\/wp\/v2\/media\/359275"}],"wp:attachment":[{"href":"https:\/\/staging.nbg.eu\/mt\/wp-json\/wp\/v2\/media?parent=411443"}],"wp:term":[{"taxonomy":"product_brand","embeddable":true,"href":"https:\/\/staging.nbg.eu\/mt\/wp-json\/wp\/v2\/product_brand?post=411443"},{"taxonomy":"product_cat","embeddable":true,"href":"https:\/\/staging.nbg.eu\/mt\/wp-json\/wp\/v2\/product_cat?post=411443"},{"taxonomy":"product_tag","embeddable":true,"href":"https:\/\/staging.nbg.eu\/mt\/wp-json\/wp\/v2\/product_tag?post=411443"}],"curies":[{"name":"wp","href":"https:\/\/api.w.org\/{rel}","templated":true}]}}