{"id":411334,"date":"2025-07-01T17:01:00","date_gmt":"2025-07-01T14:01:00","guid":{"rendered":"https:\/\/staging.nbg.eu\/product\/grips-kmr-w-modular-sandpaper-titan\/"},"modified":"2025-07-01T17:03:21","modified_gmt":"2025-07-01T14:03:21","slug":"grips-kmr-w-modular-sandpaper-titan","status":"publish","type":"product","link":"https:\/\/staging.nbg.eu\/mt\/product\/grips-kmr-w-modular-sandpaper-titan\/","title":{"rendered":"GRIPS KMR W MODULAR SANDPAPER TITAN"},"content":{"rendered":"<h2>GRIPS KMR W MODULAR SANDPAPER TITAN<\/h2>\n<p>\u017bid il-qabda tal-arma tan-nar tieg\u0127ek bil-GRIPS KMR W MODULAR SANDPAPER TITAN. Din il-qabda twila hija mag\u0127mula minn duralumin anodizzat g\u0127al sa\u0127\u0127a u durabilit\u00e0. Ma\u0127suba biex tintu\u017ca ming\u0127ajr gwida tal-maga\u017cin, toffri qabda li tista&#8217; ti\u0121i a\u0121\u0121ustata g\u0127al kontroll a\u0127jar. Il-pakkett jinkludi viti torx g\u0127al installazzjoni fa\u010bli. G\u0127andha l-logo KMR fuqha.<\/p>\n<p><strong>Referenza:<\/strong> 0611-03304-0101<\/p>\n","protected":false},"excerpt":{"rendered":"<p>Qabda twila u re\u017cistenti KMR. Duralumin anodizzat.<\/p>\n","protected":false},"featured_media":359299,"template":"","meta":{"_acf_changed":false},"product_brand":[11500],"product_cat":[918,3001],"product_tag":[],"class_list":{"0":"post-411334","1":"product","2":"type-product","3":"status-publish","4":"has-post-thumbnail","6":"product_brand-kmr-precision","7":"product_cat-kmr-parts-mt","8":"product_cat-pistol-parts-mt","10":"first","11":"instock","12":"taxable","13":"shipping-taxable","14":"purchasable","15":"product-type-simple"},"acf":[],"_links":{"self":[{"href":"https:\/\/staging.nbg.eu\/mt\/wp-json\/wp\/v2\/product\/411334","targetHints":{"allow":["GET"]}}],"collection":[{"href":"https:\/\/staging.nbg.eu\/mt\/wp-json\/wp\/v2\/product"}],"about":[{"href":"https:\/\/staging.nbg.eu\/mt\/wp-json\/wp\/v2\/types\/product"}],"wp:featuredmedia":[{"embeddable":true,"href":"https:\/\/staging.nbg.eu\/mt\/wp-json\/wp\/v2\/media\/359299"}],"wp:attachment":[{"href":"https:\/\/staging.nbg.eu\/mt\/wp-json\/wp\/v2\/media?parent=411334"}],"wp:term":[{"taxonomy":"product_brand","embeddable":true,"href":"https:\/\/staging.nbg.eu\/mt\/wp-json\/wp\/v2\/product_brand?post=411334"},{"taxonomy":"product_cat","embeddable":true,"href":"https:\/\/staging.nbg.eu\/mt\/wp-json\/wp\/v2\/product_cat?post=411334"},{"taxonomy":"product_tag","embeddable":true,"href":"https:\/\/staging.nbg.eu\/mt\/wp-json\/wp\/v2\/product_tag?post=411334"}],"curies":[{"name":"wp","href":"https:\/\/api.w.org\/{rel}","templated":true}]}}