{"id":411047,"date":"2025-07-01T16:46:28","date_gmt":"2025-07-01T13:46:28","guid":{"rendered":"https:\/\/staging.nbg.eu\/product\/surefire-ep7-bk-mpr-bulk-ear-plugs\/"},"modified":"2025-07-01T16:48:55","modified_gmt":"2025-07-01T13:48:55","slug":"surefire-ep7-bk-mpr-bulk-plugs-tal-widnejn","status":"publish","type":"product","link":"https:\/\/staging.nbg.eu\/mt\/product\/surefire-ep7-bk-mpr-bulk-plugs-tal-widnejn\/","title":{"rendered":"Surefire EP7-BK-MPR-BULK Plugs tal-Widnejn"},"content":{"rendered":"<div class=\"product-description\">\n<h2>Surefire EP7-BK-MPR-BULK Tappijiet tal-Widnejn<\/h2>\n<h2>Protezzjoni tas-Smig\u0127 Avvanzata<\/h2>\n<p>It-tappijiet tal-widnejn Surefire EP7 Sonic Defenders Ultra joffru protezzjoni tas-smig\u0127 filwaqt li jippermettu li tisma&#8217; \u0127sejjes importanti. B&#8217;Klassifikazzjoni ta&#8217; Tnaqqis tal-\u0126oss (NRR) ta&#8217; 28 dB, dawn it-tappijiet jipprote\u0121u kontra t-Telf tas-Smig\u0127 Ikkaw\u017cat mill-\u0126oss (NIHL).<\/p>\n<h3>Karatteristi\u010bi Ewlenin:<\/h3>\n<ul>\n<li>Disinn b&#8217;ponta tal-fowm bil-Comply\u2122 Canal Tips tal-fowm artab<\/li>\n<li>28-dB Klassifikazzjoni ta&#8217; Tnaqqis tal-\u0126oss (NRR) bil-kappijiet tal-filtru mda\u0127\u0127la<\/li>\n<li>Jippermetti livelli ta&#8217; \u0127oss sikuri filwaqt li jnaqqas \u0127sejjes ta&#8217; \u0127sara &#8216;l fuq minn 85 dB<\/li>\n<li>\u010arieki ta&#8217; ritenzjoni EarLock\u00ae b&#8217;seba&#8217; punti ta&#8217; kuntatt g\u0127al qbil sod u konsistenti<\/li>\n<li>Mag\u0127mul minn polimer ipoaller\u0121eniku ta&#8217; grad mediku g\u0127all-kumdit\u00e0 u durabilit\u00e0<\/li>\n<li>Disinn b&#8217;profil baxx kompatibbli ma&#8217; maskri, elmi, u headphones<\/li>\n<li>Kappijiet tal-filtru li jistg\u0127u jitwa\u0127\u0127lu g\u0127al protezzjoni addizzjonali f&#8217;ambjenti b&#8217;\u0127afna \u0127oss<\/li>\n<li>Kompatibbli ma&#8217; sistemi varji ta&#8217; komunikazzjoni bir-radju<\/li>\n<\/ul>\n<h3>Informazzjoni Addizzjonali:<\/h3>\n<ul>\n<li>Disponibbli f&#8217;\u010bar, iswed, jew oran\u0121jo<\/li>\n<li>Jinkludi lanyard tal-polimer ta&#8217; 26 pulzier u par \u017cejjed ta&#8217; Comply\u2122 Canal tips<\/li>\n<li>Daqsijiet: \u017bg\u0127ir (S), Medju (M), u Kbir (L)<\/li>\n<li>Dikjarazzjoni ta&#8217; Konformit\u00e0 disponibbli fuq surefire.com\/doc-ep7<\/li>\n<\/ul>\n<p>Ipprote\u0121i s-smig\u0127 tieg\u0127ek ming\u0127ajr ma tnaqqas l-g\u0127arfien tas-sitwazzjoni. It-tappijiet tal-widnejn Surefire EP7 Sonic Defenders Ultra huma soluzzjoni g\u0127all-u\u017cu professjonali u rikreattiv, u joffru kumdit\u00e0, versatilit\u00e0, u protezzjoni tas-smig\u0127.<\/p>\n<\/div>\n","protected":false},"excerpt":{"rendered":"<p>Tappijiet tal-widnejn protettivi b&#8217;28dB NRR. Jippermettu \u0127sejjes siguri. Ponot tal-fowm komdi.<\/p>\n","protected":false},"featured_media":399770,"template":"","meta":{"_acf_changed":false},"product_brand":[11878],"product_cat":[939,565],"product_tag":[],"class_list":{"0":"post-411047","1":"product","2":"type-product","3":"status-publish","4":"has-post-thumbnail","6":"product_brand-surefire","7":"product_cat-ear-protection-mt","8":"product_cat-gear-mt","10":"first","11":"instock","12":"taxable","13":"shipping-taxable","14":"purchasable","15":"product-type-simple"},"acf":[],"_links":{"self":[{"href":"https:\/\/staging.nbg.eu\/mt\/wp-json\/wp\/v2\/product\/411047","targetHints":{"allow":["GET"]}}],"collection":[{"href":"https:\/\/staging.nbg.eu\/mt\/wp-json\/wp\/v2\/product"}],"about":[{"href":"https:\/\/staging.nbg.eu\/mt\/wp-json\/wp\/v2\/types\/product"}],"wp:featuredmedia":[{"embeddable":true,"href":"https:\/\/staging.nbg.eu\/mt\/wp-json\/wp\/v2\/media\/399770"}],"wp:attachment":[{"href":"https:\/\/staging.nbg.eu\/mt\/wp-json\/wp\/v2\/media?parent=411047"}],"wp:term":[{"taxonomy":"product_brand","embeddable":true,"href":"https:\/\/staging.nbg.eu\/mt\/wp-json\/wp\/v2\/product_brand?post=411047"},{"taxonomy":"product_cat","embeddable":true,"href":"https:\/\/staging.nbg.eu\/mt\/wp-json\/wp\/v2\/product_cat?post=411047"},{"taxonomy":"product_tag","embeddable":true,"href":"https:\/\/staging.nbg.eu\/mt\/wp-json\/wp\/v2\/product_tag?post=411047"}],"curies":[{"name":"wp","href":"https:\/\/api.w.org\/{rel}","templated":true}]}}