{"id":41082,"date":"2024-08-26T13:29:45","date_gmt":"2024-09-09T14:57:18","guid":{"rendered":"https:\/\/staging.nbg.eu\/product\/vanward-hunter-pro\/"},"modified":"2024-09-09T14:59:19","modified_gmt":"2024-09-09T14:59:19","slug":"vanward-felt","status":"publish","type":"product","link":"https:\/\/staging.nbg.eu\/mt\/product\/vanward-felt\/","title":{"rendered":"Vanward Felt"},"content":{"rendered":"<div class=\"product-description\">\n<h2>Vanward Hunter PRO<\/h2>\n<p>Esperjenza prestazzjoni superjuri ta\u0127t 300 gramma bis-suppressor Vanward Hunter PRO. B&#8217;spazjar ottimizzat tal-baffle g\u0127al ekwalizzazzjoni tal-pressjoni mtejba u disinn estern esagonali robust, dan is-suppressor joffri sigurt\u00e0, sa\u0127\u0127a, u effi\u010bjenza tat-tkessi\u0127 imtejba.<\/p>\n<h2>Karatteristi\u010bi Ewlenin:<\/h2>\n<ul>\n<li>Stampat 3D f&#8217;bi\u010b\u010ba wa\u0127da ta&#8217; Titanju grad 5 g\u0127al sigurt\u00e0 u prestazzjoni massima<\/li>\n<li>Estremament durabbli u re\u017cistenti g\u0127all-korru\u017cjoni<\/li>\n<li>Inserzjonijiet tal-kamin tal-azzar inossidabbli interkambjabbli<\/li>\n<li>\u010airku POM g\u0127al spazju ottimali tal-kanna<\/li>\n<li>Disponibbli f&#8217;diversi tipi ta&#8217; kamin: 1\/2*28&#8243;, 5\/8&#215;24&#8243; M14x1, M14x1.5, M15x1, M16x1, M18x1<\/li>\n<\/ul>\n<h2>Spe\u010bifikazzjonijiet:<\/h2>\n<ul>\n<li>Dijametru: 48mm<\/li>\n<li>Tul: 220mm<\/li>\n<li>Pi\u017c: 295 gramma*<\/li>\n<\/ul>\n<p>Id-disinn innovattiv u l-materjali superjuri tal-Vanward Hunter PRO jag\u0127mluh l-g\u0127a\u017cla perfetta g\u0127al ka\u010b\u010baturi u entu\u017cjasti tal-isparar e\u017ci\u0121enti li jesi\u0121u l-a\u0127jar fit-teknolo\u0121ija tas-suppressors.<\/p>\n<\/div>\n","protected":false},"excerpt":{"rendered":"<p>Soppressur \u0127afif \u0127afna, mag\u0127mul mit-titanju b&#8217;prestazzjoni ottimizzata.<\/p>\n","protected":false},"featured_media":102159,"template":"","meta":{"_acf_changed":false},"product_brand":[11941],"product_cat":[642,872,873],"product_tag":[],"class_list":{"0":"post-41082","1":"product","2":"type-product","3":"status-publish","4":"has-post-thumbnail","6":"product_brand-vanward","7":"product_cat-rifle-mt","8":"product_cat-rifle-suppressors-mt","9":"product_cat-suppressors-mt","11":"first","12":"instock","13":"taxable","14":"shipping-taxable","15":"purchasable","16":"product-type-variable","17":"wvs-archive-product-wrapper"},"acf":[],"_links":{"self":[{"href":"https:\/\/staging.nbg.eu\/mt\/wp-json\/wp\/v2\/product\/41082","targetHints":{"allow":["GET"]}}],"collection":[{"href":"https:\/\/staging.nbg.eu\/mt\/wp-json\/wp\/v2\/product"}],"about":[{"href":"https:\/\/staging.nbg.eu\/mt\/wp-json\/wp\/v2\/types\/product"}],"wp:featuredmedia":[{"embeddable":true,"href":"https:\/\/staging.nbg.eu\/mt\/wp-json\/wp\/v2\/media\/102159"}],"wp:attachment":[{"href":"https:\/\/staging.nbg.eu\/mt\/wp-json\/wp\/v2\/media?parent=41082"}],"wp:term":[{"taxonomy":"product_brand","embeddable":true,"href":"https:\/\/staging.nbg.eu\/mt\/wp-json\/wp\/v2\/product_brand?post=41082"},{"taxonomy":"product_cat","embeddable":true,"href":"https:\/\/staging.nbg.eu\/mt\/wp-json\/wp\/v2\/product_cat?post=41082"},{"taxonomy":"product_tag","embeddable":true,"href":"https:\/\/staging.nbg.eu\/mt\/wp-json\/wp\/v2\/product_tag?post=41082"}],"curies":[{"name":"wp","href":"https:\/\/api.w.org\/{rel}","templated":true}]}}