{"id":410751,"date":"2025-07-01T16:30:48","date_gmt":"2025-07-01T13:30:48","guid":{"rendered":"https:\/\/staging.nbg.eu\/product\/surefire-csm-09-push-button-switch\/"},"modified":"2025-07-01T16:33:13","modified_gmt":"2025-07-01T13:33:13","slug":"surefire-csm-09-switch-push-button","status":"publish","type":"product","link":"https:\/\/staging.nbg.eu\/mt\/product\/surefire-csm-09-switch-push-button\/","title":{"rendered":"Surefire CSM-09 Switch Push Button"},"content":{"rendered":"<div class=\"product-description\">\n<h2>Surefire CSM-09 Swi\u010b\u010b tal-Buttuna<\/h2>\n<h2>Kmand Remot. Spazju Konservat.<\/h2>\n<p>Is-CSM-09 huwa swi\u010b\u010b g\u0127all-attivazzjoni remota tal-WeaponLight ta&#8217; SureFire filwaqt li jimmassimizza l-ispazju fuq l-arma tan-nar. Dan l-iswi\u010b\u010b joffri funzjonalit\u00e0 kemm momentanja kif ukoll kostanti minn kontroll wie\u0127ed.<\/p>\n<h3>Karatteristi\u010bi Ewlenin:<\/h3>\n<ul>\n<li>Attivazzjoni remota g\u0127al WeaponLights ta&#8217; SureFire b&#8217;sokits tal-iswi\u010b\u010b<\/li>\n<li>Disinn kompatt g\u0127all-u\u017cu effi\u010bjenti tal-ispazju<\/li>\n<li>Twa\u0127\u0127il fa\u010bli ma&#8217; linji M-LOK<\/li>\n<li>Kostruzzjoni re\u017cistenti g\u0127at-temp<\/li>\n<li>Kejbil ta&#8217; 9 pulzieri adattat g\u0127all-bi\u010b\u010ba l-kbira tal-applikazzjonijiet ta&#8217; rifle\/carbine<\/li>\n<\/ul>\n<h3>Kompatibilit\u00e0:<\/h3>\n<p>Is-CSM-09 huwa kompatibbli ma&#8217; firxa ta&#8217; WeaponLights ta&#8217; SureFire, inklu\u017c:<\/p>\n<ul>\n<li>Millennium Universal<\/li>\n<li>Classic Universal<\/li>\n<li>Scout Light (b&#8217;tailcap bis-sokit)<\/li>\n<li>X300<\/li>\n<li>X400 (b&#8217;assembla\u0121\u0121 tat-tailcap XT)<\/li>\n<\/ul>\n<h3>T\u0127addim:<\/h3>\n<p>Attiva l-WeaponLight tieg\u0127ek:<\/p>\n<ul>\n<li>Ag\u0127fas \u0127afif g\u0127al attivazzjoni momentanja<\/li>\n<li>Ikklikkja g\u0127al mod kostanti<\/li>\n<\/ul>\n<p>Is-CSM-09 ji\u017cgura li l-WeaponLight tieg\u0127ek ikun lest meta tkun te\u0127tie\u0121u. Huwa durabbli u pre\u010bi\u017c g\u0127all-\u0127ti\u0121ijiet kollha ta&#8217; dawl tattiku.<\/p>\n<\/div>\n","protected":false},"excerpt":{"rendered":"<p>Swi\u010b\u010b remot kompatt M-LOK g\u0127al-lampi tal-armi SureFire. Mumentarju u dawl kostanti.<\/p>\n","protected":false},"featured_media":399895,"template":"","meta":{"_acf_changed":false},"product_brand":[11878],"product_cat":[1558,1559],"product_tag":[],"class_list":{"0":"post-410751","1":"product","2":"type-product","3":"status-publish","4":"has-post-thumbnail","6":"product_brand-surefire","7":"product_cat-light-accessories-mt","8":"product_cat-lights-mt","10":"first","11":"instock","12":"taxable","13":"shipping-taxable","14":"purchasable","15":"product-type-simple"},"acf":[],"_links":{"self":[{"href":"https:\/\/staging.nbg.eu\/mt\/wp-json\/wp\/v2\/product\/410751","targetHints":{"allow":["GET"]}}],"collection":[{"href":"https:\/\/staging.nbg.eu\/mt\/wp-json\/wp\/v2\/product"}],"about":[{"href":"https:\/\/staging.nbg.eu\/mt\/wp-json\/wp\/v2\/types\/product"}],"wp:featuredmedia":[{"embeddable":true,"href":"https:\/\/staging.nbg.eu\/mt\/wp-json\/wp\/v2\/media\/399895"}],"wp:attachment":[{"href":"https:\/\/staging.nbg.eu\/mt\/wp-json\/wp\/v2\/media?parent=410751"}],"wp:term":[{"taxonomy":"product_brand","embeddable":true,"href":"https:\/\/staging.nbg.eu\/mt\/wp-json\/wp\/v2\/product_brand?post=410751"},{"taxonomy":"product_cat","embeddable":true,"href":"https:\/\/staging.nbg.eu\/mt\/wp-json\/wp\/v2\/product_cat?post=410751"},{"taxonomy":"product_tag","embeddable":true,"href":"https:\/\/staging.nbg.eu\/mt\/wp-json\/wp\/v2\/product_tag?post=410751"}],"curies":[{"name":"wp","href":"https:\/\/api.w.org\/{rel}","templated":true}]}}