{"id":408105,"date":"2025-07-01T12:01:42","date_gmt":"2025-07-01T09:01:42","guid":{"rendered":"https:\/\/staging.nbg.eu\/product\/surefire-m640df-bk-pro-scout-light-pro-black\/"},"modified":"2025-07-01T12:04:42","modified_gmt":"2025-07-01T09:04:42","slug":"surefire-m640df-bk-pro-scout-light-pro-iswed","status":"publish","type":"product","link":"https:\/\/staging.nbg.eu\/mt\/product\/surefire-m640df-bk-pro-scout-light-pro-iswed\/","title":{"rendered":"Surefire M640DF-BK-PRO Scout Light Pro, Iswed"},"content":{"rendered":"<div class=\"product-description\">\n<h2>Surefire M640DF-BK-PRO Scout Light Pro, Iswed<\/h2>\n<p>Id-Dual Fuel Scout Light\u00ae Pro huwa dawl tal-arma li jg\u0127aqqad elementi ppruvati fil-\u0121lied ma&#8217; teknolo\u0121ija avvanzata. Din l-g\u0127odda tad-dawl hija ddisinjata g\u0127al sitwazzjonijiet tatti\u010bi, binhar u billejl.<\/p>\n<h2>Karatteristi\u010bi Ewlenin:<\/h2>\n<ul>\n<li>Jipprodu\u010bi sa 1,500 lumens ta&#8217; dawl abjad<\/li>\n<li>Kapa\u010bit\u00e0 Dual Fuel: Ju\u017ca jew batterija rikarikabbli SF18650B jew \u017cew\u0121 batteriji tal-litju 123A<\/li>\n<li>Mount b&#8217;Profil Baxx (LPM) g\u0127al po\u017cizzjonament ottimali<\/li>\n<li>Xejra tar-ra\u0121\u0121 ibrida g\u0127al identifikazzjoni fuq distanza twila u g\u0127arfien tas-sitwazzjoni<\/li>\n<li>LED b&#8217;output g\u0127oli \u0127afna kwa\u017ci indestruttibli<\/li>\n<li>Kostruzzjoni tal-aluminju anodizzat iebes skont l-ispe\u010bifikazzjonijiet militari g\u0127al durabilit\u00e0 massima<\/li>\n<\/ul>\n<h2>Versatilit\u00e0 u Prestazzjoni:<\/h2>\n<p>L-M640DF-BK-PRO g\u0127andu l-Mount b&#8217;Profil Baxx (LPM) \u0121did ta&#8217; SureFire, li jippermetti flessibilit\u00e0 fil-po\u017cizzjonament. Kompatibbli ma&#8217; sistemi ta&#8217; linji gwida MIL-STD-1913 u M-LOK. Il-LED tipprodu\u010bi 1,500 lumens bil-batterija SF18650B inklu\u017ca jew 1,200 lumens bil-batteriji 123A, u tipprovdi bilan\u010b bejn id-dawl fuq distanza u dak tal-madwar permezz tal-lenti TIR.<\/p>\n<h2>Mibnija g\u0127al Kundizzjonijiet Iebsa:<\/h2>\n<p>Mag\u0127mul minn aluminju tal-ajruspazju \u0127afif b&#8217;finitura anodizzata iebsa skont l-ispe\u010bifikazzjonijiet militari. Is-si\u0121illi O-ring jipprovdu re\u017cistenza g\u0127all-ilma IPX7. It-tieqa mwebbes u l-kostruzzjoni robusta jag\u0127mluh kwa\u017ci indestruttibli.<\/p>\n<h2>Spe\u010bifikazzjonijiet Tekni\u010bi:<\/h2>\n<ul>\n<li>Tul: 14.1 cm<\/li>\n<li>Pi\u017c bil-batteriji: 156 g<\/li>\n<li>Dijametru tal-bezel: 2.9 cm<\/li>\n<li>Output: G\u0127oli &#8211; 1,500 lumens (SF18650B) \/ 1,200 lumens (123A)<\/li>\n<li>\u0126in ta&#8217; \u0127idma: 1.5 sig\u0127at (SF18650B) \/ 1.25 sig\u0127at (123A)<\/li>\n<\/ul>\n<\/div>\n","protected":false},"excerpt":{"rendered":"<p>Dawl tattiku b&#8217;sa\u0127\u0127tu ta&#8217; 1,500 lumen b&#8217;muntaturi versatili g\u0127all-u\u017cu minn distanza qasira sa twila.<\/p>\n","protected":false},"featured_media":400344,"template":"","meta":{"_acf_changed":false},"product_brand":[11878],"product_cat":[1559],"product_tag":[],"class_list":{"0":"post-408105","1":"product","2":"type-product","3":"status-publish","4":"has-post-thumbnail","6":"product_brand-surefire","7":"product_cat-lights-mt","9":"first","10":"instock","11":"taxable","12":"shipping-taxable","13":"purchasable","14":"product-type-variable","15":"wvs-archive-product-wrapper"},"acf":[],"_links":{"self":[{"href":"https:\/\/staging.nbg.eu\/mt\/wp-json\/wp\/v2\/product\/408105","targetHints":{"allow":["GET"]}}],"collection":[{"href":"https:\/\/staging.nbg.eu\/mt\/wp-json\/wp\/v2\/product"}],"about":[{"href":"https:\/\/staging.nbg.eu\/mt\/wp-json\/wp\/v2\/types\/product"}],"wp:featuredmedia":[{"embeddable":true,"href":"https:\/\/staging.nbg.eu\/mt\/wp-json\/wp\/v2\/media\/400344"}],"wp:attachment":[{"href":"https:\/\/staging.nbg.eu\/mt\/wp-json\/wp\/v2\/media?parent=408105"}],"wp:term":[{"taxonomy":"product_brand","embeddable":true,"href":"https:\/\/staging.nbg.eu\/mt\/wp-json\/wp\/v2\/product_brand?post=408105"},{"taxonomy":"product_cat","embeddable":true,"href":"https:\/\/staging.nbg.eu\/mt\/wp-json\/wp\/v2\/product_cat?post=408105"},{"taxonomy":"product_tag","embeddable":true,"href":"https:\/\/staging.nbg.eu\/mt\/wp-json\/wp\/v2\/product_tag?post=408105"}],"curies":[{"name":"wp","href":"https:\/\/api.w.org\/{rel}","templated":true}]}}