{"id":39563,"date":"2024-08-26T13:35:02","date_gmt":"2024-09-09T14:49:19","guid":{"rendered":"https:\/\/staging.nbg.eu\/product\/vanward-felt\/"},"modified":"2024-09-09T14:50:45","modified_gmt":"2024-09-09T14:50:45","slug":"vanward-ultra-light","status":"publish","type":"product","link":"https:\/\/staging.nbg.eu\/mt\/product\/vanward-ultra-light\/","title":{"rendered":"Vanward Ultra Light"},"content":{"rendered":"<div class=\"product-description\">\n<h2>Vanward Felt Suppressor<\/h2>\n<p>Esperjenza l-evoluzzjoni li jmiss fit-teknolo\u0121ija tas-suppressors bil-Vanward Felt, \u017cviluppat mis-suppressors stampati 3D ta&#8217; TE-Titan.<\/p>\n<h2>Karatteristi\u010bi Ewlenin:<\/h2>\n<ul>\n<li>Spazjar ta&#8217; baffle ottimizzat g\u0127al ekwalizzazzjoni ta&#8217; pressjoni superjuri<\/li>\n<li>Disinn estern e\u017cagonali g\u0127al sa\u0127\u0127a mtejba u tkessi\u0127 effi\u010bjenti<\/li>\n<li>\u0126afif b&#8217;mod inkredibbli b&#8217;pi\u017c ta&#8217; 171 gramm biss*<\/li>\n<li>Stampat 3D f&#8217;bi\u010b\u010ba wa\u0127da ta&#8217; Titanju grad 5<\/li>\n<li>Sezzjoni bil-kamin tal-azzar inossidabbli<\/li>\n<li>Re\u017cistenti g\u0127all-ilma, soluzzjonijiet tal-mel\u0127, u gassijiet tal-armi<\/li>\n<li>Ade\u017cjoni minima ta&#8217; residwi tat-trab<\/li>\n<\/ul>\n<h2>Spe\u010bifikazzjonijiet:<\/h2>\n<ul>\n<li>Kalibri disponibbli: .223, .264, .30<\/li>\n<li>Tipi ta&#8217; kamin: M18x1, M15x1, M14x1, 1\/2*28<\/li>\n<li>Dimensjonijiet: \u00d842mm x 130mm tul<\/li>\n<\/ul>\n<p>Imfassal bl-input minn sparaturi esperti fil-qasam, il-Vanward Felt joffri sigurt\u00e0, sa\u0127\u0127a, u prestazzjoni bla paragun. Il-frenijiet ta&#8217; tkessi\u0127 integrati u d-disinn \u0127afif jag\u0127mluh ideali g\u0127all-applikazzjonijiet ta&#8217; sparar fil-qasam.<\/p>\n<p><em>*Pi\u017c g\u0127at-tip ta&#8217; kamin M14x1<\/em><\/p>\n<\/div>\n","protected":false},"excerpt":{"rendered":"<p>Soppressur \u0127afif mag\u0127mul mit-titanju stampat fi 3D b&#8217;disinn ottimizzat.<\/p>\n","protected":false},"featured_media":32228,"template":"","meta":{"_acf_changed":false},"product_brand":[11941],"product_cat":[642,872,873],"product_tag":[],"class_list":{"0":"post-39563","1":"product","2":"type-product","3":"status-publish","4":"has-post-thumbnail","6":"product_brand-vanward","7":"product_cat-rifle-mt","8":"product_cat-rifle-suppressors-mt","9":"product_cat-suppressors-mt","11":"first","12":"instock","13":"taxable","14":"shipping-taxable","15":"purchasable","16":"product-type-variable","17":"wvs-archive-product-wrapper"},"acf":[],"_links":{"self":[{"href":"https:\/\/staging.nbg.eu\/mt\/wp-json\/wp\/v2\/product\/39563","targetHints":{"allow":["GET"]}}],"collection":[{"href":"https:\/\/staging.nbg.eu\/mt\/wp-json\/wp\/v2\/product"}],"about":[{"href":"https:\/\/staging.nbg.eu\/mt\/wp-json\/wp\/v2\/types\/product"}],"wp:featuredmedia":[{"embeddable":true,"href":"https:\/\/staging.nbg.eu\/mt\/wp-json\/wp\/v2\/media\/32228"}],"wp:attachment":[{"href":"https:\/\/staging.nbg.eu\/mt\/wp-json\/wp\/v2\/media?parent=39563"}],"wp:term":[{"taxonomy":"product_brand","embeddable":true,"href":"https:\/\/staging.nbg.eu\/mt\/wp-json\/wp\/v2\/product_brand?post=39563"},{"taxonomy":"product_cat","embeddable":true,"href":"https:\/\/staging.nbg.eu\/mt\/wp-json\/wp\/v2\/product_cat?post=39563"},{"taxonomy":"product_tag","embeddable":true,"href":"https:\/\/staging.nbg.eu\/mt\/wp-json\/wp\/v2\/product_tag?post=39563"}],"curies":[{"name":"wp","href":"https:\/\/api.w.org\/{rel}","templated":true}]}}