{"id":38416,"date":"2024-08-26T13:54:16","date_gmt":"2024-09-09T14:38:55","guid":{"rendered":"https:\/\/staging.nbg.eu\/product\/vanward-ultra-light\/"},"modified":"2025-05-01T17:51:36","modified_gmt":"2025-05-01T17:51:36","slug":"bcm-quick-detach-sling-swivel-disinn-heavy-duty","status":"publish","type":"product","link":"https:\/\/staging.nbg.eu\/mt\/product\/bcm-quick-detach-sling-swivel-disinn-heavy-duty\/","title":{"rendered":"BCM\u00ae Quick Detach Sling Swivel (Disinn Heavy Duty)"},"content":{"rendered":"<h2>Soppressur Ultra \u0126afif ta&#8217; Vanward<\/h2>\n<p>Esperjenza \u0127effa u prestazzjoni bla pre\u010bedent bis-soppressur Ultra \u0126afif ta&#8217; Vanward. B&#8217;pi\u017c ta&#8217; 137 gramma biss*, huwa l-e\u0127fef fil-klassi tieg\u0127u ming\u0127ajr ma jikkomprometti l-funzjonalit\u00e0.<\/p>\n<h2>Karatteristi\u010bi Ewlenin:<\/h2>\n<ul>\n<li>Spazjar tal-baffle ottimizzat g\u0127al ekwalizzazzjoni tal-pressjoni superjuri<\/li>\n<li>Disinn estern esagonali g\u0127al sa\u0127\u0127a u tkessi\u0127 imtejba<\/li>\n<li>Stampat 3D f&#8217;bi\u010b\u010ba wa\u0127da ta&#8217; Titanju ta&#8217; grad 5<\/li>\n<li>Estremament re\u017cistenti u re\u017cistenti g\u0127all-korru\u017cjoni<\/li>\n<li>Disponibbli f&#8217;kalibri .223, .264, u .30<\/li>\n<li>Tipi ta&#8217; kamin: M18x1, M15x1, M14x1, 1\/2*28<\/li>\n<\/ul>\n<h2>Spe\u010bifikazzjonijiet:<\/h2>\n<ul>\n<li>Dijametru: 42mm<\/li>\n<li>Tul: 130mm<\/li>\n<li>Pi\u017c: 137 gramma* (mudell M18)<\/li>\n<\/ul>\n<p>G\u0127olli l-esperjenza tal-isparar tieg\u0127ek bil-Vanward Ultra \u0126afif &#8211; fejn l-innovazzjoni tiltaqa&#8217; mal-prestazzjoni.<\/p>\n","protected":false},"excerpt":{"rendered":"<p>Soppressur \u0127afif \u0127afna tat-titanju, 137g. Stampat 3D, re\u017cistenti, tkessi\u0127 effi\u010bjenti.<\/p>\n","protected":false},"featured_media":32436,"template":"","meta":{"_acf_changed":false},"product_brand":[11941],"product_cat":[642,872,873],"product_tag":[],"class_list":{"0":"post-38416","1":"product","2":"type-product","3":"status-publish","4":"has-post-thumbnail","6":"product_brand-vanward","7":"product_cat-rifle-mt","8":"product_cat-rifle-suppressors-mt","9":"product_cat-suppressors-mt","11":"first","12":"instock","13":"taxable","14":"shipping-taxable","15":"purchasable","16":"product-type-variable","17":"wvs-archive-product-wrapper"},"acf":[],"_links":{"self":[{"href":"https:\/\/staging.nbg.eu\/mt\/wp-json\/wp\/v2\/product\/38416","targetHints":{"allow":["GET"]}}],"collection":[{"href":"https:\/\/staging.nbg.eu\/mt\/wp-json\/wp\/v2\/product"}],"about":[{"href":"https:\/\/staging.nbg.eu\/mt\/wp-json\/wp\/v2\/types\/product"}],"wp:featuredmedia":[{"embeddable":true,"href":"https:\/\/staging.nbg.eu\/mt\/wp-json\/wp\/v2\/media\/32436"}],"wp:attachment":[{"href":"https:\/\/staging.nbg.eu\/mt\/wp-json\/wp\/v2\/media?parent=38416"}],"wp:term":[{"taxonomy":"product_brand","embeddable":true,"href":"https:\/\/staging.nbg.eu\/mt\/wp-json\/wp\/v2\/product_brand?post=38416"},{"taxonomy":"product_cat","embeddable":true,"href":"https:\/\/staging.nbg.eu\/mt\/wp-json\/wp\/v2\/product_cat?post=38416"},{"taxonomy":"product_tag","embeddable":true,"href":"https:\/\/staging.nbg.eu\/mt\/wp-json\/wp\/v2\/product_tag?post=38416"}],"curies":[{"name":"wp","href":"https:\/\/api.w.org\/{rel}","templated":true}]}}