{"id":37614,"date":"2024-09-02T10:54:46","date_gmt":"2024-09-02T10:54:46","guid":{"rendered":"https:\/\/staging.nbg.eu\/product\/bcm-quick-detach-sling-swivel-heavy-duty-design\/"},"modified":"2024-09-09T14:29:01","modified_gmt":"2024-09-09T14:29:01","slug":"mount-gal-sling-bcm-mcmr-sm-quick-detachable-kompatibbli-ma-m-lok","status":"publish","type":"product","link":"https:\/\/staging.nbg.eu\/mt\/product\/mount-gal-sling-bcm-mcmr-sm-quick-detachable-kompatibbli-ma-m-lok\/","title":{"rendered":"Mount g\u0127al Sling BCM\u00ae MCMR-SM Quick Detachable (Kompatibbli ma&#8217; M-LOK\u00ae*)"},"content":{"rendered":"<div class=\"product-description\">\n<h2>BCM\u00ae Swivel tas-Sling g\u0127al Qlug\u0127 Mg\u0127a\u0121\u0121el (Disinn b&#8217;Sa\u0127\u0127tu)<\/h2>\n<p>Tejjeb il-funzjonalit\u00e0 tal-arma tan-nar tieg\u0127ek bis-Swivel tas-Sling g\u0127al Qlug\u0127 Mg\u0127a\u0121\u0121el BCM\u00ae, imfassal g\u0127ad-durabilit\u00e0 u l-affidabilit\u00e0.<\/p>\n<ul>\n<li>Id-disinn tal-plunger fil-wi\u010b\u010b jipprevjeni \u0127ru\u0121 a\u010b\u010bidentali, ji\u017cgura li s-sling tieg\u0127ek jibqa&#8217; mwa\u0127\u0127al b&#8217;mod sigur<\/li>\n<li>Ma\u0127dum bi pre\u010bi\u017cjoni mill-azzar tal-karbonju b&#8217;finitura tal-fosfat tal-mangani\u017c g\u0127al re\u017cistenza g\u0127all-korru\u017cjoni superjuri<\/li>\n<li>Imne\u0127\u0127i l-\u0127ruxija u mmexxi fir-ramel qabel il-kisi g\u0127al wi\u010b\u010b lixx u ming\u0127ajr xkiel<\/li>\n<li>Kompatibbli ma&#8217; slings ta&#8217; 1-1\/4&#8243;, li joffri versatilit\u00e0 g\u0127al setups varji<\/li>\n<li>Kostruzzjoni b&#8217;sa\u0127\u0127itha li tifla\u0127 g\u0127all-u\u017cu rigoru\u017c f&#8217;ambjenti li jitolbu \u0127afna<\/li>\n<\/ul>\n<p>Afda fl-impenn ta&#8217; BCM g\u0127all-kwalit\u00e0 u l-prestazzjoni. Dan is-swivel tas-sling g\u0127al qlug\u0127 mg\u0127a\u0121\u0121el huwa \u017c-\u017cieda perfetta g\u0127all-apparat tattiku tieg\u0127ek, li jipprovdi twa\u0127\u0127il u qlug\u0127 malajr ming\u0127ajr ma jikkomprometti s-sigurt\u00e0.<\/p>\n<\/div>\n","protected":false},"excerpt":{"rendered":"<p>\u0126olqa tal-\u0127abel b&#8217;sistema ta&#8217; \u0127elsien rapidu u g\u0127al u\u017cu iebes. Sigura, re\u017cistenti, kompatibbli ma&#8217; 1-1\/4&#8243;.<\/p>\n","protected":false},"featured_media":36985,"template":"","meta":{"_acf_changed":false},"product_brand":[11070],"product_cat":[642,643,751],"product_tag":[],"class_list":{"0":"post-37614","1":"product","2":"type-product","3":"status-publish","4":"has-post-thumbnail","6":"product_brand-bcm","7":"product_cat-rifle-mt","8":"product_cat-rifle-parts-mt","9":"product_cat-slings-mt","11":"first","12":"instock","13":"taxable","14":"shipping-taxable","15":"purchasable","16":"product-type-simple"},"acf":[],"_links":{"self":[{"href":"https:\/\/staging.nbg.eu\/mt\/wp-json\/wp\/v2\/product\/37614","targetHints":{"allow":["GET"]}}],"collection":[{"href":"https:\/\/staging.nbg.eu\/mt\/wp-json\/wp\/v2\/product"}],"about":[{"href":"https:\/\/staging.nbg.eu\/mt\/wp-json\/wp\/v2\/types\/product"}],"wp:featuredmedia":[{"embeddable":true,"href":"https:\/\/staging.nbg.eu\/mt\/wp-json\/wp\/v2\/media\/36985"}],"wp:attachment":[{"href":"https:\/\/staging.nbg.eu\/mt\/wp-json\/wp\/v2\/media?parent=37614"}],"wp:term":[{"taxonomy":"product_brand","embeddable":true,"href":"https:\/\/staging.nbg.eu\/mt\/wp-json\/wp\/v2\/product_brand?post=37614"},{"taxonomy":"product_cat","embeddable":true,"href":"https:\/\/staging.nbg.eu\/mt\/wp-json\/wp\/v2\/product_cat?post=37614"},{"taxonomy":"product_tag","embeddable":true,"href":"https:\/\/staging.nbg.eu\/mt\/wp-json\/wp\/v2\/product_tag?post=37614"}],"curies":[{"name":"wp","href":"https:\/\/api.w.org\/{rel}","templated":true}]}}