{"id":37591,"date":"2024-09-02T16:31:14","date_gmt":"2024-09-02T16:31:14","guid":{"rendered":"https:\/\/staging.nbg.eu\/product\/bcm-mcmr-sm-quick-detachable-sling-mount-m-lok-compatible\/"},"modified":"2024-09-09T14:22:04","modified_gmt":"2024-09-09T14:22:04","slug":"sezzjoni-picatinny-rail-bcm-ta-3-pulzieri-aluminju-kompatibbli-ma-m-lok","status":"publish","type":"product","link":"https:\/\/staging.nbg.eu\/mt\/product\/sezzjoni-picatinny-rail-bcm-ta-3-pulzieri-aluminju-kompatibbli-ma-m-lok\/","title":{"rendered":"Sezzjoni Picatinny Rail BCM\u00ae ta&#8217; 3 pulzieri, Aluminju (Kompatibbli ma&#8217; M-LOK\u00ae*)"},"content":{"rendered":"<div class=\"product-description\">\n<h2>BCM\u00ae MCMR-SM Immuntar ta&#8217; \u010ainga li Jinqala&#8217; Malajr (Kompatibbli ma&#8217; M-LOK\u00ae*)<\/h2>\n<p>\u017bid il-versatilit\u00e0 tal-arma tan-nar tieg\u0127ek bil-BCM\u00ae MCMR-SM Immuntar ta&#8217; \u010ainga li Jinqala&#8217; Malajr. Dan l-a\u010b\u010bessorju b&#8217;profil baxx huwa ddisinjat g\u0127al mobilit\u00e0 akbar u potenzjal imnaqqas ta&#8217; twa\u0127\u0127il, u jag\u0127mlu \u017cieda essenzjali g\u0127as-setup kompatibbli ma&#8217; M-LOK\u00ae tieg\u0127ek.<\/p>\n<ul>\n<li>Kompatibbli ma&#8217; M-LOK\u00ae g\u0127al installazzjoni fa\u010bli<\/li>\n<li>Jakkomoda \u010brieki ta&#8217; \u010binga standard li jinqalg\u0127u malajr b&#8217;buttuna li ting\u0127afas (mhux inklu\u017ci)<\/li>\n<li>Interfa\u010b\u010bja ta&#8217; llokkjar mhux rotazzjonali bi 8 po\u017cizzjonijiet (360\u00b0) g\u0127al tqeg\u0127id ottimali ta\u010b-\u010binga<\/li>\n<li>Kostruzzjoni b&#8217;sa\u0127\u0127itha kollha tal-azzar ti\u017cgura prestazzjoni li ddum<\/li>\n<\/ul>\n<p>Esperjenza manovrabbilt\u00e0 mtejba u twa\u0127\u0127il ta&#8217; \u010binga malajr b&#8217;dan l-immuntar robust u b&#8217;profil baxx. Nota: I\u010b-\u010brieki ta\u010b-\u010binga li jinqalg\u0127u malajr jinbieg\u0127u separatament.<\/p>\n<\/div>\n","protected":false},"excerpt":{"rendered":"<p>Muntatri\u010bi g\u0127a\u010b-\u010ainga BCM\u00ae MCMR-SM QD: Profil baxx, kompatibbli ma&#8217; M-LOK.<\/p>\n","protected":false},"featured_media":37055,"template":"","meta":{"_acf_changed":false},"product_brand":[11070],"product_cat":[642,643,751],"product_tag":[],"class_list":{"0":"post-37591","1":"product","2":"type-product","3":"status-publish","4":"has-post-thumbnail","6":"product_brand-bcm","7":"product_cat-rifle-mt","8":"product_cat-rifle-parts-mt","9":"product_cat-slings-mt","11":"first","12":"instock","13":"taxable","14":"shipping-taxable","15":"purchasable","16":"product-type-simple"},"acf":[],"_links":{"self":[{"href":"https:\/\/staging.nbg.eu\/mt\/wp-json\/wp\/v2\/product\/37591","targetHints":{"allow":["GET"]}}],"collection":[{"href":"https:\/\/staging.nbg.eu\/mt\/wp-json\/wp\/v2\/product"}],"about":[{"href":"https:\/\/staging.nbg.eu\/mt\/wp-json\/wp\/v2\/types\/product"}],"wp:featuredmedia":[{"embeddable":true,"href":"https:\/\/staging.nbg.eu\/mt\/wp-json\/wp\/v2\/media\/37055"}],"wp:attachment":[{"href":"https:\/\/staging.nbg.eu\/mt\/wp-json\/wp\/v2\/media?parent=37591"}],"wp:term":[{"taxonomy":"product_brand","embeddable":true,"href":"https:\/\/staging.nbg.eu\/mt\/wp-json\/wp\/v2\/product_brand?post=37591"},{"taxonomy":"product_cat","embeddable":true,"href":"https:\/\/staging.nbg.eu\/mt\/wp-json\/wp\/v2\/product_cat?post=37591"},{"taxonomy":"product_tag","embeddable":true,"href":"https:\/\/staging.nbg.eu\/mt\/wp-json\/wp\/v2\/product_tag?post=37591"}],"curies":[{"name":"wp","href":"https:\/\/api.w.org\/{rel}","templated":true}]}}