{"id":37566,"date":"2024-09-02T16:34:30","date_gmt":"2024-09-02T16:34:30","guid":{"rendered":"https:\/\/staging.nbg.eu\/product\/bcm-3-inch-picatinny-rail-section-aluminum-m-lok-compatible\/"},"modified":"2024-09-09T14:10:08","modified_gmt":"2024-09-09T14:10:08","slug":"bcm-kag-kompatibbli-ma-m-lok","status":"publish","type":"product","link":"https:\/\/staging.nbg.eu\/mt\/product\/bcm-kag-kompatibbli-ma-m-lok\/","title":{"rendered":"BCM\u00ae KAG &#8211; (Kompatibbli ma&#8217; M-LOK\u00ae*)"},"content":{"rendered":"<div class=\"product-description\">\n<h2>BCM\u00ae Sezzjoni ta&#8217; Rail Picatinny ta&#8217; 3 pulzieri, Aluminju (Kompatibbli ma&#8217; M-LOK\u00ae*)<\/h2>\n<p>\u017bid il-versatilit\u00e0 tal-arma tan-nar tieg\u0127ek bis-Sezzjoni ta&#8217; Rail Picatinny ta&#8217; 3 pulzieri BCM\u00ae. Dan l-a\u010b\u010bessorju premium huwa ma\u0127dum minn liga tal-aluminju tal-in\u0121enji tal-ajru anodizzat iebes, li ji\u017cgura durabbilt\u00e0 u lon\u0121evit\u00e0 f&#8217;ambjenti impenjattivi.<\/p>\n<ul>\n<li>Manifatturat skont l-Ispe\u010bifikazzjonijiet tal-Arsenal Picatinny tal-Istandard Mil-1913<\/li>\n<li>Disinn re\u017cistenti g\u0127all-im\u0127a\u017c\u017ci\u017c g\u0127al immani\u0121\u0121jar bla xkiel<\/li>\n<li>Kompatibbli ma&#8217; M-LOK\u00ae g\u0127al installazzjoni u tne\u0127\u0127ija fa\u010bli<\/li>\n<li>Kostruzzjoni \u0127afifa i\u017cda robusta<\/li>\n<li>Ideali g\u0127all-immuntar ta&#8217; diversi a\u010b\u010bessorji, inklu\u017ci dwal, lasers, u grips<\/li>\n<\/ul>\n<p>Din is-sezzjoni tar-rail tikkombina l-funzjonalit\u00e0 mal-estetika tattika, li tippermettik tikkustomizza l-arma tan-nar tieg\u0127ek biex tissodisfa l-\u0127ti\u0121ijiet spe\u010bifi\u010bi tieg\u0127ek. Kemm jekk int operatur professjonali jew dilettant, is-Sezzjoni ta&#8217; Rail Picatinny ta&#8217; 3 pulzieri BCM\u00ae hija \u017cieda essenzjali g\u0127at-tag\u0127mir tieg\u0127ek.<\/p>\n<\/div>\n","protected":false},"excerpt":{"rendered":"<p>BCM\u00ae Rail ta&#8217; 3&#8243; Picatinny: Skont l-istandards militari, kompatibbli ma&#8217; M-LOK, re\u017cistenti g\u0127all-im\u0127abba<\/p>\n","protected":false},"featured_media":37194,"template":"","meta":{"_acf_changed":false},"product_brand":[11070],"product_cat":[730,642,643],"product_tag":[],"class_list":{"0":"post-37566","1":"product","2":"type-product","3":"status-publish","4":"has-post-thumbnail","6":"product_brand-bcm","7":"product_cat-rails-mt","8":"product_cat-rifle-mt","9":"product_cat-rifle-parts-mt","11":"first","12":"instock","13":"taxable","14":"shipping-taxable","15":"purchasable","16":"product-type-simple"},"acf":[],"_links":{"self":[{"href":"https:\/\/staging.nbg.eu\/mt\/wp-json\/wp\/v2\/product\/37566","targetHints":{"allow":["GET"]}}],"collection":[{"href":"https:\/\/staging.nbg.eu\/mt\/wp-json\/wp\/v2\/product"}],"about":[{"href":"https:\/\/staging.nbg.eu\/mt\/wp-json\/wp\/v2\/types\/product"}],"wp:featuredmedia":[{"embeddable":true,"href":"https:\/\/staging.nbg.eu\/mt\/wp-json\/wp\/v2\/media\/37194"}],"wp:attachment":[{"href":"https:\/\/staging.nbg.eu\/mt\/wp-json\/wp\/v2\/media?parent=37566"}],"wp:term":[{"taxonomy":"product_brand","embeddable":true,"href":"https:\/\/staging.nbg.eu\/mt\/wp-json\/wp\/v2\/product_brand?post=37566"},{"taxonomy":"product_cat","embeddable":true,"href":"https:\/\/staging.nbg.eu\/mt\/wp-json\/wp\/v2\/product_cat?post=37566"},{"taxonomy":"product_tag","embeddable":true,"href":"https:\/\/staging.nbg.eu\/mt\/wp-json\/wp\/v2\/product_tag?post=37566"}],"curies":[{"name":"wp","href":"https:\/\/api.w.org\/{rel}","templated":true}]}}