{"id":37526,"date":"2024-09-02T16:37:54","date_gmt":"2024-09-02T16:37:54","guid":{"rendered":"https:\/\/staging.nbg.eu\/product\/bcm-kag-m-lok-compatible\/"},"modified":"2024-09-09T14:01:31","modified_gmt":"2024-09-09T14:01:31","slug":"condition-one-j-arm-45-170","status":"publish","type":"product","link":"https:\/\/staging.nbg.eu\/mt\/product\/condition-one-j-arm-45-170\/","title":{"rendered":"Condition One J-Arm 45\u00b0 1.70"},"content":{"rendered":"<div class=\"product-description\">\n<h2>BCM\u00ae KAG &#8211; Kinesthetic Angled Grip (Kompatibbli ma&#8217; M-LOK\u00ae*)<\/h2>\n<p>Tejjeb l-esperjenza tal-isparar tieg\u0127ek bil-BCM\u00ae KAG, kollaborazzjoni bejn BCM\u00ae u Travis Haley ta&#8217; Haley Strategic Partners. Dan il-grip innovattiv joffri:<\/p>\n<ul>\n<li>Inklinazzjoni &#8216;l quddiem bijomekanikament effi\u010bjenti g\u0127al \u017camma po\u017cittiva<\/li>\n<li>Ser\u0127an g\u0127all-\u0121ogi tal-polz, minkeb, u spalla<\/li>\n<li>Testura fuq quddiem u wara g\u0127al inga\u0121\u0121 konsistenti<\/li>\n<li>Ideali g\u0127al qabda &#8220;C-clamp&#8221; u po\u017cizzjonijiet ta&#8217; sparar appo\u0121\u0121jati<\/li>\n<li>Disinn kompatt g\u0127al manipulazzjoni a\u0127jar tal-arma<\/li>\n<li>Mag\u0127mul fl-Istati Uniti minn polimeri ta&#8217; kwalit\u00e0 g\u0127olja u re\u017cistenti g\u0127all-impatt<\/li>\n<\/ul>\n<p>Id-disinn ergonomiku tal-KAG jikkumplimenta l-qabdiet moderni tal-isparar, jippermetti tran\u017cizzjonijiet bla xkiel u effi\u010bjenza mtejba ming\u0127ajr ma j\u017cid il-bulk mas-sistema tal-arma tieg\u0127ek.<\/p>\n<\/div>\n","protected":false},"excerpt":{"rendered":"<p>BCM\u00ae KAG: Qabda ergonomika M-LOK\u00ae g\u0127al kontroll a\u0127jar tal-arma.<\/p>\n","protected":false},"featured_media":37358,"template":"","meta":{"_acf_changed":false},"product_brand":[11070],"product_cat":[496],"product_tag":[],"class_list":{"0":"post-37526","1":"product","2":"type-product","3":"status-publish","4":"has-post-thumbnail","6":"product_brand-bcm","7":"product_cat-uncategorized-mt","9":"first","10":"instock","11":"taxable","12":"shipping-taxable","13":"purchasable","14":"product-type-variable","15":"wvs-archive-product-wrapper"},"acf":[],"_links":{"self":[{"href":"https:\/\/staging.nbg.eu\/mt\/wp-json\/wp\/v2\/product\/37526","targetHints":{"allow":["GET"]}}],"collection":[{"href":"https:\/\/staging.nbg.eu\/mt\/wp-json\/wp\/v2\/product"}],"about":[{"href":"https:\/\/staging.nbg.eu\/mt\/wp-json\/wp\/v2\/types\/product"}],"wp:featuredmedia":[{"embeddable":true,"href":"https:\/\/staging.nbg.eu\/mt\/wp-json\/wp\/v2\/media\/37358"}],"wp:attachment":[{"href":"https:\/\/staging.nbg.eu\/mt\/wp-json\/wp\/v2\/media?parent=37526"}],"wp:term":[{"taxonomy":"product_brand","embeddable":true,"href":"https:\/\/staging.nbg.eu\/mt\/wp-json\/wp\/v2\/product_brand?post=37526"},{"taxonomy":"product_cat","embeddable":true,"href":"https:\/\/staging.nbg.eu\/mt\/wp-json\/wp\/v2\/product_cat?post=37526"},{"taxonomy":"product_tag","embeddable":true,"href":"https:\/\/staging.nbg.eu\/mt\/wp-json\/wp\/v2\/product_tag?post=37526"}],"curies":[{"name":"wp","href":"https:\/\/api.w.org\/{rel}","templated":true}]}}