{"id":37454,"date":"2024-09-02T10:45:09","date_gmt":"2024-09-09T13:25:10","guid":{"rendered":"https:\/\/staging.nbg.eu\/product\/condition-one-j-arm-45-1-70\/"},"modified":"2024-09-09T13:25:50","modified_gmt":"2024-09-09T13:25:50","slug":"rikariga-medja-tkn-avvanzat","status":"publish","type":"product","link":"https:\/\/staging.nbg.eu\/mt\/product\/rikariga-medja-tkn-avvanzat\/","title":{"rendered":"Rikariga Medja TKN!\u2122 &#8211; AVVANZAT"},"content":{"rendered":"<div class=\"product-description\">\n<h2>Condition One J-Arm 45\u00b0 1.70<\/h2>\n<p>G\u0127olli l-Condition One Modular Mount (C.O.M.M.) tieg\u0127ek bil-versatilit\u00e0 tal-Condition One J-Arm. Dan l-a\u010b\u010bessorju essenzjali joffri flessibilit\u00e0 bla paragun g\u0127all-immuntar ta&#8217; diversi attachments mal-setup tieg\u0127ek.<\/p>\n<ul>\n<li>Angolu ta&#8217; 45\u00b0 g\u0127al po\u017cizzjonament ottimali<\/li>\n<li>Tul ta&#8217; 1.70&#8243; g\u0127al tqeg\u0127id pre\u010bi\u017c tal-a\u010b\u010bessorji<\/li>\n<li>Disinn ambidestru &#8211; immunta fuq ix-xellug jew il-lemin<\/li>\n<li>Po\u017cizzjonament a\u0121\u0121ustabbli &#8216;l quddiem u lura<\/li>\n<li>Mag\u0127mul minn aluminju 7075-T6 durabbli<\/li>\n<li>Finitura Type III Hard Coat Anodized<\/li>\n<li>Disponibbli f&#8217;kulur Kannella \u010aar u Iswed<\/li>\n<\/ul>\n<p>Personalizza t-tqassim tat-tag\u0127mir tieg\u0127ek b&#8217;fa\u010bilit\u00e0 u effi\u010bjenza. In-natura adattabbli tal-J-Arm tippermetti lill-operaturi jottimizzaw is-setup tag\u0127hom g\u0127al kwalunkwe missjoni jew preferenza. Esperjenza kwalit\u00e0 u funzjonalit\u00e0 superjuri bil-Condition One J-Arm 45\u00b0 1.70.<\/p>\n<\/div>\n","protected":false},"excerpt":{"rendered":"<p>Immuntar versatili ta&#8217; 45\u00b0 J-Arm g\u0127al C.O.M.M. Aluminju re\u017cistenti, a\u0121\u0121ustabbli.<\/p>\n","protected":false},"featured_media":35366,"template":"","meta":{"_acf_changed":false},"product_brand":[11090],"product_cat":[796,798,642,643],"product_tag":[],"class_list":{"0":"post-37454","1":"product","2":"type-product","3":"status-publish","4":"has-post-thumbnail","6":"product_brand-badger-ordnance","7":"product_cat-aiming-mt","8":"product_cat-red-dots-mt","9":"product_cat-rifle-mt","10":"product_cat-rifle-parts-mt","12":"first","13":"instock","14":"taxable","15":"shipping-taxable","16":"purchasable","17":"product-type-simple"},"acf":[],"_links":{"self":[{"href":"https:\/\/staging.nbg.eu\/mt\/wp-json\/wp\/v2\/product\/37454","targetHints":{"allow":["GET"]}}],"collection":[{"href":"https:\/\/staging.nbg.eu\/mt\/wp-json\/wp\/v2\/product"}],"about":[{"href":"https:\/\/staging.nbg.eu\/mt\/wp-json\/wp\/v2\/types\/product"}],"wp:featuredmedia":[{"embeddable":true,"href":"https:\/\/staging.nbg.eu\/mt\/wp-json\/wp\/v2\/media\/35366"}],"wp:attachment":[{"href":"https:\/\/staging.nbg.eu\/mt\/wp-json\/wp\/v2\/media?parent=37454"}],"wp:term":[{"taxonomy":"product_brand","embeddable":true,"href":"https:\/\/staging.nbg.eu\/mt\/wp-json\/wp\/v2\/product_brand?post=37454"},{"taxonomy":"product_cat","embeddable":true,"href":"https:\/\/staging.nbg.eu\/mt\/wp-json\/wp\/v2\/product_cat?post=37454"},{"taxonomy":"product_tag","embeddable":true,"href":"https:\/\/staging.nbg.eu\/mt\/wp-json\/wp\/v2\/product_tag?post=37454"}],"curies":[{"name":"wp","href":"https:\/\/api.w.org\/{rel}","templated":true}]}}