{"id":36781,"date":"2024-07-29T19:05:32","date_gmt":"2024-09-02T14:41:51","guid":{"rendered":"https:\/\/staging.nbg.eu\/product\/medium-tkn-refill-advanced\/"},"modified":"2024-09-02T14:42:54","modified_gmt":"2024-09-02T14:42:54","slug":"pakkett-gal-genbejn-gal-plate-carriers-two-4","status":"publish","type":"product","link":"https:\/\/staging.nbg.eu\/mt\/product\/pakkett-gal-genbejn-gal-plate-carriers-two-4\/","title":{"rendered":"Pakkett g\u0127al \u0120enbejn g\u0127al Plate Carriers Two-4"},"content":{"rendered":"<div class=\"product-description\">\n<h2>Mili Medju TKN!\u2122 &#8211; AVVANZAT minn BlueForceGear<\/h2>\n<p>A\u0121\u0121orna l-kit tat-trawma tieg\u0127ek bil-Mili Medju TKN!\u2122 &#8211; AVVANZAT minn BlueForceGear. Dan il-kit ta&#8217; mili komprensiv huwa mfassal biex i\u0121edded it-TKN!\u2122 (Trauma Kit NOW!) e\u017cistenti tieg\u0127ek jew biex to\u0127loq kit tat-trawma \u0121did u fornut kompletament g\u0127al sitwazzjonijiet ta&#8217; emer\u0121enza.<\/p>\n<h2>Karatteristi\u010bi Ewlenin:<\/h2>\n<ul>\n<li>Sett komplut ta&#8217; provvisti medi\u010bi avvanzati g\u0127all-kura tat-trawma<\/li>\n<li>Jinkludi o\u0121\u0121etti essenzjali g\u0127at-trattament ta&#8217; korrimenti serji<\/li>\n<li>Kompatt u organizzat g\u0127al a\u010b\u010bess rapidu f&#8217;emer\u0121enzi<\/li>\n<li>Komponenti ta&#8217; kwalit\u00e0 g\u0127olja ta&#8217; grad militari<\/li>\n<li>Adattat g\u0127all-u\u017cu mill-pulizija, militari, u \u010bivili<\/li>\n<\/ul>\n<h2>Kontenut tal-Kit:<\/h2>\n<ul>\n<li>Il-Kit ta&#8217; Mili Avvanzat Jinkludi:\n<li>1. Ingwanti tat-Trawma (Mibruma 1x Par)<\/li>\n<li>2. Quikclot Combat Gauze (1x)<\/li>\n<li>3. Faxxa ta&#8217; Emer\u0121enza tat-Trawma 6&#8243; (1x)<\/li>\n<li>4. Kutra g\u0127all-Ipotermija<\/li>\n<li>5. Tejp \u010aatt Mitwi (1x)<\/li>\n<li>6. Gar\u017ca Kompressata (1x)<\/li>\n<li>7. Mqass tat-Trawma (1x)<\/li>\n<li>8. Si\u0121ill tas-Sider Daqs S\u0127i\u0127 (1x Pakkett Doppju)<\/li>\n<li>9. Passa\u0121\u0121 tal-Arja Nasofarin\u0121eali (1x)<\/li>\n<li>10. Labra tad-Dekompressjoni (1x)<\/li>\n<\/ul>\n<p>Il-Mili Medju TKN!\u2122 &#8211; AVVANZAT huwa mag\u0127\u017cul b&#8217;g\u0127aqal biex jipprovdilek l-g\u0127odod me\u0127tie\u0121a biex tindirizza fsada severa, pnewmotorax ta&#8217; tensjoni, u ostruzzjonijiet tal-passa\u0121\u0121 tal-arja. Kull komponent huwa mag\u0127\u017cul bir-reqqa g\u0127all-effettivit\u00e0 u l-fa\u010bilit\u00e0 tal-u\u017cu tieg\u0127u f&#8217;sitwazzjonijiet ta&#8217; stress g\u0127oli.<\/p>\n<p>Kemm jekk int first responder, entu\u017cjast tal-attivitajiet barra, jew sempli\u010bement qed tipprepara g\u0127al emer\u0121enzi mhux mistennija, dan il-kit ta&#8217; mili ji\u017cgura li tkun mg\u0127ammar biex timmani\u0121\u0121ja korrimenti kriti\u010bi sakemm tasal l-g\u0127ajnuna medika professjonali. Tikkompromettix fuq is-sigurt\u00e0 \u2013 ag\u0127\u017cel il-Mili Medju TKN!\u2122 &#8211; AVVANZAT ta&#8217; BlueForceGear g\u0127al tag\u0127mir affidabbli li jsalva l-\u0127ajja.<\/p>\n<p><strong>Nota:<\/strong><\/p>\n","protected":false},"excerpt":{"rendered":"<p>\u017bieda kompatta u avvanzata g\u0127all-kitt ta&#8217; trawma g\u0127al kura kritika fil-kamp.<\/p>\n","protected":false},"featured_media":36790,"template":"","meta":{"_acf_changed":false},"product_brand":[11137],"product_cat":[565,1838],"product_tag":[],"class_list":{"0":"post-36781","1":"product","2":"type-product","3":"status-publish","4":"has-post-thumbnail","6":"product_brand-blue-force-gear","7":"product_cat-gear-mt","8":"product_cat-medical-mt","10":"first","11":"instock","12":"taxable","13":"shipping-taxable","14":"purchasable","15":"product-type-simple"},"acf":[],"_links":{"self":[{"href":"https:\/\/staging.nbg.eu\/mt\/wp-json\/wp\/v2\/product\/36781","targetHints":{"allow":["GET"]}}],"collection":[{"href":"https:\/\/staging.nbg.eu\/mt\/wp-json\/wp\/v2\/product"}],"about":[{"href":"https:\/\/staging.nbg.eu\/mt\/wp-json\/wp\/v2\/types\/product"}],"wp:featuredmedia":[{"embeddable":true,"href":"https:\/\/staging.nbg.eu\/mt\/wp-json\/wp\/v2\/media\/36790"}],"wp:attachment":[{"href":"https:\/\/staging.nbg.eu\/mt\/wp-json\/wp\/v2\/media?parent=36781"}],"wp:term":[{"taxonomy":"product_brand","embeddable":true,"href":"https:\/\/staging.nbg.eu\/mt\/wp-json\/wp\/v2\/product_brand?post=36781"},{"taxonomy":"product_cat","embeddable":true,"href":"https:\/\/staging.nbg.eu\/mt\/wp-json\/wp\/v2\/product_cat?post=36781"},{"taxonomy":"product_tag","embeddable":true,"href":"https:\/\/staging.nbg.eu\/mt\/wp-json\/wp\/v2\/product_tag?post=36781"}],"curies":[{"name":"wp","href":"https:\/\/api.w.org\/{rel}","templated":true}]}}