{"id":36522,"date":"2024-07-29T19:12:01","date_gmt":"2024-09-02T14:22:19","guid":{"rendered":"https:\/\/staging.nbg.eu\/product\/two-4-waist-pack-for-plate-carriers\/"},"modified":"2024-09-02T14:23:31","modified_gmt":"2024-09-02T14:23:31","slug":"flap-cummerbund-ten-speed-triplu-m4","status":"publish","type":"product","link":"https:\/\/staging.nbg.eu\/mt\/product\/flap-cummerbund-ten-speed-triplu-m4\/","title":{"rendered":"Flap Cummerbund Ten-Speed\u00ae &#8211; Triplu M4"},"content":{"rendered":"<p>Tejjeb is-setup tal-plate carrier tieg\u0127ek bil-Two-4 Waist Pack versatili ta&#8217; BlueForceGear. Dan il-pack b&#8217;profil baxx je\u0127el b&#8217;mod sigur mal-qadd jew mal-plate carrier tieg\u0127ek, u joffri a\u010b\u010bess rapidu g\u0127al tag\u0127mir essenzjali. Il-karatteristi\u010bi jinkludu:<\/p>\n<ul>\n<li>Kostruzzjoni ta&#8217; Cordura 500D re\u017cistenti<\/li>\n<li>Sistema ta&#8217; rbit kompatibbli ma&#8217; MOLLE<\/li>\n<li>Kompartiment prin\u010bipali b&#8217;organizzazzjoni interna<\/li>\n<li>Bor\u017ca amministrattiva ta&#8217; quddiem g\u0127al o\u0121\u0121etti \u017cg\u0127ar<\/li>\n<li>Disinn ambidestru g\u0127al u\u017cu bl-id tax-xellug jew tal-lemin<\/li>\n<li>Disponibbli f&#8217;diversi kuluri<\/li>\n<\/ul>\n<p>Perfett g\u0127al militari, pulizija, jew entu\u017cjasti tatti\u010bi, it-Two-4 Waist Pack joffri \u0127a\u017cna konvenjenti ming\u0127ajr ma jikkomprometti l-mobilit\u00e0. \u0120orr provvisti medi\u010bi, munizzjon, jew o\u0121\u0121etti personali b&#8217;fa\u010bilit\u00e0. Mibni biex idum u mfassal g\u0127al funzjonalit\u00e0 ottimali f&#8217;sitwazzjonijiet ta&#8217; stress g\u0127oli.<\/p>\n","protected":false},"excerpt":{"rendered":"<p>\u010ainturin modulari g\u0127all-\u0121akketti tal-pjan\u010bi. \u0126a\u017cna sigura u versatili.<\/p>\n","protected":false},"featured_media":36523,"template":"","meta":{"_acf_changed":false},"product_brand":[11137],"product_cat":[565,1526,566],"product_tag":[],"class_list":{"0":"post-36522","1":"product","2":"type-product","3":"status-publish","4":"has-post-thumbnail","6":"product_brand-blue-force-gear","7":"product_cat-gear-mt","8":"product_cat-plate-carriers-mt","9":"product_cat-pouches-mt","11":"first","12":"instock","13":"taxable","14":"shipping-taxable","15":"purchasable","16":"product-type-simple"},"acf":[],"_links":{"self":[{"href":"https:\/\/staging.nbg.eu\/mt\/wp-json\/wp\/v2\/product\/36522","targetHints":{"allow":["GET"]}}],"collection":[{"href":"https:\/\/staging.nbg.eu\/mt\/wp-json\/wp\/v2\/product"}],"about":[{"href":"https:\/\/staging.nbg.eu\/mt\/wp-json\/wp\/v2\/types\/product"}],"wp:featuredmedia":[{"embeddable":true,"href":"https:\/\/staging.nbg.eu\/mt\/wp-json\/wp\/v2\/media\/36523"}],"wp:attachment":[{"href":"https:\/\/staging.nbg.eu\/mt\/wp-json\/wp\/v2\/media?parent=36522"}],"wp:term":[{"taxonomy":"product_brand","embeddable":true,"href":"https:\/\/staging.nbg.eu\/mt\/wp-json\/wp\/v2\/product_brand?post=36522"},{"taxonomy":"product_cat","embeddable":true,"href":"https:\/\/staging.nbg.eu\/mt\/wp-json\/wp\/v2\/product_cat?post=36522"},{"taxonomy":"product_tag","embeddable":true,"href":"https:\/\/staging.nbg.eu\/mt\/wp-json\/wp\/v2\/product_tag?post=36522"}],"curies":[{"name":"wp","href":"https:\/\/api.w.org\/{rel}","templated":true}]}}