{"id":34854,"date":"2024-07-30T19:21:28","date_gmt":"2024-08-27T14:43:44","guid":{"rendered":"https:\/\/staging.nbg.eu\/product\/leg-strap-for-holster-adapter\/"},"modified":"2024-08-27T14:44:38","modified_gmt":"2024-08-27T14:44:38","slug":"strixxa-tar-rigel-gal-adattur-tal-holster","status":"publish","type":"product","link":"https:\/\/staging.nbg.eu\/mt\/product\/strixxa-tar-rigel-gal-adattur-tal-holster\/","title":{"rendered":"Strixxa tar-Ri\u0121el g\u0127al Adattur tal-Holster"},"content":{"rendered":"<div class=\"product-description\">\n<h2>BlueForceGear \u010ainturin tar-Ri\u0121el g\u0127all-Adapter tal-Holster<\/h2>\n<p>Tejjeb l-istabbilt\u00e0 u l-kumdit\u00e0 tal-holster tieg\u0127ek bil-\u010ainturin tar-Ri\u0121el g\u0127all-Adapter tal-Holster ta&#8217; BlueForceGear. Dan i\u010b-\u010binturin re\u017cistenti u a\u0121\u0121ustabbli huwa ddisinjat biex jissikura l-holster tieg\u0127ek ma&#8217; koxxtok, u jipprovdi \u0121bid affidabbli u konsistenti.<\/p>\n<ul>\n<h3>Karatteristi\u010bi:<\/h3>\n<li>Kompatibbli mal-bi\u010b\u010ba l-kbira tal-adapters tal-holsters<\/li>\n<li>A\u0121\u0121ustabbli g\u0127al qag\u0127da perfetta<\/li>\n<li>Mag\u0127mul minn materjali ta&#8217; kwalit\u00e0 g\u0127olja u traspiranti<\/li>\n<li>Disinn li ma ji\u017cloqx g\u0127al stabbilt\u00e0 massima<\/li>\n<li>Bokkla li tinfeta\u0127 malajr g\u0127al tne\u0127\u0127ija u lbies fa\u010bli<\/li>\n<\/ul>\n<p>Ideali g\u0127all-infurzar tal-li\u0121i, u\u017cu militari u \u010bivili, dan i\u010b-\u010binturin tar-ri\u0121el ji\u017cgura li l-holster tieg\u0127ek jibqa&#8217; f&#8217;postu waqt attivitajiet intensi.<\/p>\n<\/div>\n","protected":false},"excerpt":{"rendered":"<p>\u010ainga sikura tas-sieq ittejjeb l-istabbilt\u00e0 tal-holster g\u0127al \u0121bid bla xkiel.<\/p>\n","protected":false},"featured_media":34855,"template":"","meta":{"_acf_changed":false},"product_brand":[11137],"product_cat":[565,1025,1026],"product_tag":[],"class_list":{"0":"post-34854","1":"product","2":"type-product","3":"status-publish","4":"has-post-thumbnail","6":"product_brand-blue-force-gear","7":"product_cat-gear-mt","8":"product_cat-holster-mt","9":"product_cat-holster-accessories-mt","11":"first","12":"instock","13":"taxable","14":"shipping-taxable","15":"purchasable","16":"product-type-variable","17":"wvs-archive-product-wrapper"},"acf":[],"_links":{"self":[{"href":"https:\/\/staging.nbg.eu\/mt\/wp-json\/wp\/v2\/product\/34854","targetHints":{"allow":["GET"]}}],"collection":[{"href":"https:\/\/staging.nbg.eu\/mt\/wp-json\/wp\/v2\/product"}],"about":[{"href":"https:\/\/staging.nbg.eu\/mt\/wp-json\/wp\/v2\/types\/product"}],"wp:featuredmedia":[{"embeddable":true,"href":"https:\/\/staging.nbg.eu\/mt\/wp-json\/wp\/v2\/media\/34855"}],"wp:attachment":[{"href":"https:\/\/staging.nbg.eu\/mt\/wp-json\/wp\/v2\/media?parent=34854"}],"wp:term":[{"taxonomy":"product_brand","embeddable":true,"href":"https:\/\/staging.nbg.eu\/mt\/wp-json\/wp\/v2\/product_brand?post=34854"},{"taxonomy":"product_cat","embeddable":true,"href":"https:\/\/staging.nbg.eu\/mt\/wp-json\/wp\/v2\/product_cat?post=34854"},{"taxonomy":"product_tag","embeddable":true,"href":"https:\/\/staging.nbg.eu\/mt\/wp-json\/wp\/v2\/product_tag?post=34854"}],"curies":[{"name":"wp","href":"https:\/\/api.w.org\/{rel}","templated":true}]}}