{"id":34688,"date":"2024-07-30T19:26:43","date_gmt":"2024-08-27T14:30:10","guid":{"rendered":"https:\/\/staging.nbg.eu\/product\/mag-now-triple-m4-pouch\/"},"modified":"2024-08-27T14:31:06","modified_gmt":"2024-08-27T14:31:06","slug":"mag-now-burziena-tripla-m4","status":"publish","type":"product","link":"https:\/\/staging.nbg.eu\/mt\/product\/mag-now-burziena-tripla-m4\/","title":{"rendered":"MAG NOW! BUR\u017bIENA TRIPLA M4"},"content":{"rendered":"<p>Il-<strong>MAG NOW! TRIPLE M4 POUCH<\/strong> minn BlueForceGear huwa \u010barrier tal-maga\u017cini ta&#8217; prestazzjoni g\u0127olja mfassal g\u0127all-professjonisti tatti\u010bi u l-entu\u017cjasti. Il-karatteristi\u010bi jinkludu:<\/p>\n<ul>\n<li>I\u017comm b&#8217;mod sigur tliet maga\u017cini ta&#8217; 30 tir M4\/AR-15<\/li>\n<li>Kostruzzjoni b&#8217;sa\u0127\u0127itha ta&#8217; najlon 500D Cordura<\/li>\n<li>Sistema ta&#8217; twa\u0127\u0127il Helium Whisper g\u0127al kompatibbilt\u00e0 \u0127afifa ma&#8217; MOLLE<\/li>\n<li>\u010aineg ta&#8217; \u017camma tal-lastku g\u0127al a\u010b\u010bess mg\u0127a\u0121\u0121el<\/li>\n<li>Disinn b&#8217;profil baxx g\u0127al inqas volum<\/li>\n<li>Disponibbli f&#8217;diversi kuluri biex jaqblu mat-tag\u0127mir tieg\u0127ek<\/li>\n<\/ul>\n<p>A\u0121\u0121orna t-tag\u0127mir tieg\u0127ek b&#8217;din il-bor\u017ca versatili u affidabbli li ti\u017cgura bdil rapidu tal-maga\u017cini meta kull sekonda tg\u0127odd.<\/p>\n","protected":false},"excerpt":{"rendered":"<p>\u0126olster triplu sigur g\u0127all-maga\u017cini M4. A\u010b\u010bess mg\u0127a\u0121\u0121el. Disinn re\u017cistenti.<\/p>\n","protected":false},"featured_media":34689,"template":"","meta":{"_acf_changed":false},"product_brand":[11137],"product_cat":[565,1211,566],"product_tag":[],"class_list":{"0":"post-34688","1":"product","2":"type-product","3":"status-publish","4":"has-post-thumbnail","6":"product_brand-blue-force-gear","7":"product_cat-gear-mt","8":"product_cat-magazine-holders-mt","9":"product_cat-pouches-mt","11":"first","12":"instock","13":"taxable","14":"shipping-taxable","15":"purchasable","16":"product-type-variable","17":"wvs-archive-product-wrapper"},"acf":[],"_links":{"self":[{"href":"https:\/\/staging.nbg.eu\/mt\/wp-json\/wp\/v2\/product\/34688","targetHints":{"allow":["GET"]}}],"collection":[{"href":"https:\/\/staging.nbg.eu\/mt\/wp-json\/wp\/v2\/product"}],"about":[{"href":"https:\/\/staging.nbg.eu\/mt\/wp-json\/wp\/v2\/types\/product"}],"wp:featuredmedia":[{"embeddable":true,"href":"https:\/\/staging.nbg.eu\/mt\/wp-json\/wp\/v2\/media\/34689"}],"wp:attachment":[{"href":"https:\/\/staging.nbg.eu\/mt\/wp-json\/wp\/v2\/media?parent=34688"}],"wp:term":[{"taxonomy":"product_brand","embeddable":true,"href":"https:\/\/staging.nbg.eu\/mt\/wp-json\/wp\/v2\/product_brand?post=34688"},{"taxonomy":"product_cat","embeddable":true,"href":"https:\/\/staging.nbg.eu\/mt\/wp-json\/wp\/v2\/product_cat?post=34688"},{"taxonomy":"product_tag","embeddable":true,"href":"https:\/\/staging.nbg.eu\/mt\/wp-json\/wp\/v2\/product_tag?post=34688"}],"curies":[{"name":"wp","href":"https:\/\/api.w.org\/{rel}","templated":true}]}}