{"id":34504,"date":"2024-07-30T19:30:06","date_gmt":"2024-08-27T14:18:07","guid":{"rendered":"https:\/\/staging.nbg.eu\/product\/admin-pouch\/"},"modified":"2024-08-27T14:19:19","modified_gmt":"2024-08-27T14:19:19","slug":"burziena-admin","status":"publish","type":"product","link":"https:\/\/staging.nbg.eu\/mt\/product\/burziena-admin\/","title":{"rendered":"Bur\u017ciena Admin"},"content":{"rendered":"<div class=\"product-description\">\n<h2>Bor\u017ca Amministrattiva BlueForceGear<\/h2>\n<p>\u017bomm l-affarijiet organizzati fil-kamp bl-Bor\u017ca Amministrattiva BlueForceGear. Din il-bor\u017ca versatili hija perfetta biex ta\u0127\u017cen u ta\u010b\u010bessa tag\u0127mir essenzjali:<\/p>\n<ul>\n<li>Kostruzzjoni re\u017cistenti ta&#8217; Cordura 500D<\/li>\n<li>Kompatibbli ma&#8217; MOLLE g\u0127al twa\u0127\u0127il fa\u010bli<\/li>\n<li>Bosta bwiet interni u \u0127oloq elasti\u010bi<\/li>\n<li>G\u0127eluq bi\u017c-\u017cipp sigur<\/li>\n<li>Disponibbli f&#8217;diversi kuluri<\/li>\n<\/ul>\n<p>Ideali g\u0127all-militari, uffi\u010bjali tal-infurzar tal-li\u0121i, u entu\u017cjasti tal-attivitajiet fil-bera\u0127. \u017bomm l-o\u0121\u0121etti amministrattivi tieg\u0127ek organizzati u fa\u010bilment a\u010b\u010bessibbli b&#8217;din il-bor\u017ca re\u017cistenti u funzjonali.<\/p>\n<\/div>\n","protected":false},"excerpt":{"rendered":"<p>Bor\u017ca amministrattiva kompatta u versatili g\u0127all-organizzazzjoni ta&#8217; tag\u0127mir essenzjali waqt li tkun fuq il-mixi.<\/p>\n","protected":false},"featured_media":34511,"template":"","meta":{"_acf_changed":false},"product_brand":[11137],"product_cat":[565,566],"product_tag":[],"class_list":{"0":"post-34504","1":"product","2":"type-product","3":"status-publish","4":"has-post-thumbnail","6":"product_brand-blue-force-gear","7":"product_cat-gear-mt","8":"product_cat-pouches-mt","10":"first","11":"instock","12":"taxable","13":"shipping-taxable","14":"purchasable","15":"product-type-variable","16":"wvs-archive-product-wrapper"},"acf":[],"_links":{"self":[{"href":"https:\/\/staging.nbg.eu\/mt\/wp-json\/wp\/v2\/product\/34504","targetHints":{"allow":["GET"]}}],"collection":[{"href":"https:\/\/staging.nbg.eu\/mt\/wp-json\/wp\/v2\/product"}],"about":[{"href":"https:\/\/staging.nbg.eu\/mt\/wp-json\/wp\/v2\/types\/product"}],"wp:featuredmedia":[{"embeddable":true,"href":"https:\/\/staging.nbg.eu\/mt\/wp-json\/wp\/v2\/media\/34511"}],"wp:attachment":[{"href":"https:\/\/staging.nbg.eu\/mt\/wp-json\/wp\/v2\/media?parent=34504"}],"wp:term":[{"taxonomy":"product_brand","embeddable":true,"href":"https:\/\/staging.nbg.eu\/mt\/wp-json\/wp\/v2\/product_brand?post=34504"},{"taxonomy":"product_cat","embeddable":true,"href":"https:\/\/staging.nbg.eu\/mt\/wp-json\/wp\/v2\/product_cat?post=34504"},{"taxonomy":"product_tag","embeddable":true,"href":"https:\/\/staging.nbg.eu\/mt\/wp-json\/wp\/v2\/product_tag?post=34504"}],"curies":[{"name":"wp","href":"https:\/\/api.w.org\/{rel}","templated":true}]}}