{"id":34217,"date":"2024-07-30T19:31:05","date_gmt":"2024-08-27T14:09:03","guid":{"rendered":"https:\/\/staging.nbg.eu\/product\/boo-boo-pouch\/"},"modified":"2024-08-27T14:10:23","modified_gmt":"2024-08-27T14:10:23","slug":"burziena-boo-boo","status":"publish","type":"product","link":"https:\/\/staging.nbg.eu\/mt\/product\/burziena-boo-boo\/","title":{"rendered":"Bur\u017ciena Boo Boo"},"content":{"rendered":"<p>Il-Boo Boo Pouch ta&#8217; Blue Force Gear huwa kit mediku kompatt u versatili ddisinjat g\u0127all-\u0121arr ta&#8217; kuljum. Din il-bor\u017ca \u0127afifa te\u0127el fa\u010bilment mal-apparat tieg\u0127ek bl-u\u017cu ta&#8217; webbing MOLLE\/PALS jew \u010bineg. Mag\u0127mul minn nylon Cordura 500D re\u017cistenti, huwa mibni biex jirre\u017cisti kundizzjonijiet \u0127orox.<\/p>\n<ul>\n<li>Dimensjonijiet: 4&#8243; x 4&#8243; x 2&#8243;<\/li>\n<li>G\u0127a\u017cliet multipli ta&#8217; twa\u0127\u0127il<\/li>\n<li>\u010arieki elasti\u010bi interni g\u0127all-organizzazzjoni<\/li>\n<li>Disponibbli f&#8217;diversi kuluri<\/li>\n<li>Perfett g\u0127all-\u0127a\u017cna ta&#8217; provvisti ba\u017ci\u010bi tal-ewwel g\u0127ajnuna<\/li>\n<\/ul>\n<p>Kemm jekk qed tag\u0127mel hiking, camping, jew qieg\u0127ed fuq xog\u0127ol, il-Boo Boo Pouch ji\u017cgura li tkun ippreparat g\u0127al korrimenti \u017cg\u0127ar u emer\u0121enzi. Kompatt i\u017cda spazju\u017c, huwa \u017cieda essenzjali g\u0127all-kit EDC tieg\u0127ek.<\/p>\n","protected":false},"excerpt":{"rendered":"<p>Bor\u017ca medika kompatta g\u0127al apparat essenzjali tal-ewwel g\u0127ajnuna waqt l-ivvja\u0121\u0121ar.<\/p>\n","protected":false},"featured_media":34223,"template":"","meta":{"_acf_changed":false},"product_brand":[11137],"product_cat":[565,566],"product_tag":[],"class_list":{"0":"post-34217","1":"product","2":"type-product","3":"status-publish","4":"has-post-thumbnail","6":"product_brand-blue-force-gear","7":"product_cat-gear-mt","8":"product_cat-pouches-mt","10":"first","11":"instock","12":"taxable","13":"shipping-taxable","14":"purchasable","15":"product-type-variable","16":"wvs-archive-product-wrapper"},"acf":[],"_links":{"self":[{"href":"https:\/\/staging.nbg.eu\/mt\/wp-json\/wp\/v2\/product\/34217","targetHints":{"allow":["GET"]}}],"collection":[{"href":"https:\/\/staging.nbg.eu\/mt\/wp-json\/wp\/v2\/product"}],"about":[{"href":"https:\/\/staging.nbg.eu\/mt\/wp-json\/wp\/v2\/types\/product"}],"wp:featuredmedia":[{"embeddable":true,"href":"https:\/\/staging.nbg.eu\/mt\/wp-json\/wp\/v2\/media\/34223"}],"wp:attachment":[{"href":"https:\/\/staging.nbg.eu\/mt\/wp-json\/wp\/v2\/media?parent=34217"}],"wp:term":[{"taxonomy":"product_brand","embeddable":true,"href":"https:\/\/staging.nbg.eu\/mt\/wp-json\/wp\/v2\/product_brand?post=34217"},{"taxonomy":"product_cat","embeddable":true,"href":"https:\/\/staging.nbg.eu\/mt\/wp-json\/wp\/v2\/product_cat?post=34217"},{"taxonomy":"product_tag","embeddable":true,"href":"https:\/\/staging.nbg.eu\/mt\/wp-json\/wp\/v2\/product_tag?post=34217"}],"curies":[{"name":"wp","href":"https:\/\/api.w.org\/{rel}","templated":true}]}}