{"id":33730,"date":"2024-07-30T19:33:04","date_gmt":"2024-08-27T13:14:25","guid":{"rendered":"https:\/\/staging.nbg.eu\/product\/mag-now-single-pistol-pouch-bullets-flat\/"},"modified":"2024-08-27T13:15:32","modified_gmt":"2024-08-27T13:15:32","slug":"mag-now-burziena-wada-pistola-balli-catti","status":"publish","type":"product","link":"https:\/\/staging.nbg.eu\/mt\/product\/mag-now-burziena-wada-pistola-balli-catti\/","title":{"rendered":"MAG NOW! BUR\u017bIENA WA\u0126DA PISTOLA (BALLI \u010aATTI)"},"content":{"rendered":"<p>\nIl-<strong>MAG NOW! SINGLE PISTOL POUCH (BULLETS FLAT)<\/strong> minn Blue Force Gear huwa soluzzjoni versatili u re\u017cistenti g\u0127all-\u0121arr tal-magasin tal-pistola tieg\u0127ek. Dan jinkludi:<\/p>\n<ul>\n<li>Disinn b&#8217;profil baxx g\u0127al \u0121arr diskret<\/li>\n<li>Retenzjoni sigura b&#8217;kapa\u010bit\u00e0 ta&#8217; \u0127elsien malajr<\/li>\n<li>Kompatibbli mal-bi\u010b\u010ba l-kbira tal-magasins tal-pistola b&#8217;sett doppju<\/li>\n<li>Kostruzzjoni \u0127afifa ULTRAcomp<\/li>\n<li>Kompatibbli ma&#8217; MOLLE\/PALS<\/li>\n<li>Disponibbli f&#8217;diversi kuluri<\/li>\n<\/ul>\n<p>Perfett g\u0127all-u\u017cu militari, tal-pulizija, u \u010bivili, din il-bor\u017ca toffri a\u010b\u010bess rapidu u prestazzjoni affidabbli f&#8217;kull sitwazzjoni. A\u0121\u0121orna t-tag\u0127mir tieg\u0127ek bid-disinn innovattiv ta&#8217; Blue Force Gear.<\/p>\n","protected":false},"excerpt":{"rendered":"<p>\u0126awlija \u017cg\u0127ira u sikura g\u0127a\u017c-\u017cnied tal-pistola. Balal \u010batti. Disinn b&#8217;a\u010b\u010bess mg\u0127a\u0121\u0121el.<\/p>\n","protected":false},"featured_media":33731,"template":"","meta":{"_acf_changed":false},"product_brand":[11137],"product_cat":[565,566],"product_tag":[],"class_list":{"0":"post-33730","1":"product","2":"type-product","3":"status-publish","4":"has-post-thumbnail","6":"product_brand-blue-force-gear","7":"product_cat-gear-mt","8":"product_cat-pouches-mt","10":"first","11":"instock","12":"taxable","13":"shipping-taxable","14":"purchasable","15":"product-type-variable","16":"wvs-archive-product-wrapper"},"acf":[],"_links":{"self":[{"href":"https:\/\/staging.nbg.eu\/mt\/wp-json\/wp\/v2\/product\/33730","targetHints":{"allow":["GET"]}}],"collection":[{"href":"https:\/\/staging.nbg.eu\/mt\/wp-json\/wp\/v2\/product"}],"about":[{"href":"https:\/\/staging.nbg.eu\/mt\/wp-json\/wp\/v2\/types\/product"}],"wp:featuredmedia":[{"embeddable":true,"href":"https:\/\/staging.nbg.eu\/mt\/wp-json\/wp\/v2\/media\/33731"}],"wp:attachment":[{"href":"https:\/\/staging.nbg.eu\/mt\/wp-json\/wp\/v2\/media?parent=33730"}],"wp:term":[{"taxonomy":"product_brand","embeddable":true,"href":"https:\/\/staging.nbg.eu\/mt\/wp-json\/wp\/v2\/product_brand?post=33730"},{"taxonomy":"product_cat","embeddable":true,"href":"https:\/\/staging.nbg.eu\/mt\/wp-json\/wp\/v2\/product_cat?post=33730"},{"taxonomy":"product_tag","embeddable":true,"href":"https:\/\/staging.nbg.eu\/mt\/wp-json\/wp\/v2\/product_tag?post=33730"}],"curies":[{"name":"wp","href":"https:\/\/api.w.org\/{rel}","templated":true}]}}