{"id":31551,"date":"2024-08-18T19:35:37","date_gmt":"2024-08-24T13:44:31","guid":{"rendered":"https:\/\/staging.nbg.eu\/product\/mr-bulletfeeder-by-double-alpha-gen-2\/"},"modified":"2024-08-24T13:45:51","modified_gmt":"2024-08-24T13:45:51","slug":"mrbulletfeeder-minn-double-alpha-gen-2","status":"publish","type":"product","link":"https:\/\/staging.nbg.eu\/mt\/product\/mrbulletfeeder-minn-double-alpha-gen-2\/","title":{"rendered":"Mr.Bulletfeeder minn Double-Alpha \u0120en 2"},"content":{"rendered":"<div class=\"product-description\">\n<h2>Mr.Bulletfeeder Minn Double-Alpha \u0120enerazzjoni 2<\/h2>\n<p>Irrivoluzzjona l-pro\u010bess tar-rikarika tieg\u0127ek bil-Mr.Bulletfeeder Minn Double-Alpha \u0120enerazzjoni 2. Din is-sistema avvanzata ta&#8217; tmig\u0127 tal-balal tintegra bla xkiel mal-press tar-rikarika progressiva tieg\u0127ek, u \u017c\u017cid b&#8217;mod drammatiku l-velo\u010bit\u00e0 u l-effi\u010bjenza tal-produzzjoni tieg\u0127ek.<\/p>\n<ul>\n<li>Kompatibbli ma&#8217; kalibri multipli<\/li>\n<li>Fa\u010bli biex tinstalla u ta\u0121\u0121usta<\/li>\n<li>Mag\u0127mula bi pre\u010bi\u017cjoni g\u0127al prestazzjoni affidabbli<\/li>\n<li>Tnaqqas il-manipulazzjoni manwali g\u0127al rikarika aktar sigura<\/li>\n<li>Kostruzzjoni durabbli g\u0127al u\u017cu fit-tul<\/li>\n<\/ul>\n<p>A\u0121\u0121orna s-setup tar-rikarika tieg\u0127ek illum u esperjenza d-differenza bil-Mr.Bulletfeeder \u0120enerazzjoni 2!<\/p>\n<\/div>\n","protected":false},"excerpt":{"rendered":"<p>Alimentatur tal-balal effi\u010bjenti g\u0127al ri\u010bargar velo\u010bi u pre\u010bi\u017c. I\u017cid il-produttivit\u00e0.<\/p>\n","protected":false},"featured_media":29312,"template":"","meta":{"_acf_changed":false},"product_brand":[11279],"product_cat":[1076,1077],"product_tag":[],"class_list":{"0":"post-31551","1":"product","2":"type-product","3":"status-publish","4":"has-post-thumbnail","6":"product_brand-doublealpha","7":"product_cat-reloading-mt","8":"product_cat-reloading-machines-mt","10":"first","11":"instock","12":"taxable","13":"shipping-taxable","14":"purchasable","15":"product-type-variable","16":"wvs-archive-product-wrapper"},"acf":[],"_links":{"self":[{"href":"https:\/\/staging.nbg.eu\/mt\/wp-json\/wp\/v2\/product\/31551","targetHints":{"allow":["GET"]}}],"collection":[{"href":"https:\/\/staging.nbg.eu\/mt\/wp-json\/wp\/v2\/product"}],"about":[{"href":"https:\/\/staging.nbg.eu\/mt\/wp-json\/wp\/v2\/types\/product"}],"wp:featuredmedia":[{"embeddable":true,"href":"https:\/\/staging.nbg.eu\/mt\/wp-json\/wp\/v2\/media\/29312"}],"wp:attachment":[{"href":"https:\/\/staging.nbg.eu\/mt\/wp-json\/wp\/v2\/media?parent=31551"}],"wp:term":[{"taxonomy":"product_brand","embeddable":true,"href":"https:\/\/staging.nbg.eu\/mt\/wp-json\/wp\/v2\/product_brand?post=31551"},{"taxonomy":"product_cat","embeddable":true,"href":"https:\/\/staging.nbg.eu\/mt\/wp-json\/wp\/v2\/product_cat?post=31551"},{"taxonomy":"product_tag","embeddable":true,"href":"https:\/\/staging.nbg.eu\/mt\/wp-json\/wp\/v2\/product_tag?post=31551"}],"curies":[{"name":"wp","href":"https:\/\/api.w.org\/{rel}","templated":true}]}}