{"id":31463,"date":"2024-08-18T19:39:34","date_gmt":"2024-08-24T13:40:31","guid":{"rendered":"https:\/\/staging.nbg.eu\/product\/product-5\/"},"modified":"2024-09-05T11:54:02","modified_gmt":"2024-09-05T11:54:02","slug":"flex-holster-sett-ta-riserva-ta-spacers-tal-gnub","status":"publish","type":"product","link":"https:\/\/staging.nbg.eu\/mt\/product\/flex-holster-sett-ta-riserva-ta-spacers-tal-gnub\/","title":{"rendered":"Flex Holster &#8211; Sett ta&#8217; Riserva ta&#8217; Spacers tal-\u0120nub"},"content":{"rendered":"<div class=\"product-description\">\n<h2>Flex Holster &#8211; Sett ta&#8217; Spazers tal-\u0120enb \u017bejda<\/h2>\n<p>\u017bid il-versatilit\u00e0 tal-Flex Holster tieg\u0127ek b&#8217;dan is-sett ta&#8217; spazers tal-\u0121enb \u017cejda minn Double Alpha Academy. Dawn l-ispazers immanifatturati bi pre\u010bi\u017cjoni jippermettulek li:<\/p>\n<ul>\n<li>Ta\u0121\u0121usta l-wisa&#8217; tal-holster tieg\u0127ek g\u0127al mudelli differenti ta&#8217; armi<\/li>\n<li>Tirfina l-pressjoni ta&#8217; retenzjoni<\/li>\n<li>Tippersonalizza l-moviment tal-\u0121bid tieg\u0127ek<\/li>\n<\/ul>\n<p>Mag\u0127mula minn polimer li jdum, dawn l-ispazers ji\u017cguraw prestazzjoni li ddum fit-tul. Kompatibbli mal-mudelli kollha tal-Flex Holster, huma essenzjali g\u0127al sparaturi kompetittivi u dilettanti li jirrikjedu adattabilit\u00e0 massima mill-apparat tag\u0127hom.<\/p>\n<p>A\u0121\u0121orna l-Flex Holster tieg\u0127ek illum g\u0127al prestazzjoni u versatilit\u00e0 ottimali!<\/p>\n<\/div>\n","protected":false},"excerpt":{"rendered":"<p>Spazjaturi tal-\u0121enb addizzjonali g\u0127all-Flex Holster. Ippersonalizza l-qag\u0127da u \u017c-\u017camma.<\/p>\n","protected":false},"featured_media":29450,"template":"","meta":{"_acf_changed":false},"product_brand":[],"product_cat":[1025,1026,1027],"product_tag":[],"class_list":{"0":"post-31463","1":"product","2":"type-product","3":"status-publish","4":"has-post-thumbnail","6":"product_cat-holster-mt","7":"product_cat-holster-accessories-mt","8":"product_cat-sport-holster-mt","10":"first","11":"instock","12":"taxable","13":"shipping-taxable","14":"purchasable","15":"product-type-variable","16":"wvs-archive-product-wrapper"},"acf":[],"_links":{"self":[{"href":"https:\/\/staging.nbg.eu\/mt\/wp-json\/wp\/v2\/product\/31463","targetHints":{"allow":["GET"]}}],"collection":[{"href":"https:\/\/staging.nbg.eu\/mt\/wp-json\/wp\/v2\/product"}],"about":[{"href":"https:\/\/staging.nbg.eu\/mt\/wp-json\/wp\/v2\/types\/product"}],"wp:featuredmedia":[{"embeddable":true,"href":"https:\/\/staging.nbg.eu\/mt\/wp-json\/wp\/v2\/media\/29450"}],"wp:attachment":[{"href":"https:\/\/staging.nbg.eu\/mt\/wp-json\/wp\/v2\/media?parent=31463"}],"wp:term":[{"taxonomy":"product_brand","embeddable":true,"href":"https:\/\/staging.nbg.eu\/mt\/wp-json\/wp\/v2\/product_brand?post=31463"},{"taxonomy":"product_cat","embeddable":true,"href":"https:\/\/staging.nbg.eu\/mt\/wp-json\/wp\/v2\/product_cat?post=31463"},{"taxonomy":"product_tag","embeddable":true,"href":"https:\/\/staging.nbg.eu\/mt\/wp-json\/wp\/v2\/product_tag?post=31463"}],"curies":[{"name":"wp","href":"https:\/\/api.w.org\/{rel}","templated":true}]}}