{"id":31003,"date":"2024-08-18T19:55:34","date_gmt":"2024-08-24T13:23:56","guid":{"rendered":"https:\/\/staging.nbg.eu\/product\/product-3\/"},"modified":"2024-08-24T13:26:19","modified_gmt":"2024-08-24T13:26:19","slug":"protezzjoni-tas-smig-sordin-supreme-pro-x","status":"publish","type":"product","link":"https:\/\/staging.nbg.eu\/mt\/product\/protezzjoni-tas-smig-sordin-supreme-pro-x\/","title":{"rendered":"Protezzjoni tas-Smig\u0127 Sordin Supreme-Pro X"},"content":{"rendered":"<div class=\"product-description\">\n<h2>Protezzjoni tas-Smig\u0127 Sordin Supreme-Pro X<\/h2>\n<p>Esperjenza protezzjoni tas-smig\u0127 superjuri bis-Sordin Supreme-Pro X. Dawn il-kuffji avvanzati joffru:<\/p>\n<ul>\n<li>Kan\u010bellazzjoni attiva tal-\u0127sejjes g\u0127al sigurt\u00e0 ottimali<\/li>\n<li>Amplifikazzjoni tal-\u0127sejjes tal-ambjent g\u0127al g\u0127arfien tas-sitwazzjoni<\/li>\n<li>Disinn impermeabbli g\u0127all-u\u017cu f&#8217;kull temp<\/li>\n<li>Kumdit\u00e0 u qag\u0127da ergonomika g\u0127al u\u017cu fit-tul<\/li>\n<li>Profil irqiq g\u0127al integrazzjoni bla xkiel ma&#8217; tag\u0127mir ie\u0127or<\/li>\n<\/ul>\n<p>Perfett g\u0127all-isparar, il-ka\u010b\u010ba, jew applikazzjonijiet industrijali, is-Supreme-Pro X jipprovdi protezzjoni tas-smig\u0127 bla paragun ming\u0127ajr ma jikkomprometti l-komunikazzjoni jew l-g\u0127arfien tal-ambjent. Ipprote\u0121i s-smig\u0127 tieg\u0127ek bit-teknolo\u0121ija avvanzata ta&#8217; Sordin.<\/p>\n<\/div>\n","protected":false},"excerpt":{"rendered":"<p>Sordin Supreme-Pro X: Protezzjoni tal-widnejn ta&#8217; kwalit\u00e0 g\u0127olja b&#8217;awdjo \u010bar daqs il-kristall.<\/p>\n","protected":false},"featured_media":30278,"template":"","meta":{"_acf_changed":false},"product_brand":[],"product_cat":[939,565,496],"product_tag":[],"class_list":{"0":"post-31003","1":"product","2":"type-product","3":"status-publish","4":"has-post-thumbnail","6":"product_cat-ear-protection-mt","7":"product_cat-gear-mt","8":"product_cat-uncategorized-mt","10":"first","11":"instock","12":"taxable","13":"shipping-taxable","14":"purchasable","15":"product-type-variable","16":"wvs-archive-product-wrapper"},"acf":[],"_links":{"self":[{"href":"https:\/\/staging.nbg.eu\/mt\/wp-json\/wp\/v2\/product\/31003","targetHints":{"allow":["GET"]}}],"collection":[{"href":"https:\/\/staging.nbg.eu\/mt\/wp-json\/wp\/v2\/product"}],"about":[{"href":"https:\/\/staging.nbg.eu\/mt\/wp-json\/wp\/v2\/types\/product"}],"wp:featuredmedia":[{"embeddable":true,"href":"https:\/\/staging.nbg.eu\/mt\/wp-json\/wp\/v2\/media\/30278"}],"wp:attachment":[{"href":"https:\/\/staging.nbg.eu\/mt\/wp-json\/wp\/v2\/media?parent=31003"}],"wp:term":[{"taxonomy":"product_brand","embeddable":true,"href":"https:\/\/staging.nbg.eu\/mt\/wp-json\/wp\/v2\/product_brand?post=31003"},{"taxonomy":"product_cat","embeddable":true,"href":"https:\/\/staging.nbg.eu\/mt\/wp-json\/wp\/v2\/product_cat?post=31003"},{"taxonomy":"product_tag","embeddable":true,"href":"https:\/\/staging.nbg.eu\/mt\/wp-json\/wp\/v2\/product_tag?post=31003"}],"curies":[{"name":"wp","href":"https:\/\/api.w.org\/{rel}","templated":true}]}}